{"id":59488,"date":"2024-12-11T14:10:18","date_gmt":"2024-12-11T13:10:18","guid":{"rendered":"https:\/\/www.noshi.pl\/?page_id=59488"},"modified":"2025-01-26T21:08:53","modified_gmt":"2025-01-26T20:08:53","slug":"studenci","status":"publish","type":"page","link":"https:\/\/www.noshi.pl\/en\/students\/","title":{"rendered":"For Students"},"content":{"rendered":"<div data-elementor-type=\"wp-page\" data-elementor-id=\"59488\" class=\"elementor elementor-59488\" data-elementor-post-type=\"page\">\n\t\t\t\t\t\t<section class=\"wd-negative-gap elementor-section elementor-top-section elementor-element elementor-element-e654428 elementor-section-full_width elementor-section-stretched elementor-section-height-default elementor-section-height-default\" data-id=\"e654428\" data-element_type=\"section\" data-e-type=\"section\" data-settings=\"{&quot;stretch_section&quot;:&quot;section-stretched&quot;}\">\n\t\t\t\t\t\t<div class=\"elementor-container elementor-column-gap-default\">\n\t\t\t\t\t<div class=\"elementor-column elementor-col-100 elementor-top-column elementor-element elementor-element-4fb848a\" data-id=\"4fb848a\" data-element_type=\"column\" data-e-type=\"column\">\n\t\t\t<div class=\"elementor-widget-wrap elementor-element-populated\">\n\t\t\t\t\t\t<div class=\"elementor-element elementor-element-17556af elementor-widget elementor-widget-html\" data-id=\"17556af\" data-element_type=\"widget\" data-e-type=\"widget\" data-widget_type=\"html.default\">\n\t\t\t\t<div class=\"elementor-widget-container\">\n\t\t\t\t\t<iframe frameborder=\"0\" height=\"1024\" src=\"https:\/\/uniperks.pl\/unipass\/noshi\" width=\"100%\">\r\n<\/iframe>\t\t\t\t<\/div>\n\t\t\t\t<\/div>\n\t\t\t\t\t<\/div>\n\t\t<\/div>\n\t\t\t\t\t<\/div>\n\t\t<\/section>\n\t\t\t\t<section class=\"wd-negative-gap elementor-section elementor-top-section elementor-element elementor-element-08a501f elementor-section-full_width elementor-section-height-default elementor-section-height-default\" data-id=\"08a501f\" data-element_type=\"section\" data-e-type=\"section\">\n\t\t\t\t\t\t<div class=\"elementor-container elementor-column-gap-default\">\n\t\t\t\t\t<div class=\"elementor-column elementor-col-50 elementor-top-column elementor-element elementor-element-0e992eb\" data-id=\"0e992eb\" data-element_type=\"column\" data-e-type=\"column\">\n\t\t\t<div class=\"elementor-widget-wrap elementor-element-populated\">\n\t\t\t\t\t\t<div class=\"elementor-element elementor-element-d9e0b30 color-scheme-inherit text-left elementor-widget elementor-widget-text-editor\" data-id=\"d9e0b30\" data-element_type=\"widget\" data-e-type=\"widget\" data-widget_type=\"text-editor.default\">\n\t\t\t\t<div class=\"elementor-widget-container\">\n\t\t\t\t\t\t\t\t\t<h1>Medical clothing for students<\/h1>\n<p>Studying medicine is an intensive time of learning, practising and gaining experience. The right medical clothing is essential to meet the demands of everyday life during clinical classes and laboratories. That is why we have prepared a special offer <strong>medical clothing for medical students, combining top quality products with attractive prices<\/strong>.<\/p>\n\n<p>Choosing medical clothing is more than just deciding on colour or cut. During hours of practice and classes, comfort is key. <strong>The medical garments available on noshi.co.uk have been designed with the needs of students in mind<\/strong>:<\/p>\n<ul>\n \t<li >Flexible fabrics - adapts to movement for complete freedom,<\/li>\n \t<li >Breathable materials - ideal for long hours in clinic rooms,<\/li>\n \t<li >functional pockets - ideal for storing essentials such as a notebook or pen.<\/li>\n<\/ul>\n<h3>Professional image from day one<\/h3>\n<p>Building a professional image starts at the study stage. The medical clothing available from us includes a wide range of colours and cuts that allow you to combine functionality with aesthetics. The right uniform not only emphasises individual style, but also builds self-confidence during first contacts with patients.<\/p>\t\t\t\t\t\t\t\t<\/div>\n\t\t\t\t<\/div>\n\t\t\t\t\t<\/div>\n\t\t<\/div>\n\t\t\t\t<div class=\"elementor-column elementor-col-50 elementor-top-column elementor-element elementor-element-707236c\" data-id=\"707236c\" data-element_type=\"column\" data-e-type=\"column\">\n\t\t\t<div class=\"elementor-widget-wrap elementor-element-populated\">\n\t\t\t\t\t\t<div class=\"elementor-element elementor-element-bbb40d7 color-scheme-inherit text-left elementor-widget elementor-widget-text-editor\" data-id=\"bbb40d7\" data-element_type=\"widget\" data-e-type=\"widget\" data-widget_type=\"text-editor.default\">\n\t\t\t\t<div class=\"elementor-widget-container\">\n\t\t\t\t\t\t\t\t\t<h2>Discounts and promotions on medical clothing for students<\/h2>\n<p>Starting medical school is quite a financial challenge, which is why special discounts and promotions are available to students at Noshi. Offers include:<\/p>\n<ul>\n \t<li>permanent student discounts, making the purchase of quality clothing more affordable,<\/li>\n \t<li>seasonal promotions that allow you to save even more,<\/li>\n \t<li>free delivery on larger orders to make the whole purchasing process as convenient as possible.<\/li>\n<\/ul>\n<h3>Why choose noshi.co.uk?<\/h3>\n\n<p>Shopping on Noshi is not only <strong>access to top quality medical clothing for students<\/strong>but also full support during product selection. We guarantee an intuitive purchasing process, accurate product descriptions and assistance if you have any questions.<\/p>\n\n<p>Check out the range specially designed for students and stock up on clothing that will support you throughout your studies!<\/p>\t\t\t\t\t\t\t\t<\/div>\n\t\t\t\t<\/div>\n\t\t\t\t\t<\/div>\n\t\t<\/div>\n\t\t\t\t\t<\/div>\n\t\t<\/section>\n\t\t\t\t<\/div>","protected":false},"excerpt":{"rendered":"<p>Medical clothing for students Studying medicine is an intensive time of learning, practising and gaining experience. The right medical clothing is essential to<\/p>","protected":false},"author":1,"featured_media":0,"parent":0,"menu_order":0,"comment_status":"closed","ping_status":"closed","template":"","meta":{"footnotes":""},"folder":[],"class_list":["post-59488","page","type-page","status-publish","hentry"],"yoast_head":"<!-- This site is optimized with the Yoast SEO Premium plugin v23.1 (Yoast SEO v27.3) - https:\/\/yoast.com\/product\/yoast-seo-premium-wordpress\/ -->\n<title>Odzie\u017c Medyczna - Zni\u017cki dla Student\u00f3w<\/title>\n<meta name=\"robots\" content=\"index, follow, max-snippet:-1, max-image-preview:large, max-video-preview:-1\" \/>\n<link rel=\"canonical\" href=\"https:\/\/www.noshi.pl\/en\/students\/\" \/>\n<meta property=\"og:locale\" content=\"en_GB\" \/>\n<meta property=\"og:type\" content=\"article\" \/>\n<meta property=\"og:title\" content=\"Dla Student\u00f3w\" \/>\n<meta property=\"og:description\" content=\"Odzie\u017c medyczna dla student\u00f3w Studia medyczne to intensywny czas nauki, praktyk i zdobywania do\u015bwiadczenia. Odpowiednia odzie\u017c medyczna jest niezb\u0119dna, by\" \/>\n<meta property=\"og:url\" content=\"https:\/\/www.noshi.pl\/en\/students\/\" \/>\n<meta property=\"og:site_name\" content=\"Noshi - Odzie\u017c Medyczna\" \/>\n<meta property=\"article:publisher\" content=\"https:\/\/www.facebook.com\/NoshiPL\" \/>\n<meta property=\"article:modified_time\" content=\"2025-01-26T20:08:53+00:00\" \/>\n<meta name=\"twitter:card\" content=\"summary_large_image\" \/>\n<meta name=\"twitter:label1\" content=\"Estimated reading time\" \/>\n\t<meta name=\"twitter:data1\" content=\"2 minutes\" \/>\n<script type=\"application\/ld+json\" class=\"yoast-schema-graph\">{\"@context\":\"https:\\\/\\\/schema.org\",\"@graph\":[{\"@type\":\"WebPage\",\"@id\":\"https:\\\/\\\/www.noshi.pl\\\/studenci\\\/\",\"url\":\"https:\\\/\\\/www.noshi.pl\\\/studenci\\\/\",\"name\":\"Odzie\u017c Medyczna - Zni\u017cki dla Student\u00f3w\",\"isPartOf\":{\"@id\":\"https:\\\/\\\/www.noshi.pl\\\/#website\"},\"datePublished\":\"2024-12-11T13:10:18+00:00\",\"dateModified\":\"2025-01-26T20:08:53+00:00\",\"breadcrumb\":{\"@id\":\"https:\\\/\\\/www.noshi.pl\\\/studenci\\\/#breadcrumb\"},\"inLanguage\":\"en-GB\",\"potentialAction\":[{\"@type\":\"ReadAction\",\"target\":[\"https:\\\/\\\/www.noshi.pl\\\/studenci\\\/\"]}]},{\"@type\":\"BreadcrumbList\",\"@id\":\"https:\\\/\\\/www.noshi.pl\\\/studenci\\\/#breadcrumb\",\"itemListElement\":[{\"@type\":\"ListItem\",\"position\":1,\"name\":\"Strona g\u0142\u00f3wna\",\"item\":\"https:\\\/\\\/www.noshi.pl\\\/\"},{\"@type\":\"ListItem\",\"position\":2,\"name\":\"Dla Student\u00f3w\"}]},{\"@type\":\"WebSite\",\"@id\":\"https:\\\/\\\/www.noshi.pl\\\/#website\",\"url\":\"https:\\\/\\\/www.noshi.pl\\\/\",\"name\":\"Noshi - Odzie\u017c Medyczna\",\"description\":\"\",\"publisher\":{\"@id\":\"https:\\\/\\\/www.noshi.pl\\\/#organization\"},\"potentialAction\":[{\"@type\":\"SearchAction\",\"target\":{\"@type\":\"EntryPoint\",\"urlTemplate\":\"https:\\\/\\\/www.noshi.pl\\\/?s={search_term_string}\"},\"query-input\":{\"@type\":\"PropertyValueSpecification\",\"valueRequired\":true,\"valueName\":\"search_term_string\"}}],\"inLanguage\":\"en-GB\"},{\"@type\":\"Organization\",\"@id\":\"https:\\\/\\\/www.noshi.pl\\\/#organization\",\"name\":\"NOSHI\",\"url\":\"https:\\\/\\\/www.noshi.pl\\\/\",\"logo\":{\"@type\":\"ImageObject\",\"inLanguage\":\"en-GB\",\"@id\":\"https:\\\/\\\/www.noshi.pl\\\/#\\\/schema\\\/logo\\\/image\\\/\",\"url\":\"https:\\\/\\\/www.noshi.pl\\\/wp-content\\\/uploads\\\/2021\\\/04\\\/plus-symbol-in-a-rounded-black-square-1.png\",\"contentUrl\":\"https:\\\/\\\/www.noshi.pl\\\/wp-content\\\/uploads\\\/2021\\\/04\\\/plus-symbol-in-a-rounded-black-square-1.png\",\"width\":512,\"height\":512,\"caption\":\"NOSHI\"},\"image\":{\"@id\":\"https:\\\/\\\/www.noshi.pl\\\/#\\\/schema\\\/logo\\\/image\\\/\"},\"sameAs\":[\"https:\\\/\\\/www.facebook.com\\\/NoshiPL\"]}]}<\/script>\n<!-- \/ Yoast SEO Premium plugin. -->","yoast_head_json":{"title":"Medical Clothing - Student Discounts","robots":{"index":"index","follow":"follow","max-snippet":"max-snippet:-1","max-image-preview":"max-image-preview:large","max-video-preview":"max-video-preview:-1"},"canonical":"https:\/\/www.noshi.pl\/en\/students\/","og_locale":"en_GB","og_type":"article","og_title":"Dla Student\u00f3w","og_description":"Odzie\u017c medyczna dla student\u00f3w Studia medyczne to intensywny czas nauki, praktyk i zdobywania do\u015bwiadczenia. Odpowiednia odzie\u017c medyczna jest niezb\u0119dna, by","og_url":"https:\/\/www.noshi.pl\/en\/students\/","og_site_name":"Noshi - Odzie\u017c Medyczna","article_publisher":"https:\/\/www.facebook.com\/NoshiPL","article_modified_time":"2025-01-26T20:08:53+00:00","twitter_card":"summary_large_image","twitter_misc":{"Estimated reading time":"2 minutes"},"schema":{"@context":"https:\/\/schema.org","@graph":[{"@type":"WebPage","@id":"https:\/\/www.noshi.pl\/studenci\/","url":"https:\/\/www.noshi.pl\/studenci\/","name":"Medical Clothing - Student Discounts","isPartOf":{"@id":"https:\/\/www.noshi.pl\/#website"},"datePublished":"2024-12-11T13:10:18+00:00","dateModified":"2025-01-26T20:08:53+00:00","breadcrumb":{"@id":"https:\/\/www.noshi.pl\/studenci\/#breadcrumb"},"inLanguage":"en-GB","potentialAction":[{"@type":"ReadAction","target":["https:\/\/www.noshi.pl\/studenci\/"]}]},{"@type":"BreadcrumbList","@id":"https:\/\/www.noshi.pl\/studenci\/#breadcrumb","itemListElement":[{"@type":"ListItem","position":1,"name":"Strona g\u0142\u00f3wna","item":"https:\/\/www.noshi.pl\/"},{"@type":"ListItem","position":2,"name":"Dla Student\u00f3w"}]},{"@type":"WebSite","@id":"https:\/\/www.noshi.pl\/#website","url":"https:\/\/www.noshi.pl\/","name":"Noshi - Medical clothing","description":"","publisher":{"@id":"https:\/\/www.noshi.pl\/#organization"},"potentialAction":[{"@type":"SearchAction","target":{"@type":"EntryPoint","urlTemplate":"https:\/\/www.noshi.pl\/?s={search_term_string}"},"query-input":{"@type":"PropertyValueSpecification","valueRequired":true,"valueName":"search_term_string"}}],"inLanguage":"en-GB"},{"@type":"Organization","@id":"https:\/\/www.noshi.pl\/#organization","name":"NOSHI","url":"https:\/\/www.noshi.pl\/","logo":{"@type":"ImageObject","inLanguage":"en-GB","@id":"https:\/\/www.noshi.pl\/#\/schema\/logo\/image\/","url":"https:\/\/www.noshi.pl\/wp-content\/uploads\/2021\/04\/plus-symbol-in-a-rounded-black-square-1.png","contentUrl":"https:\/\/www.noshi.pl\/wp-content\/uploads\/2021\/04\/plus-symbol-in-a-rounded-black-square-1.png","width":512,"height":512,"caption":"NOSHI"},"image":{"@id":"https:\/\/www.noshi.pl\/#\/schema\/logo\/image\/"},"sameAs":["https:\/\/www.facebook.com\/NoshiPL"]}]}},"_links":{"self":[{"href":"https:\/\/www.noshi.pl\/en\/wp-json\/wp\/v2\/pages\/59488","targetHints":{"allow":["GET"]}}],"collection":[{"href":"https:\/\/www.noshi.pl\/en\/wp-json\/wp\/v2\/pages"}],"about":[{"href":"https:\/\/www.noshi.pl\/en\/wp-json\/wp\/v2\/types\/page"}],"author":[{"embeddable":true,"href":"https:\/\/www.noshi.pl\/en\/wp-json\/wp\/v2\/users\/1"}],"replies":[{"embeddable":true,"href":"https:\/\/www.noshi.pl\/en\/wp-json\/wp\/v2\/comments?post=59488"}],"version-history":[{"count":26,"href":"https:\/\/www.noshi.pl\/en\/wp-json\/wp\/v2\/pages\/59488\/revisions"}],"predecessor-version":[{"id":60461,"href":"https:\/\/www.noshi.pl\/en\/wp-json\/wp\/v2\/pages\/59488\/revisions\/60461"}],"wp:attachment":[{"href":"https:\/\/www.noshi.pl\/en\/wp-json\/wp\/v2\/media?parent=59488"}],"wp:term":[{"taxonomy":"folder","embeddable":true,"href":"https:\/\/www.noshi.pl\/en\/wp-json\/wp\/v2\/folder?post=59488"}],"curies":[{"name":"wp","href":"https:\/\/api.w.org\/{rel}","templated":true}]}}