{"id":898,"date":"2022-01-14T20:22:32","date_gmt":"2022-01-14T19:22:32","guid":{"rendered":"https:\/\/www.noshi.pl\/?page_id=898"},"modified":"2023-04-11T17:08:29","modified_gmt":"2023-04-11T15:08:29","slug":"tabela-rozmiarow","status":"publish","type":"page","link":"https:\/\/www.noshi.pl\/en\/size-chart\/","title":{"rendered":"Size chart"},"content":{"rendered":"<div class=\"wp-block-columns is-layout-flex wp-container-core-columns-is-layout-9d6595d7 wp-block-columns-is-layout-flex\">\n<div class=\"wp-block-column is-layout-flow wp-block-column-is-layout-flow\" style=\"flex-basis:100%\">\n<div class=\"wp-block-columns is-layout-flex wp-container-core-columns-is-layout-9d6595d7 wp-block-columns-is-layout-flex\">\n<div class=\"wp-block-column is-layout-flow wp-block-column-is-layout-flow\" style=\"flex-basis:100%\"><\/div>\n<\/div>\n<\/div>\n<\/div>\n\n\n\n<h2 class=\"wp-block-heading has-large-font-size\"><strong>Ladies' sweatshirt<\/strong><\/h2>\n\n\n\n<figure class=\"wp-block-table is-style-regular\"><table class=\"has-background has-fixed-layout\" style=\"background-color:#f3f4f5\"><thead><tr><th class=\"has-text-align-center\" data-align=\"center\"><strong>Size<\/strong><\/th><th class=\"has-text-align-center\" data-align=\"center\"><strong>xs<\/strong><\/th><th class=\"has-text-align-center\" data-align=\"center\"><strong>s<\/strong><\/th><th class=\"has-text-align-center\" data-align=\"center\"><strong>m<\/strong><\/th><th class=\"has-text-align-center\" data-align=\"center\"><strong>l<\/strong><\/th><th class=\"has-text-align-center\" data-align=\"center\"><strong>xl<\/strong><\/th><\/tr><\/thead><tbody><tr><td class=\"has-text-align-center\" data-align=\"center\"><strong>Overall length<\/strong><\/td><td class=\"has-text-align-center\" data-align=\"center\">63<\/td><td class=\"has-text-align-center\" data-align=\"center\">65<\/td><td class=\"has-text-align-center\" data-align=\"center\">65<\/td><td class=\"has-text-align-center\" data-align=\"center\">66<\/td><td class=\"has-text-align-center\" data-align=\"center\">67<\/td><\/tr><tr><td class=\"has-text-align-center\" data-align=\"center\"><strong>Bust circumference<\/strong><\/td><td class=\"has-text-align-center\" data-align=\"center\">92<\/td><td class=\"has-text-align-center\" data-align=\"center\">96<\/td><td class=\"has-text-align-center\" data-align=\"center\">100<\/td><td class=\"has-text-align-center\" data-align=\"center\">104<\/td><td class=\"has-text-align-center\" data-align=\"center\">107<\/td><\/tr><tr><td class=\"has-text-align-center\" data-align=\"center\"><strong>Blouse hem<\/strong><\/td><td class=\"has-text-align-center\" data-align=\"center\">99<\/td><td class=\"has-text-align-center\" data-align=\"center\">103<\/td><td class=\"has-text-align-center\" data-align=\"center\">107<\/td><td class=\"has-text-align-center\" data-align=\"center\">112<\/td><td class=\"has-text-align-center\" data-align=\"center\">114<\/td><\/tr><\/tbody><\/table><\/figure>\n\n\n\n<h2 class=\"wp-block-heading has-large-font-size\"><strong>Women's trousers<\/strong><\/h2>\n\n\n\n<figure class=\"wp-block-table\"><table class=\"has-background has-fixed-layout\" style=\"background-color:#f3f4f5\"><thead><tr><th class=\"has-text-align-center\" data-align=\"center\"><strong>Size<\/strong><\/th><th class=\"has-text-align-center\" data-align=\"center\"><strong>xs<\/strong><\/th><th class=\"has-text-align-center\" data-align=\"center\"><strong>s<\/strong><\/th><th class=\"has-text-align-center\" data-align=\"center\"><strong>m<\/strong><\/th><th class=\"has-text-align-center\" data-align=\"center\"><strong>l<\/strong><\/th><th class=\"has-text-align-center\" data-align=\"center\"><strong>xl<\/strong><\/th><\/tr><\/thead><tbody><tr><td class=\"has-text-align-center\" data-align=\"center\"><strong>Overall length<\/strong><\/td><td class=\"has-text-align-center\" data-align=\"center\">96<\/td><td class=\"has-text-align-center\" data-align=\"center\">97<\/td><td class=\"has-text-align-center\" data-align=\"center\">97<\/td><td class=\"has-text-align-center\" data-align=\"center\">98<\/td><td class=\"has-text-align-center\" data-align=\"center\">99<\/td><\/tr><tr><td class=\"has-text-align-center\" data-align=\"center\"><strong>Inner leg length<\/strong><\/td><td class=\"has-text-align-center\" data-align=\"center\">72<\/td><td class=\"has-text-align-center\" data-align=\"center\">72<\/td><td class=\"has-text-align-center\" data-align=\"center\">72<\/td><td class=\"has-text-align-center\" data-align=\"center\">73<\/td><td class=\"has-text-align-center\" data-align=\"center\">73<\/td><\/tr><tr><td class=\"has-text-align-center\" data-align=\"center\"><strong>Hip circumference<\/strong><\/td><td class=\"has-text-align-center\" data-align=\"center\">92<\/td><td class=\"has-text-align-center\" data-align=\"center\">96<\/td><td class=\"has-text-align-center\" data-align=\"center\">100<\/td><td class=\"has-text-align-center\" data-align=\"center\">104<\/td><td class=\"has-text-align-center\" data-align=\"center\">108<\/td><\/tr><\/tbody><\/table><\/figure>\n\n\n\n<h2 class=\"wp-block-heading has-large-font-size\"><strong>Men's sweatshirt<\/strong><\/h2>\n\n\n\n<figure class=\"wp-block-table\"><table class=\"has-background has-fixed-layout\" style=\"background-color:#f3f4f5\"><thead><tr><th class=\"has-text-align-center\" data-align=\"center\"><strong>Size<\/strong><\/th><th class=\"has-text-align-center\" data-align=\"center\"><strong>s<\/strong><\/th><th class=\"has-text-align-center\" data-align=\"center\"><strong>m<\/strong><\/th><th class=\"has-text-align-center\" data-align=\"center\"><strong>l<\/strong><\/th><th class=\"has-text-align-center\" data-align=\"center\"><strong>xl<\/strong><\/th><\/tr><\/thead><tbody><tr><td class=\"has-text-align-center\" data-align=\"center\"><strong>Overall length<\/strong><\/td><td class=\"has-text-align-center\" data-align=\"center\">74<\/td><td class=\"has-text-align-center\" data-align=\"center\">75<\/td><td class=\"has-text-align-center\" data-align=\"center\">76<\/td><td class=\"has-text-align-center\" data-align=\"center\">77<\/td><\/tr><tr><td class=\"has-text-align-center\" data-align=\"center\"><strong>Shoulder width<\/strong><\/td><td class=\"has-text-align-center\" data-align=\"center\">43<\/td><td class=\"has-text-align-center\" data-align=\"center\">44<\/td><td class=\"has-text-align-center\" data-align=\"center\">45<\/td><td class=\"has-text-align-center\" data-align=\"center\">46<\/td><\/tr><tr><td class=\"has-text-align-center\" data-align=\"center\"><strong>Blouse hem<\/strong><\/td><td class=\"has-text-align-center\" data-align=\"center\">110<\/td><td class=\"has-text-align-center\" data-align=\"center\">114<\/td><td class=\"has-text-align-center\" data-align=\"center\">118<\/td><td class=\"has-text-align-center\" data-align=\"center\">122<\/td><\/tr><\/tbody><\/table><\/figure>\n\n\n\n<h2 class=\"wp-block-heading has-large-font-size\"><strong>Men's trousers<\/strong><\/h2>\n\n\n\n<figure class=\"wp-block-table\"><table class=\"has-background has-fixed-layout\" style=\"background-color:#f3f4f5\"><thead><tr><th class=\"has-text-align-center\" data-align=\"center\"><strong>Size<\/strong><\/th><th class=\"has-text-align-center\" data-align=\"center\"><strong>s<\/strong><\/th><th class=\"has-text-align-center\" data-align=\"center\"><strong>m<\/strong><\/th><th class=\"has-text-align-center\" data-align=\"center\"><strong>l<\/strong><\/th><th class=\"has-text-align-center\" data-align=\"center\"><strong>xl<\/strong><\/th><\/tr><\/thead><tbody><tr><td class=\"has-text-align-center\" data-align=\"center\"><strong>Overall length<\/strong><\/td><td class=\"has-text-align-center\" data-align=\"center\">100<\/td><td class=\"has-text-align-center\" data-align=\"center\">102<\/td><td class=\"has-text-align-center\" data-align=\"center\">104<\/td><td class=\"has-text-align-center\" data-align=\"center\">106<\/td><\/tr><tr><td class=\"has-text-align-center\" data-align=\"center\"><strong>Inner leg length<\/strong><\/td><td class=\"has-text-align-center\" data-align=\"center\">73<\/td><td class=\"has-text-align-center\" data-align=\"center\">74<\/td><td class=\"has-text-align-center\" data-align=\"center\">76<\/td><td class=\"has-text-align-center\" data-align=\"center\">78<\/td><\/tr><tr><td class=\"has-text-align-center\" data-align=\"center\"><strong>Hip circumference<\/strong><\/td><td class=\"has-text-align-center\" data-align=\"center\">96<\/td><td class=\"has-text-align-center\" data-align=\"center\">100<\/td><td class=\"has-text-align-center\" data-align=\"center\">104<\/td><td class=\"has-text-align-center\" data-align=\"center\">108<\/td><\/tr><\/tbody><\/table><\/figure>\n\n\n\n<h2 class=\"wp-block-heading has-large-font-size\"><strong>Ladies' fleece hoodie<\/strong><\/h2>\n\n\n\n<figure class=\"wp-block-table\"><table class=\"has-background has-fixed-layout\" style=\"background-color:#f3f4f5\"><thead><tr><th class=\"has-text-align-center\" data-align=\"center\"><strong>Size<\/strong><\/th><th class=\"has-text-align-center\" data-align=\"center\"><strong>s<\/strong><\/th><th class=\"has-text-align-center\" data-align=\"center\"><strong>m<\/strong><\/th><th class=\"has-text-align-center\" data-align=\"center\"><strong>l<\/strong><\/th><th class=\"has-text-align-center\" data-align=\"center\"><strong>xl<\/strong><\/th><\/tr><\/thead><tbody><tr><td class=\"has-text-align-center\" data-align=\"center\"><strong>Overall length<\/strong><\/td><td class=\"has-text-align-center\" data-align=\"center\">66<\/td><td class=\"has-text-align-center\" data-align=\"center\">67<\/td><td class=\"has-text-align-center\" data-align=\"center\">68<\/td><td class=\"has-text-align-center\" data-align=\"center\">69<\/td><\/tr><tr><td class=\"has-text-align-center\" data-align=\"center\"><strong>Sleeve length<\/strong><\/td><td class=\"has-text-align-center\" data-align=\"center\">60<\/td><td class=\"has-text-align-center\" data-align=\"center\">61<\/td><td class=\"has-text-align-center\" data-align=\"center\">62<\/td><td class=\"has-text-align-center\" data-align=\"center\">63<\/td><\/tr><tr><td class=\"has-text-align-center\" data-align=\"center\"><strong>Bust circumference<\/strong><\/td><td class=\"has-text-align-center\" data-align=\"center\">98<\/td><td class=\"has-text-align-center\" data-align=\"center\">102<\/td><td class=\"has-text-align-center\" data-align=\"center\">106<\/td><td class=\"has-text-align-center\" data-align=\"center\">110<\/td><\/tr><tr><td class=\"has-text-align-center\" data-align=\"center\"> <strong>Blouse hem<\/strong> <\/td><td class=\"has-text-align-center\" data-align=\"center\">102<\/td><td class=\"has-text-align-center\" data-align=\"center\">106<\/td><td class=\"has-text-align-center\" data-align=\"center\">110<\/td><td class=\"has-text-align-center\" data-align=\"center\">114<\/td><\/tr><\/tbody><\/table><\/figure>\n\n\n\n<h2 class=\"wp-block-heading has-large-font-size\"><strong>Men's fleece hoodie<\/strong><\/h2>\n\n\n\n<figure class=\"wp-block-table\"><table class=\"has-background has-fixed-layout\" style=\"background-color:#f3f4f5\"><thead><tr><th class=\"has-text-align-center\" data-align=\"center\"><strong>Size<\/strong><\/th><th class=\"has-text-align-center\" data-align=\"center\"><strong>s<\/strong><\/th><th class=\"has-text-align-center\" data-align=\"center\"><strong>m<\/strong><\/th><th class=\"has-text-align-center\" data-align=\"center\"><strong>l<\/strong><\/th><th class=\"has-text-align-center\" data-align=\"center\"><strong>xl<\/strong><\/th><\/tr><\/thead><tbody><tr><td class=\"has-text-align-center\" data-align=\"center\"><strong>Overall length<\/strong><\/td><td class=\"has-text-align-center\" data-align=\"center\">74<\/td><td class=\"has-text-align-center\" data-align=\"center\">75<\/td><td class=\"has-text-align-center\" data-align=\"center\">76<\/td><td class=\"has-text-align-center\" data-align=\"center\">77<\/td><\/tr><tr><td class=\"has-text-align-center\" data-align=\"center\"><strong>Sleeve length<\/strong><\/td><td class=\"has-text-align-center\" data-align=\"center\">68<\/td><td class=\"has-text-align-center\" data-align=\"center\">69<\/td><td class=\"has-text-align-center\" data-align=\"center\">70<\/td><td class=\"has-text-align-center\" data-align=\"center\">71<\/td><\/tr><tr><td class=\"has-text-align-center\" data-align=\"center\"><strong>Shoulder width<\/strong><\/td><td class=\"has-text-align-center\" data-align=\"center\">46<\/td><td class=\"has-text-align-center\" data-align=\"center\">47<\/td><td class=\"has-text-align-center\" data-align=\"center\">48<\/td><td class=\"has-text-align-center\" data-align=\"center\">49<\/td><\/tr><tr><td class=\"has-text-align-center\" data-align=\"center\"> <strong>Blouse hem<\/strong> <\/td><td class=\"has-text-align-center\" data-align=\"center\">108<\/td><td class=\"has-text-align-center\" data-align=\"center\">112<\/td><td class=\"has-text-align-center\" data-align=\"center\">116<\/td><td class=\"has-text-align-center\" data-align=\"center\">120<\/td><\/tr><\/tbody><\/table><\/figure>\n\n\n\n<p>Dimensions may vary by +\/- 2cm from those shown in the table <\/p>","protected":false},"excerpt":{"rendered":"<p>Blouse for women Size xs s m l xl Overall length 63 65 65 66 67 Bust circumference 92 96 100<\/p>","protected":false},"author":1,"featured_media":0,"parent":0,"menu_order":0,"comment_status":"closed","ping_status":"closed","template":"","meta":{"footnotes":""},"folder":[],"class_list":["post-898","page","type-page","status-publish","hentry"],"yoast_head":"<!-- This site is optimized with the Yoast SEO Premium plugin v23.1 (Yoast SEO v27.3) - https:\/\/yoast.com\/product\/yoast-seo-premium-wordpress\/ -->\n<title>Tabela Rozmiar\u00f3w | Noshi - Odzie\u017c Medyczna<\/title>\n<meta name=\"robots\" content=\"index, follow, max-snippet:-1, max-image-preview:large, max-video-preview:-1\" \/>\n<link rel=\"canonical\" href=\"https:\/\/www.noshi.pl\/en\/size-chart\/\" \/>\n<meta property=\"og:locale\" content=\"en_GB\" \/>\n<meta property=\"og:type\" content=\"article\" \/>\n<meta property=\"og:title\" content=\"Tabela Rozmiar\u00f3w\" \/>\n<meta property=\"og:description\" content=\"Bluza damska Rozmiar xs s m l xl D\u0142ugo\u015b\u0107 ca\u0142kowita 63 65 65 66 67 Obw\u00f3d biustu 92 96 100\" \/>\n<meta property=\"og:url\" content=\"https:\/\/www.noshi.pl\/en\/size-chart\/\" \/>\n<meta property=\"og:site_name\" content=\"Noshi - Odzie\u017c Medyczna\" \/>\n<meta property=\"article:publisher\" content=\"https:\/\/www.facebook.com\/NoshiPL\" \/>\n<meta property=\"article:modified_time\" content=\"2023-04-11T15:08:29+00:00\" \/>\n<meta name=\"twitter:card\" content=\"summary_large_image\" \/>\n<meta name=\"twitter:label1\" content=\"Estimated reading time\" \/>\n\t<meta name=\"twitter:data1\" content=\"1 minute\" \/>\n<script type=\"application\/ld+json\" class=\"yoast-schema-graph\">{\"@context\":\"https:\\\/\\\/schema.org\",\"@graph\":[{\"@type\":\"WebPage\",\"@id\":\"https:\\\/\\\/www.noshi.pl\\\/tabela-rozmiarow\\\/\",\"url\":\"https:\\\/\\\/www.noshi.pl\\\/tabela-rozmiarow\\\/\",\"name\":\"Tabela Rozmiar\u00f3w | Noshi - Odzie\u017c Medyczna\",\"isPartOf\":{\"@id\":\"https:\\\/\\\/www.noshi.pl\\\/#website\"},\"datePublished\":\"2022-01-14T19:22:32+00:00\",\"dateModified\":\"2023-04-11T15:08:29+00:00\",\"breadcrumb\":{\"@id\":\"https:\\\/\\\/www.noshi.pl\\\/tabela-rozmiarow\\\/#breadcrumb\"},\"inLanguage\":\"en-GB\",\"potentialAction\":[{\"@type\":\"ReadAction\",\"target\":[\"https:\\\/\\\/www.noshi.pl\\\/tabela-rozmiarow\\\/\"]}]},{\"@type\":\"BreadcrumbList\",\"@id\":\"https:\\\/\\\/www.noshi.pl\\\/tabela-rozmiarow\\\/#breadcrumb\",\"itemListElement\":[{\"@type\":\"ListItem\",\"position\":1,\"name\":\"Strona g\u0142\u00f3wna\",\"item\":\"https:\\\/\\\/www.noshi.pl\\\/\"},{\"@type\":\"ListItem\",\"position\":2,\"name\":\"Tabela Rozmiar\u00f3w\"}]},{\"@type\":\"WebSite\",\"@id\":\"https:\\\/\\\/www.noshi.pl\\\/#website\",\"url\":\"https:\\\/\\\/www.noshi.pl\\\/\",\"name\":\"Noshi - Odzie\u017c Medyczna\",\"description\":\"\",\"publisher\":{\"@id\":\"https:\\\/\\\/www.noshi.pl\\\/#organization\"},\"potentialAction\":[{\"@type\":\"SearchAction\",\"target\":{\"@type\":\"EntryPoint\",\"urlTemplate\":\"https:\\\/\\\/www.noshi.pl\\\/?s={search_term_string}\"},\"query-input\":{\"@type\":\"PropertyValueSpecification\",\"valueRequired\":true,\"valueName\":\"search_term_string\"}}],\"inLanguage\":\"en-GB\"},{\"@type\":\"Organization\",\"@id\":\"https:\\\/\\\/www.noshi.pl\\\/#organization\",\"name\":\"NOSHI\",\"url\":\"https:\\\/\\\/www.noshi.pl\\\/\",\"logo\":{\"@type\":\"ImageObject\",\"inLanguage\":\"en-GB\",\"@id\":\"https:\\\/\\\/www.noshi.pl\\\/#\\\/schema\\\/logo\\\/image\\\/\",\"url\":\"https:\\\/\\\/www.noshi.pl\\\/wp-content\\\/uploads\\\/2021\\\/04\\\/plus-symbol-in-a-rounded-black-square-1.png\",\"contentUrl\":\"https:\\\/\\\/www.noshi.pl\\\/wp-content\\\/uploads\\\/2021\\\/04\\\/plus-symbol-in-a-rounded-black-square-1.png\",\"width\":512,\"height\":512,\"caption\":\"NOSHI\"},\"image\":{\"@id\":\"https:\\\/\\\/www.noshi.pl\\\/#\\\/schema\\\/logo\\\/image\\\/\"},\"sameAs\":[\"https:\\\/\\\/www.facebook.com\\\/NoshiPL\"]}]}<\/script>\n<!-- \/ Yoast SEO Premium plugin. -->","yoast_head_json":{"title":"Size chart | Noshi - Medical clothing","robots":{"index":"index","follow":"follow","max-snippet":"max-snippet:-1","max-image-preview":"max-image-preview:large","max-video-preview":"max-video-preview:-1"},"canonical":"https:\/\/www.noshi.pl\/en\/size-chart\/","og_locale":"en_GB","og_type":"article","og_title":"Tabela Rozmiar\u00f3w","og_description":"Bluza damska Rozmiar xs s m l xl D\u0142ugo\u015b\u0107 ca\u0142kowita 63 65 65 66 67 Obw\u00f3d biustu 92 96 100","og_url":"https:\/\/www.noshi.pl\/en\/size-chart\/","og_site_name":"Noshi - Odzie\u017c Medyczna","article_publisher":"https:\/\/www.facebook.com\/NoshiPL","article_modified_time":"2023-04-11T15:08:29+00:00","twitter_card":"summary_large_image","twitter_misc":{"Estimated reading time":"1 minute"},"schema":{"@context":"https:\/\/schema.org","@graph":[{"@type":"WebPage","@id":"https:\/\/www.noshi.pl\/tabela-rozmiarow\/","url":"https:\/\/www.noshi.pl\/tabela-rozmiarow\/","name":"Size chart | Noshi - Medical clothing","isPartOf":{"@id":"https:\/\/www.noshi.pl\/#website"},"datePublished":"2022-01-14T19:22:32+00:00","dateModified":"2023-04-11T15:08:29+00:00","breadcrumb":{"@id":"https:\/\/www.noshi.pl\/tabela-rozmiarow\/#breadcrumb"},"inLanguage":"en-GB","potentialAction":[{"@type":"ReadAction","target":["https:\/\/www.noshi.pl\/tabela-rozmiarow\/"]}]},{"@type":"BreadcrumbList","@id":"https:\/\/www.noshi.pl\/tabela-rozmiarow\/#breadcrumb","itemListElement":[{"@type":"ListItem","position":1,"name":"Strona g\u0142\u00f3wna","item":"https:\/\/www.noshi.pl\/"},{"@type":"ListItem","position":2,"name":"Tabela Rozmiar\u00f3w"}]},{"@type":"WebSite","@id":"https:\/\/www.noshi.pl\/#website","url":"https:\/\/www.noshi.pl\/","name":"Noshi - Medical clothing","description":"","publisher":{"@id":"https:\/\/www.noshi.pl\/#organization"},"potentialAction":[{"@type":"SearchAction","target":{"@type":"EntryPoint","urlTemplate":"https:\/\/www.noshi.pl\/?s={search_term_string}"},"query-input":{"@type":"PropertyValueSpecification","valueRequired":true,"valueName":"search_term_string"}}],"inLanguage":"en-GB"},{"@type":"Organization","@id":"https:\/\/www.noshi.pl\/#organization","name":"NOSHI","url":"https:\/\/www.noshi.pl\/","logo":{"@type":"ImageObject","inLanguage":"en-GB","@id":"https:\/\/www.noshi.pl\/#\/schema\/logo\/image\/","url":"https:\/\/www.noshi.pl\/wp-content\/uploads\/2021\/04\/plus-symbol-in-a-rounded-black-square-1.png","contentUrl":"https:\/\/www.noshi.pl\/wp-content\/uploads\/2021\/04\/plus-symbol-in-a-rounded-black-square-1.png","width":512,"height":512,"caption":"NOSHI"},"image":{"@id":"https:\/\/www.noshi.pl\/#\/schema\/logo\/image\/"},"sameAs":["https:\/\/www.facebook.com\/NoshiPL"]}]}},"_links":{"self":[{"href":"https:\/\/www.noshi.pl\/en\/wp-json\/wp\/v2\/pages\/898","targetHints":{"allow":["GET"]}}],"collection":[{"href":"https:\/\/www.noshi.pl\/en\/wp-json\/wp\/v2\/pages"}],"about":[{"href":"https:\/\/www.noshi.pl\/en\/wp-json\/wp\/v2\/types\/page"}],"author":[{"embeddable":true,"href":"https:\/\/www.noshi.pl\/en\/wp-json\/wp\/v2\/users\/1"}],"replies":[{"embeddable":true,"href":"https:\/\/www.noshi.pl\/en\/wp-json\/wp\/v2\/comments?post=898"}],"version-history":[{"count":19,"href":"https:\/\/www.noshi.pl\/en\/wp-json\/wp\/v2\/pages\/898\/revisions"}],"predecessor-version":[{"id":33591,"href":"https:\/\/www.noshi.pl\/en\/wp-json\/wp\/v2\/pages\/898\/revisions\/33591"}],"wp:attachment":[{"href":"https:\/\/www.noshi.pl\/en\/wp-json\/wp\/v2\/media?parent=898"}],"wp:term":[{"taxonomy":"folder","embeddable":true,"href":"https:\/\/www.noshi.pl\/en\/wp-json\/wp\/v2\/folder?post=898"}],"curies":[{"name":"wp","href":"https:\/\/api.w.org\/{rel}","templated":true}]}}