{"id":36057,"date":"2023-08-08T10:00:36","date_gmt":"2023-08-08T08:00:36","guid":{"rendered":"https:\/\/www.noshi.pl\/?post_type=product&#038;p=36057"},"modified":"2026-03-25T10:55:27","modified_gmt":"2026-03-25T09:55:27","slug":"spodnie-medyczne-joggery-damskie-olive","status":"publish","type":"product","link":"https:\/\/www.noshi.pl\/en\/product\/ladies-medical-joggers-trousers-olive-2\/","title":{"rendered":"Medical trousers JOGGERY Women's - OLIVE"},"content":{"rendered":"<p>LADIES' MEDICAL JOGGER TROUSERS OLIVE<\/p>\n<p>The model is 170 cm tall and wears a size S<\/p>\n<ul>\n<li>five functional pockets<\/li>\n<li>modern cut<\/li>\n<li>tapered legs<\/li>\n<li>elastic waistband<\/li>\n<li>reinforced seams<\/li>\n<\/ul>\n<p>Material: polyester 67% viscose 27% spandex 6%<\/p>\n<ul>\n<li>premium quality<\/li>\n<li>soft, comfortable, elastic<\/li>\n<li>do not crease<\/li>\n<li>extensible in four directions<\/li>\n<li>breathable with excellent air circulation<\/li>\n<\/ul>\n<p>Care:<\/p>\n<ul>\n<li>Wash in 40\u00b0 C.<\/li>\n<li>Iron at 110 \u00b0 C.<\/li>\n<li>Dry at low temperature.<\/li>\n<li>Do not dry clean.<\/li>\n<li>Do not bleach.<\/li>\n<\/ul>","protected":false},"excerpt":{"rendered":"<p>LADIES' MEDICAL JOGGER TROUSERS OLIVE<\/p>\n<p>The model is 170 cm tall and wears a size S<\/p>\n<p>- five functional pockets<br \/>\n- modern cut<br \/>\n- tapered legs<br \/>\n- elastic waistband<br \/>\n- reinforced seams<\/p>\n<p>Material: polyester 67% viscose 27% spandex 6%<\/p>","protected":false},"featured_media":36063,"template":"","meta":[],"product_brand":[],"product_cat":[66,90,87,72,74,73,71,75,76,78,77,86,93,81,82,91,88,95,92,85,96,89,94,84,83,65],"product_tag":[],"class_list":{"0":"post-36057","1":"product","2":"type-product","3":"status-publish","4":"has-post-thumbnail","6":"product_cat-odziez-damska","7":"product_cat-odziez-medyczna-bialystok","8":"product_cat-odziez-medyczna-bydgoszcz","9":"product_cat-odziez-medyczna-dla-fizjoterapeutow","10":"product_cat-odziez-medyczna-dla-kosmetyczek","11":"product_cat-odziez-medyczna-dla-lekarzy","12":"product_cat-odziez-medyczna-dla-pielegniarek","13":"product_cat-odziez-medyczna-dla-poloznych","14":"product_cat-odziez-medyczna-dla-stomatologow","15":"product_cat-odziez-medyczna-dla-studentow","16":"product_cat-odziez-medyczna-dla-weterynarzy","17":"product_cat-odziez-medyczna-gdansk","18":"product_cat-odziez-medyczna-katowice","19":"product_cat-odziez-medyczna-kielce","20":"product_cat-odziez-medyczna-krakow","21":"product_cat-odziez-medyczna-lodz","22":"product_cat-odziez-medyczna-lublin","23":"product_cat-odziez-medyczna-olsztyn","24":"product_cat-odziez-medyczna-opole","25":"product_cat-odziez-medyczna-poznan","26":"product_cat-odziez-medyczna-rzeszow","27":"product_cat-odziez-medyczna-szczecin","28":"product_cat-odziez-medyczna-torun","29":"product_cat-odziez-medyczna-warszawa","30":"product_cat-odziez-medyczna-wroclaw","31":"product_cat-sales","33":"first","34":"instock","35":"sale","36":"taxable","37":"shipping-taxable","38":"purchasable","39":"product-type-variable"},"supplier_id":null,"supplier_sku":"","barcode":null,"atum_controlled":true,"out_stock_date":null,"out_stock_threshold":null,"inheritable":true,"inbound_stock":0,"stock_on_hold":0,"sold_today":0,"sales_last_days":0,"reserved_stock":0,"customer_returns":0,"warehouse_damage":0,"lost_in_post":0,"other_logs":0,"out_stock_days":0,"lost_sales":0,"has_location":false,"update_date":"2026-04-15T00:21:36","atum_locations":[],"atum_stock_status":"instock","restock_status":false,"low_stock_amount":"","sales_update_date":"2026-04-15T00:21:36","calc_backorders":null,"yoast_head":"<!-- This site is optimized with the Yoast SEO Premium plugin v23.1 (Yoast SEO v27.3) - https:\/\/yoast.com\/product\/yoast-seo-premium-wordpress\/ -->\n<title>Spodnie Medyczne JOGGERY Damskie - OLIVE | Noshi - Odzie\u017c Medyczna<\/title>\n<meta name=\"description\" content=\"Spodnie Medyczne Joggery od NOSHI. Wybierz profesjonalne scrubsy medyczne i poczuj si\u0119 lepiej w swojej pracy. Wysoka jako\u015b\u0107 materia\u0142u.\" \/>\n<meta name=\"robots\" content=\"index, follow, max-snippet:-1, max-image-preview:large, max-video-preview:-1\" \/>\n<link rel=\"canonical\" href=\"https:\/\/www.noshi.pl\/en\/product\/ladies-medical-joggers-trousers-olive-2\/\" \/>\n<meta property=\"og:locale\" content=\"en_GB\" \/>\n<meta property=\"og:type\" content=\"article\" \/>\n<meta property=\"og:title\" content=\"Spodnie Medyczne JOGGERY Damskie - OLIVE\" \/>\n<meta property=\"og:description\" content=\"Spodnie Medyczne Joggery od NOSHI. Wybierz profesjonalne scrubsy medyczne i poczuj si\u0119 lepiej w swojej pracy. Wysoka jako\u015b\u0107 materia\u0142u.\" \/>\n<meta property=\"og:url\" content=\"https:\/\/www.noshi.pl\/en\/product\/ladies-medical-joggers-trousers-olive-2\/\" \/>\n<meta property=\"og:site_name\" content=\"Noshi - Odzie\u017c Medyczna\" \/>\n<meta property=\"article:publisher\" content=\"https:\/\/www.facebook.com\/NoshiPL\" \/>\n<meta property=\"article:modified_time\" content=\"2026-03-25T09:55:27+00:00\" \/>\n<meta property=\"og:image\" content=\"https:\/\/www.noshi.pl\/wp-content\/uploads\/2023\/08\/AI2_1137-scaled.jpg\" \/>\n\t<meta property=\"og:image:width\" content=\"1703\" \/>\n\t<meta property=\"og:image:height\" content=\"2560\" \/>\n\t<meta property=\"og:image:type\" content=\"image\/jpeg\" \/>\n<meta name=\"twitter:card\" content=\"summary_large_image\" \/>\n<script type=\"application\/ld+json\" class=\"yoast-schema-graph\">{\"@context\":\"https:\\\/\\\/schema.org\",\"@graph\":[{\"@type\":\"WebPage\",\"@id\":\"https:\\\/\\\/www.noshi.pl\\\/produkt\\\/spodnie-medyczne-joggery-damskie-olive\\\/\",\"url\":\"https:\\\/\\\/www.noshi.pl\\\/produkt\\\/spodnie-medyczne-joggery-damskie-olive\\\/\",\"name\":\"Spodnie Medyczne JOGGERY Damskie - OLIVE | Noshi - Odzie\u017c Medyczna\",\"isPartOf\":{\"@id\":\"https:\\\/\\\/www.noshi.pl\\\/#website\"},\"primaryImageOfPage\":{\"@id\":\"https:\\\/\\\/www.noshi.pl\\\/produkt\\\/spodnie-medyczne-joggery-damskie-olive\\\/#primaryimage\"},\"image\":{\"@id\":\"https:\\\/\\\/www.noshi.pl\\\/produkt\\\/spodnie-medyczne-joggery-damskie-olive\\\/#primaryimage\"},\"thumbnailUrl\":\"https:\\\/\\\/www.noshi.pl\\\/wp-content\\\/uploads\\\/2023\\\/08\\\/AI2_1137-scaled.jpg\",\"datePublished\":\"2023-08-08T08:00:36+00:00\",\"dateModified\":\"2026-03-25T09:55:27+00:00\",\"description\":\"Spodnie Medyczne Joggery od NOSHI. Wybierz profesjonalne scrubsy medyczne i poczuj si\u0119 lepiej w swojej pracy. Wysoka jako\u015b\u0107 materia\u0142u.\",\"breadcrumb\":{\"@id\":\"https:\\\/\\\/www.noshi.pl\\\/produkt\\\/spodnie-medyczne-joggery-damskie-olive\\\/#breadcrumb\"},\"inLanguage\":\"en-GB\",\"potentialAction\":[{\"@type\":\"ReadAction\",\"target\":[\"https:\\\/\\\/www.noshi.pl\\\/produkt\\\/spodnie-medyczne-joggery-damskie-olive\\\/\"]}]},{\"@type\":\"ImageObject\",\"inLanguage\":\"en-GB\",\"@id\":\"https:\\\/\\\/www.noshi.pl\\\/produkt\\\/spodnie-medyczne-joggery-damskie-olive\\\/#primaryimage\",\"url\":\"https:\\\/\\\/www.noshi.pl\\\/wp-content\\\/uploads\\\/2023\\\/08\\\/AI2_1137-scaled.jpg\",\"contentUrl\":\"https:\\\/\\\/www.noshi.pl\\\/wp-content\\\/uploads\\\/2023\\\/08\\\/AI2_1137-scaled.jpg\",\"width\":1703,\"height\":2560,\"caption\":\"prz\u00f3d - oliwkowe joggery medyczne damskie\"},{\"@type\":\"BreadcrumbList\",\"@id\":\"https:\\\/\\\/www.noshi.pl\\\/produkt\\\/spodnie-medyczne-joggery-damskie-olive\\\/#breadcrumb\",\"itemListElement\":[{\"@type\":\"ListItem\",\"position\":1,\"name\":\"Strona g\u0142\u00f3wna\",\"item\":\"https:\\\/\\\/www.noshi.pl\\\/\"},{\"@type\":\"ListItem\",\"position\":2,\"name\":\"Sklep\",\"item\":\"https:\\\/\\\/www.noshi.pl\\\/en\\\/sklep\\\/\"},{\"@type\":\"ListItem\",\"position\":3,\"name\":\"Spodnie Medyczne JOGGERY Damskie &#8211; OLIVE\"}]},{\"@type\":\"WebSite\",\"@id\":\"https:\\\/\\\/www.noshi.pl\\\/#website\",\"url\":\"https:\\\/\\\/www.noshi.pl\\\/\",\"name\":\"Noshi - Odzie\u017c Medyczna\",\"description\":\"\",\"publisher\":{\"@id\":\"https:\\\/\\\/www.noshi.pl\\\/#organization\"},\"potentialAction\":[{\"@type\":\"SearchAction\",\"target\":{\"@type\":\"EntryPoint\",\"urlTemplate\":\"https:\\\/\\\/www.noshi.pl\\\/?s={search_term_string}\"},\"query-input\":{\"@type\":\"PropertyValueSpecification\",\"valueRequired\":true,\"valueName\":\"search_term_string\"}}],\"inLanguage\":\"en-GB\"},{\"@type\":\"Organization\",\"@id\":\"https:\\\/\\\/www.noshi.pl\\\/#organization\",\"name\":\"NOSHI\",\"url\":\"https:\\\/\\\/www.noshi.pl\\\/\",\"logo\":{\"@type\":\"ImageObject\",\"inLanguage\":\"en-GB\",\"@id\":\"https:\\\/\\\/www.noshi.pl\\\/#\\\/schema\\\/logo\\\/image\\\/\",\"url\":\"https:\\\/\\\/www.noshi.pl\\\/wp-content\\\/uploads\\\/2021\\\/04\\\/plus-symbol-in-a-rounded-black-square-1.png\",\"contentUrl\":\"https:\\\/\\\/www.noshi.pl\\\/wp-content\\\/uploads\\\/2021\\\/04\\\/plus-symbol-in-a-rounded-black-square-1.png\",\"width\":512,\"height\":512,\"caption\":\"NOSHI\"},\"image\":{\"@id\":\"https:\\\/\\\/www.noshi.pl\\\/#\\\/schema\\\/logo\\\/image\\\/\"},\"sameAs\":[\"https:\\\/\\\/www.facebook.com\\\/NoshiPL\"]}]}<\/script>\n<!-- \/ Yoast SEO Premium plugin. -->","yoast_head_json":{"title":"Medical trousers JOGGERS Women's - OLIVE | Noshi - Medical clothing","description":"Medical Jogger Trousers from NOSHI. Choose professional medical scrubs and feel better about your work. High quality material.","robots":{"index":"index","follow":"follow","max-snippet":"max-snippet:-1","max-image-preview":"max-image-preview:large","max-video-preview":"max-video-preview:-1"},"canonical":"https:\/\/www.noshi.pl\/en\/product\/ladies-medical-joggers-trousers-olive-2\/","og_locale":"en_GB","og_type":"article","og_title":"Spodnie Medyczne JOGGERY Damskie - OLIVE","og_description":"Spodnie Medyczne Joggery od NOSHI. Wybierz profesjonalne scrubsy medyczne i poczuj si\u0119 lepiej w swojej pracy. Wysoka jako\u015b\u0107 materia\u0142u.","og_url":"https:\/\/www.noshi.pl\/en\/product\/ladies-medical-joggers-trousers-olive-2\/","og_site_name":"Noshi - Odzie\u017c Medyczna","article_publisher":"https:\/\/www.facebook.com\/NoshiPL","article_modified_time":"2026-03-25T09:55:27+00:00","og_image":[{"width":1703,"height":2560,"url":"https:\/\/www.noshi.pl\/wp-content\/uploads\/2023\/08\/AI2_1137-scaled.jpg","type":"image\/jpeg"}],"twitter_card":"summary_large_image","schema":{"@context":"https:\/\/schema.org","@graph":[{"@type":"WebPage","@id":"https:\/\/www.noshi.pl\/produkt\/spodnie-medyczne-joggery-damskie-olive\/","url":"https:\/\/www.noshi.pl\/produkt\/spodnie-medyczne-joggery-damskie-olive\/","name":"Medical trousers JOGGERS Women's - OLIVE | Noshi - Medical clothing","isPartOf":{"@id":"https:\/\/www.noshi.pl\/#website"},"primaryImageOfPage":{"@id":"https:\/\/www.noshi.pl\/produkt\/spodnie-medyczne-joggery-damskie-olive\/#primaryimage"},"image":{"@id":"https:\/\/www.noshi.pl\/produkt\/spodnie-medyczne-joggery-damskie-olive\/#primaryimage"},"thumbnailUrl":"https:\/\/www.noshi.pl\/wp-content\/uploads\/2023\/08\/AI2_1137-scaled.jpg","datePublished":"2023-08-08T08:00:36+00:00","dateModified":"2026-03-25T09:55:27+00:00","description":"Medical Jogger Trousers from NOSHI. Choose professional medical scrubs and feel better about your work. High quality material.","breadcrumb":{"@id":"https:\/\/www.noshi.pl\/produkt\/spodnie-medyczne-joggery-damskie-olive\/#breadcrumb"},"inLanguage":"en-GB","potentialAction":[{"@type":"ReadAction","target":["https:\/\/www.noshi.pl\/produkt\/spodnie-medyczne-joggery-damskie-olive\/"]}]},{"@type":"ImageObject","inLanguage":"en-GB","@id":"https:\/\/www.noshi.pl\/produkt\/spodnie-medyczne-joggery-damskie-olive\/#primaryimage","url":"https:\/\/www.noshi.pl\/wp-content\/uploads\/2023\/08\/AI2_1137-scaled.jpg","contentUrl":"https:\/\/www.noshi.pl\/wp-content\/uploads\/2023\/08\/AI2_1137-scaled.jpg","width":1703,"height":2560,"caption":"prz\u00f3d - oliwkowe joggery medyczne damskie"},{"@type":"BreadcrumbList","@id":"https:\/\/www.noshi.pl\/produkt\/spodnie-medyczne-joggery-damskie-olive\/#breadcrumb","itemListElement":[{"@type":"ListItem","position":1,"name":"Strona g\u0142\u00f3wna","item":"https:\/\/www.noshi.pl\/"},{"@type":"ListItem","position":2,"name":"Sklep","item":"https:\/\/www.noshi.pl\/en\/sklep\/"},{"@type":"ListItem","position":3,"name":"Spodnie Medyczne JOGGERY Damskie &#8211; OLIVE"}]},{"@type":"WebSite","@id":"https:\/\/www.noshi.pl\/#website","url":"https:\/\/www.noshi.pl\/","name":"Noshi - Medical clothing","description":"","publisher":{"@id":"https:\/\/www.noshi.pl\/#organization"},"potentialAction":[{"@type":"SearchAction","target":{"@type":"EntryPoint","urlTemplate":"https:\/\/www.noshi.pl\/?s={search_term_string}"},"query-input":{"@type":"PropertyValueSpecification","valueRequired":true,"valueName":"search_term_string"}}],"inLanguage":"en-GB"},{"@type":"Organization","@id":"https:\/\/www.noshi.pl\/#organization","name":"NOSHI","url":"https:\/\/www.noshi.pl\/","logo":{"@type":"ImageObject","inLanguage":"en-GB","@id":"https:\/\/www.noshi.pl\/#\/schema\/logo\/image\/","url":"https:\/\/www.noshi.pl\/wp-content\/uploads\/2021\/04\/plus-symbol-in-a-rounded-black-square-1.png","contentUrl":"https:\/\/www.noshi.pl\/wp-content\/uploads\/2021\/04\/plus-symbol-in-a-rounded-black-square-1.png","width":512,"height":512,"caption":"NOSHI"},"image":{"@id":"https:\/\/www.noshi.pl\/#\/schema\/logo\/image\/"},"sameAs":["https:\/\/www.facebook.com\/NoshiPL"]}]}},"_links":{"self":[{"href":"https:\/\/www.noshi.pl\/en\/wp-json\/wp\/v2\/product\/36057","targetHints":{"allow":["GET"]}}],"collection":[{"href":"https:\/\/www.noshi.pl\/en\/wp-json\/wp\/v2\/product"}],"about":[{"href":"https:\/\/www.noshi.pl\/en\/wp-json\/wp\/v2\/types\/product"}],"wp:featuredmedia":[{"embeddable":true,"href":"https:\/\/www.noshi.pl\/en\/wp-json\/wp\/v2\/media\/36063"}],"wp:attachment":[{"href":"https:\/\/www.noshi.pl\/en\/wp-json\/wp\/v2\/media?parent=36057"}],"wp:term":[{"taxonomy":"product_brand","embeddable":true,"href":"https:\/\/www.noshi.pl\/en\/wp-json\/wp\/v2\/product_brand?post=36057"},{"taxonomy":"product_cat","embeddable":true,"href":"https:\/\/www.noshi.pl\/en\/wp-json\/wp\/v2\/product_cat?post=36057"},{"taxonomy":"product_tag","embeddable":true,"href":"https:\/\/www.noshi.pl\/en\/wp-json\/wp\/v2\/product_tag?post=36057"}],"curies":[{"name":"wp","href":"https:\/\/api.w.org\/{rel}","templated":true}]}}