{"id":36089,"date":"2023-08-08T10:01:00","date_gmt":"2023-08-08T08:01:00","guid":{"rendered":"https:\/\/www.noshi.pl\/?post_type=product&#038;p=36089"},"modified":"2026-03-26T11:21:53","modified_gmt":"2026-03-26T10:21:53","slug":"bluza-medyczna-icon-olive","status":"publish","type":"product","link":"https:\/\/www.noshi.pl\/en\/product\/medical-sweatshirt-icon-olive\/","title":{"rendered":"Medical sweatshirt ICON - OLIVE"},"content":{"rendered":"<p style=\"text-align: left;\"><strong>MEN'S MEDICAL ICON SWEATSHIRT OLIVE<br \/>\n<\/strong><\/p>\n<p style=\"text-align: left;\">The model is 187 cm tall and wears a size L<\/p>\n<ul style=\"text-align: left;\">\n<li>\u00a03 functional pockets<\/li>\n<li>fitted cut<\/li>\n<li>modern neckline<\/li>\n<li>reinforced seams<\/li>\n<\/ul>\n<p style=\"text-align: left;\"><strong>Material:<\/strong> polyester 67% viscose 27% spandex 6%<\/p>\n<ul style=\"text-align: left;\">\n<li>premium quality<\/li>\n<li>soft, comfortable, elastic<\/li>\n<li>do not crease<\/li>\n<li>extensible in four directions<\/li>\n<li>breathable with excellent air circulation<\/li>\n<\/ul>\n<p style=\"text-align: left;\"><strong>Care:<\/strong><\/p>\n<ul>\n<li style=\"text-align: left;\">Wash in 40\u00b0 C.<\/li>\n<li style=\"text-align: left;\">Iron at 110 \u00b0 C.<\/li>\n<li style=\"text-align: left;\">Dry at low temperature.<\/li>\n<li style=\"text-align: left;\">Do not dry clean.<\/li>\n<li style=\"text-align: left;\">Do not bleach.<\/li>\n<\/ul>","protected":false},"excerpt":{"rendered":"<p><strong>MEN'S MEDICAL ICON SWEATSHIRT OLIVE<br \/>\n<\/strong><\/p>\n<p>The model has <strong>187 cm<\/strong> height and wear size <strong>L<\/strong><\/p>\n<p>- 3 functional pockets<br \/>\n- fitted cut<br \/>\n- modern neckline<br \/>\n- reinforced seams<\/p>\n<p>Material: polyester 67% viscose 27% spandex 6%<\/p>","protected":false},"featured_media":36094,"template":"","meta":[],"product_brand":[],"product_cat":[90,87,72,73,76,78,77,86,93,81,82,91,88,95,92,85,96,89,94,84,83,67,65],"product_tag":[],"class_list":{"0":"post-36089","1":"product","2":"type-product","3":"status-publish","4":"has-post-thumbnail","6":"product_cat-odziez-medyczna-bialystok","7":"product_cat-odziez-medyczna-bydgoszcz","8":"product_cat-odziez-medyczna-dla-fizjoterapeutow","9":"product_cat-odziez-medyczna-dla-lekarzy","10":"product_cat-odziez-medyczna-dla-stomatologow","11":"product_cat-odziez-medyczna-dla-studentow","12":"product_cat-odziez-medyczna-dla-weterynarzy","13":"product_cat-odziez-medyczna-gdansk","14":"product_cat-odziez-medyczna-katowice","15":"product_cat-odziez-medyczna-kielce","16":"product_cat-odziez-medyczna-krakow","17":"product_cat-odziez-medyczna-lodz","18":"product_cat-odziez-medyczna-lublin","19":"product_cat-odziez-medyczna-olsztyn","20":"product_cat-odziez-medyczna-opole","21":"product_cat-odziez-medyczna-poznan","22":"product_cat-odziez-medyczna-rzeszow","23":"product_cat-odziez-medyczna-szczecin","24":"product_cat-odziez-medyczna-torun","25":"product_cat-odziez-medyczna-warszawa","26":"product_cat-odziez-medyczna-wroclaw","27":"product_cat-odziez-meska","28":"product_cat-sales","30":"first","31":"outofstock","32":"sale","33":"taxable","34":"shipping-taxable","35":"purchasable","36":"product-type-variable"},"supplier_id":null,"supplier_sku":"","barcode":null,"atum_controlled":true,"out_stock_date":null,"out_stock_threshold":null,"inheritable":true,"inbound_stock":0,"stock_on_hold":0,"sold_today":0,"sales_last_days":0,"reserved_stock":0,"customer_returns":0,"warehouse_damage":0,"lost_in_post":0,"other_logs":0,"out_stock_days":0,"lost_sales":0,"has_location":false,"update_date":"2026-04-16T00:20:42","atum_locations":[],"atum_stock_status":"outofstock","restock_status":false,"low_stock_amount":"","sales_update_date":"2026-04-16T00:20:42","calc_backorders":null,"yoast_head":"<!-- This site is optimized with the Yoast SEO Premium plugin v23.1 (Yoast SEO v27.3) - https:\/\/yoast.com\/product\/yoast-seo-premium-wordpress\/ -->\n<title>Bluza Medyczna ICON - OLIVE | Noshi - Odzie\u017c Medyczna<\/title>\n<meta name=\"robots\" content=\"index, follow, max-snippet:-1, max-image-preview:large, max-video-preview:-1\" \/>\n<link rel=\"canonical\" href=\"https:\/\/www.noshi.pl\/en\/product\/medical-sweatshirt-icon-olive\/\" \/>\n<meta property=\"og:locale\" content=\"en_GB\" \/>\n<meta property=\"og:type\" content=\"article\" \/>\n<meta property=\"og:title\" content=\"Bluza Medyczna ICON - OLIVE\" \/>\n<meta property=\"og:description\" content=\"BLUZA MEDYCZNA ICON M\u0118SKA OLIVE   Model ma 187 cm wzrostu i nosi rozmiar L  - 3 funkcjonalne kieszenie - dopasowany kr\u00f3j - nowoczesny dekolt - wzmacniane szwy  Materia\u0142: poliester 67% wiskoza 27% spandex 6%\" \/>\n<meta property=\"og:url\" content=\"https:\/\/www.noshi.pl\/en\/product\/medical-sweatshirt-icon-olive\/\" \/>\n<meta property=\"og:site_name\" content=\"Noshi - Odzie\u017c Medyczna\" \/>\n<meta property=\"article:publisher\" content=\"https:\/\/www.facebook.com\/NoshiPL\" \/>\n<meta property=\"article:modified_time\" content=\"2026-03-26T10:21:53+00:00\" \/>\n<meta property=\"og:image\" content=\"https:\/\/www.noshi.pl\/wp-content\/uploads\/2023\/08\/AI2_0789-scaled.jpg\" \/>\n\t<meta property=\"og:image:width\" content=\"1703\" \/>\n\t<meta property=\"og:image:height\" content=\"2560\" \/>\n\t<meta property=\"og:image:type\" content=\"image\/jpeg\" \/>\n<meta name=\"twitter:card\" content=\"summary_large_image\" \/>\n<script type=\"application\/ld+json\" class=\"yoast-schema-graph\">{\"@context\":\"https:\\\/\\\/schema.org\",\"@graph\":[{\"@type\":\"WebPage\",\"@id\":\"https:\\\/\\\/www.noshi.pl\\\/produkt\\\/bluza-medyczna-icon-olive\\\/\",\"url\":\"https:\\\/\\\/www.noshi.pl\\\/produkt\\\/bluza-medyczna-icon-olive\\\/\",\"name\":\"Bluza Medyczna ICON - OLIVE | Noshi - Odzie\u017c Medyczna\",\"isPartOf\":{\"@id\":\"https:\\\/\\\/www.noshi.pl\\\/#website\"},\"primaryImageOfPage\":{\"@id\":\"https:\\\/\\\/www.noshi.pl\\\/produkt\\\/bluza-medyczna-icon-olive\\\/#primaryimage\"},\"image\":{\"@id\":\"https:\\\/\\\/www.noshi.pl\\\/produkt\\\/bluza-medyczna-icon-olive\\\/#primaryimage\"},\"thumbnailUrl\":\"https:\\\/\\\/www.noshi.pl\\\/wp-content\\\/uploads\\\/2023\\\/08\\\/AI2_0789-scaled.jpg\",\"datePublished\":\"2023-08-08T08:01:00+00:00\",\"dateModified\":\"2026-03-26T10:21:53+00:00\",\"breadcrumb\":{\"@id\":\"https:\\\/\\\/www.noshi.pl\\\/produkt\\\/bluza-medyczna-icon-olive\\\/#breadcrumb\"},\"inLanguage\":\"en-GB\",\"potentialAction\":[{\"@type\":\"ReadAction\",\"target\":[\"https:\\\/\\\/www.noshi.pl\\\/produkt\\\/bluza-medyczna-icon-olive\\\/\"]}]},{\"@type\":\"ImageObject\",\"inLanguage\":\"en-GB\",\"@id\":\"https:\\\/\\\/www.noshi.pl\\\/produkt\\\/bluza-medyczna-icon-olive\\\/#primaryimage\",\"url\":\"https:\\\/\\\/www.noshi.pl\\\/wp-content\\\/uploads\\\/2023\\\/08\\\/AI2_0789-scaled.jpg\",\"contentUrl\":\"https:\\\/\\\/www.noshi.pl\\\/wp-content\\\/uploads\\\/2023\\\/08\\\/AI2_0789-scaled.jpg\",\"width\":1703,\"height\":2560,\"caption\":\"prz\u00f3d bluzy medycznej m\u0119skiej w kolorze olive\"},{\"@type\":\"BreadcrumbList\",\"@id\":\"https:\\\/\\\/www.noshi.pl\\\/produkt\\\/bluza-medyczna-icon-olive\\\/#breadcrumb\",\"itemListElement\":[{\"@type\":\"ListItem\",\"position\":1,\"name\":\"Strona g\u0142\u00f3wna\",\"item\":\"https:\\\/\\\/www.noshi.pl\\\/\"},{\"@type\":\"ListItem\",\"position\":2,\"name\":\"Sklep\",\"item\":\"https:\\\/\\\/www.noshi.pl\\\/en\\\/sklep\\\/\"},{\"@type\":\"ListItem\",\"position\":3,\"name\":\"Bluza Medyczna ICON &#8211; OLIVE\"}]},{\"@type\":\"WebSite\",\"@id\":\"https:\\\/\\\/www.noshi.pl\\\/#website\",\"url\":\"https:\\\/\\\/www.noshi.pl\\\/\",\"name\":\"Noshi - Odzie\u017c Medyczna\",\"description\":\"\",\"publisher\":{\"@id\":\"https:\\\/\\\/www.noshi.pl\\\/#organization\"},\"potentialAction\":[{\"@type\":\"SearchAction\",\"target\":{\"@type\":\"EntryPoint\",\"urlTemplate\":\"https:\\\/\\\/www.noshi.pl\\\/?s={search_term_string}\"},\"query-input\":{\"@type\":\"PropertyValueSpecification\",\"valueRequired\":true,\"valueName\":\"search_term_string\"}}],\"inLanguage\":\"en-GB\"},{\"@type\":\"Organization\",\"@id\":\"https:\\\/\\\/www.noshi.pl\\\/#organization\",\"name\":\"NOSHI\",\"url\":\"https:\\\/\\\/www.noshi.pl\\\/\",\"logo\":{\"@type\":\"ImageObject\",\"inLanguage\":\"en-GB\",\"@id\":\"https:\\\/\\\/www.noshi.pl\\\/#\\\/schema\\\/logo\\\/image\\\/\",\"url\":\"https:\\\/\\\/www.noshi.pl\\\/wp-content\\\/uploads\\\/2021\\\/04\\\/plus-symbol-in-a-rounded-black-square-1.png\",\"contentUrl\":\"https:\\\/\\\/www.noshi.pl\\\/wp-content\\\/uploads\\\/2021\\\/04\\\/plus-symbol-in-a-rounded-black-square-1.png\",\"width\":512,\"height\":512,\"caption\":\"NOSHI\"},\"image\":{\"@id\":\"https:\\\/\\\/www.noshi.pl\\\/#\\\/schema\\\/logo\\\/image\\\/\"},\"sameAs\":[\"https:\\\/\\\/www.facebook.com\\\/NoshiPL\"]}]}<\/script>\n<!-- \/ Yoast SEO Premium plugin. -->","yoast_head_json":{"title":"Medical Blouse ICON - OLIVE | Noshi - Medical Clothing","robots":{"index":"index","follow":"follow","max-snippet":"max-snippet:-1","max-image-preview":"max-image-preview:large","max-video-preview":"max-video-preview:-1"},"canonical":"https:\/\/www.noshi.pl\/en\/product\/medical-sweatshirt-icon-olive\/","og_locale":"en_GB","og_type":"article","og_title":"Bluza Medyczna ICON - OLIVE","og_description":"BLUZA MEDYCZNA ICON M\u0118SKA OLIVE   Model ma 187 cm wzrostu i nosi rozmiar L  - 3 funkcjonalne kieszenie - dopasowany kr\u00f3j - nowoczesny dekolt - wzmacniane szwy  Materia\u0142: poliester 67% wiskoza 27% spandex 6%","og_url":"https:\/\/www.noshi.pl\/en\/product\/medical-sweatshirt-icon-olive\/","og_site_name":"Noshi - Odzie\u017c Medyczna","article_publisher":"https:\/\/www.facebook.com\/NoshiPL","article_modified_time":"2026-03-26T10:21:53+00:00","og_image":[{"width":1703,"height":2560,"url":"https:\/\/www.noshi.pl\/wp-content\/uploads\/2023\/08\/AI2_0789-scaled.jpg","type":"image\/jpeg"}],"twitter_card":"summary_large_image","schema":{"@context":"https:\/\/schema.org","@graph":[{"@type":"WebPage","@id":"https:\/\/www.noshi.pl\/produkt\/bluza-medyczna-icon-olive\/","url":"https:\/\/www.noshi.pl\/produkt\/bluza-medyczna-icon-olive\/","name":"Medical Blouse ICON - OLIVE | Noshi - Medical Clothing","isPartOf":{"@id":"https:\/\/www.noshi.pl\/#website"},"primaryImageOfPage":{"@id":"https:\/\/www.noshi.pl\/produkt\/bluza-medyczna-icon-olive\/#primaryimage"},"image":{"@id":"https:\/\/www.noshi.pl\/produkt\/bluza-medyczna-icon-olive\/#primaryimage"},"thumbnailUrl":"https:\/\/www.noshi.pl\/wp-content\/uploads\/2023\/08\/AI2_0789-scaled.jpg","datePublished":"2023-08-08T08:01:00+00:00","dateModified":"2026-03-26T10:21:53+00:00","breadcrumb":{"@id":"https:\/\/www.noshi.pl\/produkt\/bluza-medyczna-icon-olive\/#breadcrumb"},"inLanguage":"en-GB","potentialAction":[{"@type":"ReadAction","target":["https:\/\/www.noshi.pl\/produkt\/bluza-medyczna-icon-olive\/"]}]},{"@type":"ImageObject","inLanguage":"en-GB","@id":"https:\/\/www.noshi.pl\/produkt\/bluza-medyczna-icon-olive\/#primaryimage","url":"https:\/\/www.noshi.pl\/wp-content\/uploads\/2023\/08\/AI2_0789-scaled.jpg","contentUrl":"https:\/\/www.noshi.pl\/wp-content\/uploads\/2023\/08\/AI2_0789-scaled.jpg","width":1703,"height":2560,"caption":"prz\u00f3d bluzy medycznej m\u0119skiej w kolorze olive"},{"@type":"BreadcrumbList","@id":"https:\/\/www.noshi.pl\/produkt\/bluza-medyczna-icon-olive\/#breadcrumb","itemListElement":[{"@type":"ListItem","position":1,"name":"Strona g\u0142\u00f3wna","item":"https:\/\/www.noshi.pl\/"},{"@type":"ListItem","position":2,"name":"Sklep","item":"https:\/\/www.noshi.pl\/en\/sklep\/"},{"@type":"ListItem","position":3,"name":"Bluza Medyczna ICON &#8211; OLIVE"}]},{"@type":"WebSite","@id":"https:\/\/www.noshi.pl\/#website","url":"https:\/\/www.noshi.pl\/","name":"Noshi - Medical clothing","description":"","publisher":{"@id":"https:\/\/www.noshi.pl\/#organization"},"potentialAction":[{"@type":"SearchAction","target":{"@type":"EntryPoint","urlTemplate":"https:\/\/www.noshi.pl\/?s={search_term_string}"},"query-input":{"@type":"PropertyValueSpecification","valueRequired":true,"valueName":"search_term_string"}}],"inLanguage":"en-GB"},{"@type":"Organization","@id":"https:\/\/www.noshi.pl\/#organization","name":"NOSHI","url":"https:\/\/www.noshi.pl\/","logo":{"@type":"ImageObject","inLanguage":"en-GB","@id":"https:\/\/www.noshi.pl\/#\/schema\/logo\/image\/","url":"https:\/\/www.noshi.pl\/wp-content\/uploads\/2021\/04\/plus-symbol-in-a-rounded-black-square-1.png","contentUrl":"https:\/\/www.noshi.pl\/wp-content\/uploads\/2021\/04\/plus-symbol-in-a-rounded-black-square-1.png","width":512,"height":512,"caption":"NOSHI"},"image":{"@id":"https:\/\/www.noshi.pl\/#\/schema\/logo\/image\/"},"sameAs":["https:\/\/www.facebook.com\/NoshiPL"]}]}},"_links":{"self":[{"href":"https:\/\/www.noshi.pl\/en\/wp-json\/wp\/v2\/product\/36089","targetHints":{"allow":["GET"]}}],"collection":[{"href":"https:\/\/www.noshi.pl\/en\/wp-json\/wp\/v2\/product"}],"about":[{"href":"https:\/\/www.noshi.pl\/en\/wp-json\/wp\/v2\/types\/product"}],"wp:featuredmedia":[{"embeddable":true,"href":"https:\/\/www.noshi.pl\/en\/wp-json\/wp\/v2\/media\/36094"}],"wp:attachment":[{"href":"https:\/\/www.noshi.pl\/en\/wp-json\/wp\/v2\/media?parent=36089"}],"wp:term":[{"taxonomy":"product_brand","embeddable":true,"href":"https:\/\/www.noshi.pl\/en\/wp-json\/wp\/v2\/product_brand?post=36089"},{"taxonomy":"product_cat","embeddable":true,"href":"https:\/\/www.noshi.pl\/en\/wp-json\/wp\/v2\/product_cat?post=36089"},{"taxonomy":"product_tag","embeddable":true,"href":"https:\/\/www.noshi.pl\/en\/wp-json\/wp\/v2\/product_tag?post=36089"}],"curies":[{"name":"wp","href":"https:\/\/api.w.org\/{rel}","templated":true}]}}