{"id":62792,"date":"2025-04-11T20:55:00","date_gmt":"2025-04-11T18:55:00","guid":{"rendered":"https:\/\/www.noshi.pl\/?post_type=product&#038;p=62792"},"modified":"2026-03-29T23:29:25","modified_gmt":"2026-03-29T21:29:25","slug":"bluza-medyczna-damska-basic-cayen-dark-royal","status":"publish","type":"product","link":"https:\/\/www.noshi.pl\/en\/product\/womens-medical-sweatshirt-basic-cayen-dark-royal\/","title":{"rendered":"Ladies' BASIC CAYEN Medical Blouse - DARK ROYAL"},"content":{"rendered":"<p>Women's medical blouse <strong>CAYEN<\/strong> in shade <strong>dark royal<\/strong> is the perfect combination of classic and modern. The model has been designed with comfort and aesthetics in mind, offering a slightly slim fit that subtly accentuates the silhouette while allowing freedom of movement.<br \/>\nThe fabric used for the garment is soft, breathable and stretchy, guaranteeing comfort throughout the working day. Thanks to its high crease resistance and ease of care, the sweatshirt is ideal for use in intensive medical environments.<br \/>\nThe sweatshirt features a functional V-neck and three roomy pockets - one on the chest and two on the side for convenient storage of small medical accessories. Minimalist details and careful finishing make the model <strong>CAYEN<\/strong> is a great option for those who value style and comfort at work.<br \/>\nCheck it out now and bet on a professional look at its best!<\/p>","protected":false},"excerpt":{"rendered":"<p>Ladies' medical blouse <strong>CAYEN<\/strong> from the Basic collection - is a classic model made of soft, breathable crease-resistant fabric. It has three roomy pockets and is available in a wide range of colours, combining comfort with a professional look<\/p>","protected":false},"featured_media":62196,"template":"","meta":[],"product_brand":[],"product_cat":[100,17,99,90,87,72,74,73,71,75,76,78,77,86,93,81,82,91,88,95,92,85,96,89,94,84,83,102],"product_tag":[],"class_list":{"0":"post-62792","1":"product","2":"type-product","3":"status-publish","4":"has-post-thumbnail","6":"product_cat-bluzy-medyczne-damskie-basic","7":"product_cat-kobiety","8":"product_cat-kolekcja-basic-kobiety","9":"product_cat-odziez-medyczna-bialystok","10":"product_cat-odziez-medyczna-bydgoszcz","11":"product_cat-odziez-medyczna-dla-fizjoterapeutow","12":"product_cat-odziez-medyczna-dla-kosmetyczek","13":"product_cat-odziez-medyczna-dla-lekarzy","14":"product_cat-odziez-medyczna-dla-pielegniarek","15":"product_cat-odziez-medyczna-dla-poloznych","16":"product_cat-odziez-medyczna-dla-stomatologow","17":"product_cat-odziez-medyczna-dla-studentow","18":"product_cat-odziez-medyczna-dla-weterynarzy","19":"product_cat-odziez-medyczna-gdansk","20":"product_cat-odziez-medyczna-katowice","21":"product_cat-odziez-medyczna-kielce","22":"product_cat-odziez-medyczna-krakow","23":"product_cat-odziez-medyczna-lodz","24":"product_cat-odziez-medyczna-lublin","25":"product_cat-odziez-medyczna-olsztyn","26":"product_cat-odziez-medyczna-opole","27":"product_cat-odziez-medyczna-poznan","28":"product_cat-odziez-medyczna-rzeszow","29":"product_cat-odziez-medyczna-szczecin","30":"product_cat-odziez-medyczna-torun","31":"product_cat-odziez-medyczna-warszawa","32":"product_cat-odziez-medyczna-wroclaw","33":"product_cat-scrubsy-medyczne-damskie-basic","35":"first","36":"instock","37":"taxable","38":"shipping-taxable","39":"purchasable","40":"product-type-variable"},"supplier_id":null,"supplier_sku":"","barcode":null,"atum_controlled":true,"out_stock_date":null,"out_stock_threshold":null,"inheritable":true,"inbound_stock":0,"stock_on_hold":0,"sold_today":0,"sales_last_days":0,"reserved_stock":0,"customer_returns":0,"warehouse_damage":0,"lost_in_post":0,"other_logs":0,"out_stock_days":0,"lost_sales":0,"has_location":false,"update_date":"2026-04-17T00:20:20","atum_locations":[],"atum_stock_status":"instock","restock_status":false,"low_stock_amount":"","sales_update_date":"2026-04-17T00:20:19","calc_backorders":null,"yoast_head":"<!-- This site is optimized with the Yoast SEO Premium plugin v23.1 (Yoast SEO v27.3) - https:\/\/yoast.com\/product\/yoast-seo-premium-wordpress\/ -->\n<title>Bluza Medyczna Damska BASIC CAYEN - DARK ROYAL | Noshi - Odzie\u017c Medyczna<\/title>\n<meta name=\"robots\" content=\"index, follow, max-snippet:-1, max-image-preview:large, max-video-preview:-1\" \/>\n<link rel=\"canonical\" href=\"https:\/\/www.noshi.pl\/en\/product\/womens-medical-sweatshirt-basic-cayen-dark-royal\/\" \/>\n<meta property=\"og:locale\" content=\"en_GB\" \/>\n<meta property=\"og:type\" content=\"article\" \/>\n<meta property=\"og:title\" content=\"Bluza Medyczna Damska BASIC CAYEN - DARK ROYAL\" \/>\n<meta property=\"og:description\" content=\"Bluza medyczna damska CAYEN z kolekcji Basic - to klasyczny model wykonany z mi\u0119kkiego, oddychaj\u0105cego materia\u0142u odpornego na zagniecenia. Posiada trzy pojemne kieszenie i jest dost\u0119pna w szerokiej gamie kolor\u00f3w, \u0142\u0105cz\u0105c wygod\u0119 z profesjonalnym wygl\u0105dem\" \/>\n<meta property=\"og:url\" content=\"https:\/\/www.noshi.pl\/en\/product\/womens-medical-sweatshirt-basic-cayen-dark-royal\/\" \/>\n<meta property=\"og:site_name\" content=\"Noshi - Odzie\u017c Medyczna\" \/>\n<meta property=\"article:publisher\" content=\"https:\/\/www.facebook.com\/NoshiPL\" \/>\n<meta property=\"article:modified_time\" content=\"2026-03-29T21:29:25+00:00\" \/>\n<meta property=\"og:image\" content=\"https:\/\/www.noshi.pl\/wp-content\/uploads\/2025\/04\/bluza-medycza-damska-basic-cayen-dark-royal-1-scaled.jpg\" \/>\n\t<meta property=\"og:image:width\" content=\"1706\" \/>\n\t<meta property=\"og:image:height\" content=\"2560\" \/>\n\t<meta property=\"og:image:type\" content=\"image\/jpeg\" \/>\n<meta name=\"twitter:card\" content=\"summary_large_image\" \/>\n<meta name=\"twitter:label1\" content=\"Estimated reading time\" \/>\n\t<meta name=\"twitter:data1\" content=\"1 minute\" \/>\n<script type=\"application\/ld+json\" class=\"yoast-schema-graph\">{\"@context\":\"https:\\\/\\\/schema.org\",\"@graph\":[{\"@type\":\"WebPage\",\"@id\":\"https:\\\/\\\/www.noshi.pl\\\/produkt\\\/bluza-medyczna-damska-basic-cayen-dark-royal\\\/\",\"url\":\"https:\\\/\\\/www.noshi.pl\\\/produkt\\\/bluza-medyczna-damska-basic-cayen-dark-royal\\\/\",\"name\":\"Bluza Medyczna Damska BASIC CAYEN - DARK ROYAL | Noshi - Odzie\u017c Medyczna\",\"isPartOf\":{\"@id\":\"https:\\\/\\\/www.noshi.pl\\\/#website\"},\"primaryImageOfPage\":{\"@id\":\"https:\\\/\\\/www.noshi.pl\\\/produkt\\\/bluza-medyczna-damska-basic-cayen-dark-royal\\\/#primaryimage\"},\"image\":{\"@id\":\"https:\\\/\\\/www.noshi.pl\\\/produkt\\\/bluza-medyczna-damska-basic-cayen-dark-royal\\\/#primaryimage\"},\"thumbnailUrl\":\"https:\\\/\\\/www.noshi.pl\\\/wp-content\\\/uploads\\\/2025\\\/04\\\/bluza-medycza-damska-basic-cayen-dark-royal-1-scaled.jpg\",\"datePublished\":\"2025-04-11T18:55:00+00:00\",\"dateModified\":\"2026-03-29T21:29:25+00:00\",\"breadcrumb\":{\"@id\":\"https:\\\/\\\/www.noshi.pl\\\/produkt\\\/bluza-medyczna-damska-basic-cayen-dark-royal\\\/#breadcrumb\"},\"inLanguage\":\"en-GB\",\"potentialAction\":[{\"@type\":\"ReadAction\",\"target\":[\"https:\\\/\\\/www.noshi.pl\\\/produkt\\\/bluza-medyczna-damska-basic-cayen-dark-royal\\\/\"]}]},{\"@type\":\"ImageObject\",\"inLanguage\":\"en-GB\",\"@id\":\"https:\\\/\\\/www.noshi.pl\\\/produkt\\\/bluza-medyczna-damska-basic-cayen-dark-royal\\\/#primaryimage\",\"url\":\"https:\\\/\\\/www.noshi.pl\\\/wp-content\\\/uploads\\\/2025\\\/04\\\/bluza-medycza-damska-basic-cayen-dark-royal-1-scaled.jpg\",\"contentUrl\":\"https:\\\/\\\/www.noshi.pl\\\/wp-content\\\/uploads\\\/2025\\\/04\\\/bluza-medycza-damska-basic-cayen-dark-royal-1-scaled.jpg\",\"width\":1706,\"height\":2560},{\"@type\":\"BreadcrumbList\",\"@id\":\"https:\\\/\\\/www.noshi.pl\\\/produkt\\\/bluza-medyczna-damska-basic-cayen-dark-royal\\\/#breadcrumb\",\"itemListElement\":[{\"@type\":\"ListItem\",\"position\":1,\"name\":\"Strona g\u0142\u00f3wna\",\"item\":\"https:\\\/\\\/www.noshi.pl\\\/\"},{\"@type\":\"ListItem\",\"position\":2,\"name\":\"Sklep\",\"item\":\"https:\\\/\\\/www.noshi.pl\\\/en\\\/sklep\\\/\"},{\"@type\":\"ListItem\",\"position\":3,\"name\":\"Bluza Medyczna Damska BASIC CAYEN &#8211; DARK ROYAL\"}]},{\"@type\":\"WebSite\",\"@id\":\"https:\\\/\\\/www.noshi.pl\\\/#website\",\"url\":\"https:\\\/\\\/www.noshi.pl\\\/\",\"name\":\"Noshi - Odzie\u017c Medyczna\",\"description\":\"\",\"publisher\":{\"@id\":\"https:\\\/\\\/www.noshi.pl\\\/#organization\"},\"potentialAction\":[{\"@type\":\"SearchAction\",\"target\":{\"@type\":\"EntryPoint\",\"urlTemplate\":\"https:\\\/\\\/www.noshi.pl\\\/?s={search_term_string}\"},\"query-input\":{\"@type\":\"PropertyValueSpecification\",\"valueRequired\":true,\"valueName\":\"search_term_string\"}}],\"inLanguage\":\"en-GB\"},{\"@type\":\"Organization\",\"@id\":\"https:\\\/\\\/www.noshi.pl\\\/#organization\",\"name\":\"NOSHI\",\"url\":\"https:\\\/\\\/www.noshi.pl\\\/\",\"logo\":{\"@type\":\"ImageObject\",\"inLanguage\":\"en-GB\",\"@id\":\"https:\\\/\\\/www.noshi.pl\\\/#\\\/schema\\\/logo\\\/image\\\/\",\"url\":\"https:\\\/\\\/www.noshi.pl\\\/wp-content\\\/uploads\\\/2021\\\/04\\\/plus-symbol-in-a-rounded-black-square-1.png\",\"contentUrl\":\"https:\\\/\\\/www.noshi.pl\\\/wp-content\\\/uploads\\\/2021\\\/04\\\/plus-symbol-in-a-rounded-black-square-1.png\",\"width\":512,\"height\":512,\"caption\":\"NOSHI\"},\"image\":{\"@id\":\"https:\\\/\\\/www.noshi.pl\\\/#\\\/schema\\\/logo\\\/image\\\/\"},\"sameAs\":[\"https:\\\/\\\/www.facebook.com\\\/NoshiPL\"]}]}<\/script>\n<!-- \/ Yoast SEO Premium plugin. -->","yoast_head_json":{"title":"Medical Blouse Ladies' BASIC CAYEN - DARK ROYAL | Noshi - Medical Clothing","robots":{"index":"index","follow":"follow","max-snippet":"max-snippet:-1","max-image-preview":"max-image-preview:large","max-video-preview":"max-video-preview:-1"},"canonical":"https:\/\/www.noshi.pl\/en\/product\/womens-medical-sweatshirt-basic-cayen-dark-royal\/","og_locale":"en_GB","og_type":"article","og_title":"Bluza Medyczna Damska BASIC CAYEN - DARK ROYAL","og_description":"Bluza medyczna damska CAYEN z kolekcji Basic - to klasyczny model wykonany z mi\u0119kkiego, oddychaj\u0105cego materia\u0142u odpornego na zagniecenia. Posiada trzy pojemne kieszenie i jest dost\u0119pna w szerokiej gamie kolor\u00f3w, \u0142\u0105cz\u0105c wygod\u0119 z profesjonalnym wygl\u0105dem","og_url":"https:\/\/www.noshi.pl\/en\/product\/womens-medical-sweatshirt-basic-cayen-dark-royal\/","og_site_name":"Noshi - Odzie\u017c Medyczna","article_publisher":"https:\/\/www.facebook.com\/NoshiPL","article_modified_time":"2026-03-29T21:29:25+00:00","og_image":[{"width":1706,"height":2560,"url":"https:\/\/www.noshi.pl\/wp-content\/uploads\/2025\/04\/bluza-medycza-damska-basic-cayen-dark-royal-1-scaled.jpg","type":"image\/jpeg"}],"twitter_card":"summary_large_image","twitter_misc":{"Estimated reading time":"1 minute"},"schema":{"@context":"https:\/\/schema.org","@graph":[{"@type":"WebPage","@id":"https:\/\/www.noshi.pl\/produkt\/bluza-medyczna-damska-basic-cayen-dark-royal\/","url":"https:\/\/www.noshi.pl\/produkt\/bluza-medyczna-damska-basic-cayen-dark-royal\/","name":"Medical Blouse Ladies' BASIC CAYEN - DARK ROYAL | Noshi - Medical Clothing","isPartOf":{"@id":"https:\/\/www.noshi.pl\/#website"},"primaryImageOfPage":{"@id":"https:\/\/www.noshi.pl\/produkt\/bluza-medyczna-damska-basic-cayen-dark-royal\/#primaryimage"},"image":{"@id":"https:\/\/www.noshi.pl\/produkt\/bluza-medyczna-damska-basic-cayen-dark-royal\/#primaryimage"},"thumbnailUrl":"https:\/\/www.noshi.pl\/wp-content\/uploads\/2025\/04\/bluza-medycza-damska-basic-cayen-dark-royal-1-scaled.jpg","datePublished":"2025-04-11T18:55:00+00:00","dateModified":"2026-03-29T21:29:25+00:00","breadcrumb":{"@id":"https:\/\/www.noshi.pl\/produkt\/bluza-medyczna-damska-basic-cayen-dark-royal\/#breadcrumb"},"inLanguage":"en-GB","potentialAction":[{"@type":"ReadAction","target":["https:\/\/www.noshi.pl\/produkt\/bluza-medyczna-damska-basic-cayen-dark-royal\/"]}]},{"@type":"ImageObject","inLanguage":"en-GB","@id":"https:\/\/www.noshi.pl\/produkt\/bluza-medyczna-damska-basic-cayen-dark-royal\/#primaryimage","url":"https:\/\/www.noshi.pl\/wp-content\/uploads\/2025\/04\/bluza-medycza-damska-basic-cayen-dark-royal-1-scaled.jpg","contentUrl":"https:\/\/www.noshi.pl\/wp-content\/uploads\/2025\/04\/bluza-medycza-damska-basic-cayen-dark-royal-1-scaled.jpg","width":1706,"height":2560},{"@type":"BreadcrumbList","@id":"https:\/\/www.noshi.pl\/produkt\/bluza-medyczna-damska-basic-cayen-dark-royal\/#breadcrumb","itemListElement":[{"@type":"ListItem","position":1,"name":"Strona g\u0142\u00f3wna","item":"https:\/\/www.noshi.pl\/"},{"@type":"ListItem","position":2,"name":"Sklep","item":"https:\/\/www.noshi.pl\/en\/sklep\/"},{"@type":"ListItem","position":3,"name":"Bluza Medyczna Damska BASIC CAYEN &#8211; DARK ROYAL"}]},{"@type":"WebSite","@id":"https:\/\/www.noshi.pl\/#website","url":"https:\/\/www.noshi.pl\/","name":"Noshi - Medical clothing","description":"","publisher":{"@id":"https:\/\/www.noshi.pl\/#organization"},"potentialAction":[{"@type":"SearchAction","target":{"@type":"EntryPoint","urlTemplate":"https:\/\/www.noshi.pl\/?s={search_term_string}"},"query-input":{"@type":"PropertyValueSpecification","valueRequired":true,"valueName":"search_term_string"}}],"inLanguage":"en-GB"},{"@type":"Organization","@id":"https:\/\/www.noshi.pl\/#organization","name":"NOSHI","url":"https:\/\/www.noshi.pl\/","logo":{"@type":"ImageObject","inLanguage":"en-GB","@id":"https:\/\/www.noshi.pl\/#\/schema\/logo\/image\/","url":"https:\/\/www.noshi.pl\/wp-content\/uploads\/2021\/04\/plus-symbol-in-a-rounded-black-square-1.png","contentUrl":"https:\/\/www.noshi.pl\/wp-content\/uploads\/2021\/04\/plus-symbol-in-a-rounded-black-square-1.png","width":512,"height":512,"caption":"NOSHI"},"image":{"@id":"https:\/\/www.noshi.pl\/#\/schema\/logo\/image\/"},"sameAs":["https:\/\/www.facebook.com\/NoshiPL"]}]}},"_links":{"self":[{"href":"https:\/\/www.noshi.pl\/en\/wp-json\/wp\/v2\/product\/62792","targetHints":{"allow":["GET"]}}],"collection":[{"href":"https:\/\/www.noshi.pl\/en\/wp-json\/wp\/v2\/product"}],"about":[{"href":"https:\/\/www.noshi.pl\/en\/wp-json\/wp\/v2\/types\/product"}],"wp:featuredmedia":[{"embeddable":true,"href":"https:\/\/www.noshi.pl\/en\/wp-json\/wp\/v2\/media\/62196"}],"wp:attachment":[{"href":"https:\/\/www.noshi.pl\/en\/wp-json\/wp\/v2\/media?parent=62792"}],"wp:term":[{"taxonomy":"product_brand","embeddable":true,"href":"https:\/\/www.noshi.pl\/en\/wp-json\/wp\/v2\/product_brand?post=62792"},{"taxonomy":"product_cat","embeddable":true,"href":"https:\/\/www.noshi.pl\/en\/wp-json\/wp\/v2\/product_cat?post=62792"},{"taxonomy":"product_tag","embeddable":true,"href":"https:\/\/www.noshi.pl\/en\/wp-json\/wp\/v2\/product_tag?post=62792"}],"curies":[{"name":"wp","href":"https:\/\/api.w.org\/{rel}","templated":true}]}}