{"id":62910,"date":"2025-04-12T14:54:30","date_gmt":"2025-04-12T12:54:30","guid":{"rendered":"https:\/\/www.noshi.pl\/?post_type=product&#038;p=62910"},"modified":"2026-03-04T22:15:19","modified_gmt":"2026-03-04T21:15:19","slug":"spodnie-medyczne-damskie-basic-slim-fit-black","status":"publish","type":"product","link":"https:\/\/www.noshi.pl\/en\/product\/womens-medical-trousers-basic-slim-fit-black\/","title":{"rendered":"Medical trousers Women's BASIC SLIM FIT - BLACK"},"content":{"rendered":"<p>Women's medical trousers <strong>SLIM FIT<\/strong> from the Basic collection in the colour <strong>black<\/strong> is a classic that combines a professional look with comfort. The deep, saturated black adds elegance and matches any medical sweatshirt to create a cohesive, modern uniform.<br \/>\nThe trousers have a tailored cut of <strong>SLIM FIT<\/strong> with slightly tapered legs that subtly accentuates the silhouette and guarantees complete freedom of movement. The elastic waistband ensures a comfortable fit and a perfect fit, without the need for additional strings or drawstrings.<br \/>\nThe model has been sewn from a lightweight, breathable fabric that is resistant to washing and will not lose its colour or shape. The trousers are equipped with four functional pockets - two at the front and two at the back, ideal for handy accessories.<\/p>","protected":false},"excerpt":{"rendered":"<p>Women's medical trousers <strong>SLIM FIT<\/strong> from the Basic collection have a fitted, straight cut that accentuates the silhouette and provides all-day comfort. They are made of high-quality fabric that is soft, stretchy and resistant to fading. They have four practical pockets - two on the front and two on the back - to hold essentials.<\/p>","protected":false},"featured_media":62062,"template":"","meta":[],"product_brand":[],"product_cat":[17,99,90,87,72,74,73,71,75,76,78,77,86,93,81,82,91,88,95,92,85,96,89,94,84,83,102,101],"product_tag":[],"class_list":{"0":"post-62910","1":"product","2":"type-product","3":"status-publish","4":"has-post-thumbnail","6":"product_cat-kobiety","7":"product_cat-kolekcja-basic-kobiety","8":"product_cat-odziez-medyczna-bialystok","9":"product_cat-odziez-medyczna-bydgoszcz","10":"product_cat-odziez-medyczna-dla-fizjoterapeutow","11":"product_cat-odziez-medyczna-dla-kosmetyczek","12":"product_cat-odziez-medyczna-dla-lekarzy","13":"product_cat-odziez-medyczna-dla-pielegniarek","14":"product_cat-odziez-medyczna-dla-poloznych","15":"product_cat-odziez-medyczna-dla-stomatologow","16":"product_cat-odziez-medyczna-dla-studentow","17":"product_cat-odziez-medyczna-dla-weterynarzy","18":"product_cat-odziez-medyczna-gdansk","19":"product_cat-odziez-medyczna-katowice","20":"product_cat-odziez-medyczna-kielce","21":"product_cat-odziez-medyczna-krakow","22":"product_cat-odziez-medyczna-lodz","23":"product_cat-odziez-medyczna-lublin","24":"product_cat-odziez-medyczna-olsztyn","25":"product_cat-odziez-medyczna-opole","26":"product_cat-odziez-medyczna-poznan","27":"product_cat-odziez-medyczna-rzeszow","28":"product_cat-odziez-medyczna-szczecin","29":"product_cat-odziez-medyczna-torun","30":"product_cat-odziez-medyczna-warszawa","31":"product_cat-odziez-medyczna-wroclaw","32":"product_cat-scrubsy-medyczne-damskie-basic","33":"product_cat-spodnie-medyczne-damskie-basic","35":"first","36":"instock","37":"taxable","38":"shipping-taxable","39":"purchasable","40":"product-type-variable"},"supplier_id":null,"supplier_sku":"","barcode":null,"atum_controlled":true,"out_stock_date":null,"out_stock_threshold":null,"inheritable":true,"inbound_stock":0,"stock_on_hold":0,"sold_today":0,"sales_last_days":0,"reserved_stock":0,"customer_returns":0,"warehouse_damage":0,"lost_in_post":0,"other_logs":0,"out_stock_days":0,"lost_sales":0,"has_location":false,"update_date":"2026-04-15T00:19:45","atum_locations":[],"atum_stock_status":"instock","restock_status":false,"low_stock_amount":"","sales_update_date":"2026-04-15T00:19:45","calc_backorders":null,"yoast_head":"<!-- This site is optimized with the Yoast SEO Premium plugin v23.1 (Yoast SEO v27.3) - https:\/\/yoast.com\/product\/yoast-seo-premium-wordpress\/ -->\n<title>Spodnie Medyczne Damskie BASIC SLIM FIT - BLACK | Noshi - Odzie\u017c Medyczna<\/title>\n<meta name=\"robots\" content=\"index, follow, max-snippet:-1, max-image-preview:large, max-video-preview:-1\" \/>\n<link rel=\"canonical\" href=\"https:\/\/www.noshi.pl\/en\/product\/womens-medical-trousers-basic-slim-fit-black\/\" \/>\n<meta property=\"og:locale\" content=\"en_GB\" \/>\n<meta property=\"og:type\" content=\"article\" \/>\n<meta property=\"og:title\" content=\"Spodnie Medyczne Damskie BASIC SLIM FIT - BLACK\" \/>\n<meta property=\"og:description\" content=\"Spodnie medyczne damskie SLIM FIT z kolekcji Basic maj\u0105 dopasowany, prosty fason, kt\u00f3ry podkre\u015bla sylwetk\u0119 i zapewnia komfort przez ca\u0142y dzie\u0144. Wykonane s\u0105 z wysokiej jako\u015bci materia\u0142u, kt\u00f3ry jest mi\u0119kki, elastyczny i odporny na mechacenie. Posiadaj\u0105 cztery praktyczne kieszenie \u2013 dwie z przodu i dwie z ty\u0142u \u2013 kt\u00f3re pomieszcz\u0105 niezb\u0119dne akcesoria.\" \/>\n<meta property=\"og:url\" content=\"https:\/\/www.noshi.pl\/en\/product\/womens-medical-trousers-basic-slim-fit-black\/\" \/>\n<meta property=\"og:site_name\" content=\"Noshi - Odzie\u017c Medyczna\" \/>\n<meta property=\"article:publisher\" content=\"https:\/\/www.facebook.com\/NoshiPL\" \/>\n<meta property=\"article:modified_time\" content=\"2026-03-04T21:15:19+00:00\" \/>\n<meta property=\"og:image\" content=\"https:\/\/www.noshi.pl\/wp-content\/uploads\/2025\/04\/spodnie-medyczne-damskie-basic-slim-fit-black-1-scaled.jpg\" \/>\n\t<meta property=\"og:image:width\" content=\"1707\" \/>\n\t<meta property=\"og:image:height\" content=\"2560\" \/>\n\t<meta property=\"og:image:type\" content=\"image\/jpeg\" \/>\n<meta name=\"twitter:card\" content=\"summary_large_image\" \/>\n<meta name=\"twitter:label1\" content=\"Estimated reading time\" \/>\n\t<meta name=\"twitter:data1\" content=\"1 minute\" \/>\n<script type=\"application\/ld+json\" class=\"yoast-schema-graph\">{\"@context\":\"https:\\\/\\\/schema.org\",\"@graph\":[{\"@type\":\"WebPage\",\"@id\":\"https:\\\/\\\/www.noshi.pl\\\/produkt\\\/spodnie-medyczne-damskie-basic-slim-fit-black\\\/\",\"url\":\"https:\\\/\\\/www.noshi.pl\\\/produkt\\\/spodnie-medyczne-damskie-basic-slim-fit-black\\\/\",\"name\":\"Spodnie Medyczne Damskie BASIC SLIM FIT - BLACK | Noshi - Odzie\u017c Medyczna\",\"isPartOf\":{\"@id\":\"https:\\\/\\\/www.noshi.pl\\\/#website\"},\"primaryImageOfPage\":{\"@id\":\"https:\\\/\\\/www.noshi.pl\\\/produkt\\\/spodnie-medyczne-damskie-basic-slim-fit-black\\\/#primaryimage\"},\"image\":{\"@id\":\"https:\\\/\\\/www.noshi.pl\\\/produkt\\\/spodnie-medyczne-damskie-basic-slim-fit-black\\\/#primaryimage\"},\"thumbnailUrl\":\"https:\\\/\\\/www.noshi.pl\\\/wp-content\\\/uploads\\\/2025\\\/04\\\/spodnie-medyczne-damskie-basic-slim-fit-black-1-scaled.jpg\",\"datePublished\":\"2025-04-12T12:54:30+00:00\",\"dateModified\":\"2026-03-04T21:15:19+00:00\",\"breadcrumb\":{\"@id\":\"https:\\\/\\\/www.noshi.pl\\\/produkt\\\/spodnie-medyczne-damskie-basic-slim-fit-black\\\/#breadcrumb\"},\"inLanguage\":\"en-GB\",\"potentialAction\":[{\"@type\":\"ReadAction\",\"target\":[\"https:\\\/\\\/www.noshi.pl\\\/produkt\\\/spodnie-medyczne-damskie-basic-slim-fit-black\\\/\"]}]},{\"@type\":\"ImageObject\",\"inLanguage\":\"en-GB\",\"@id\":\"https:\\\/\\\/www.noshi.pl\\\/produkt\\\/spodnie-medyczne-damskie-basic-slim-fit-black\\\/#primaryimage\",\"url\":\"https:\\\/\\\/www.noshi.pl\\\/wp-content\\\/uploads\\\/2025\\\/04\\\/spodnie-medyczne-damskie-basic-slim-fit-black-1-scaled.jpg\",\"contentUrl\":\"https:\\\/\\\/www.noshi.pl\\\/wp-content\\\/uploads\\\/2025\\\/04\\\/spodnie-medyczne-damskie-basic-slim-fit-black-1-scaled.jpg\",\"width\":1707,\"height\":2560},{\"@type\":\"BreadcrumbList\",\"@id\":\"https:\\\/\\\/www.noshi.pl\\\/produkt\\\/spodnie-medyczne-damskie-basic-slim-fit-black\\\/#breadcrumb\",\"itemListElement\":[{\"@type\":\"ListItem\",\"position\":1,\"name\":\"Strona g\u0142\u00f3wna\",\"item\":\"https:\\\/\\\/www.noshi.pl\\\/\"},{\"@type\":\"ListItem\",\"position\":2,\"name\":\"Sklep\",\"item\":\"https:\\\/\\\/www.noshi.pl\\\/en\\\/sklep\\\/\"},{\"@type\":\"ListItem\",\"position\":3,\"name\":\"Spodnie Medyczne Damskie BASIC SLIM FIT &#8211; BLACK\"}]},{\"@type\":\"WebSite\",\"@id\":\"https:\\\/\\\/www.noshi.pl\\\/#website\",\"url\":\"https:\\\/\\\/www.noshi.pl\\\/\",\"name\":\"Noshi - Odzie\u017c Medyczna\",\"description\":\"\",\"publisher\":{\"@id\":\"https:\\\/\\\/www.noshi.pl\\\/#organization\"},\"potentialAction\":[{\"@type\":\"SearchAction\",\"target\":{\"@type\":\"EntryPoint\",\"urlTemplate\":\"https:\\\/\\\/www.noshi.pl\\\/?s={search_term_string}\"},\"query-input\":{\"@type\":\"PropertyValueSpecification\",\"valueRequired\":true,\"valueName\":\"search_term_string\"}}],\"inLanguage\":\"en-GB\"},{\"@type\":\"Organization\",\"@id\":\"https:\\\/\\\/www.noshi.pl\\\/#organization\",\"name\":\"NOSHI\",\"url\":\"https:\\\/\\\/www.noshi.pl\\\/\",\"logo\":{\"@type\":\"ImageObject\",\"inLanguage\":\"en-GB\",\"@id\":\"https:\\\/\\\/www.noshi.pl\\\/#\\\/schema\\\/logo\\\/image\\\/\",\"url\":\"https:\\\/\\\/www.noshi.pl\\\/wp-content\\\/uploads\\\/2021\\\/04\\\/plus-symbol-in-a-rounded-black-square-1.png\",\"contentUrl\":\"https:\\\/\\\/www.noshi.pl\\\/wp-content\\\/uploads\\\/2021\\\/04\\\/plus-symbol-in-a-rounded-black-square-1.png\",\"width\":512,\"height\":512,\"caption\":\"NOSHI\"},\"image\":{\"@id\":\"https:\\\/\\\/www.noshi.pl\\\/#\\\/schema\\\/logo\\\/image\\\/\"},\"sameAs\":[\"https:\\\/\\\/www.facebook.com\\\/NoshiPL\"]}]}<\/script>\n<!-- \/ Yoast SEO Premium plugin. -->","yoast_head_json":{"title":"Medical trousers Women's BASIC SLIM FIT - BLACK | Noshi - Medical clothing","robots":{"index":"index","follow":"follow","max-snippet":"max-snippet:-1","max-image-preview":"max-image-preview:large","max-video-preview":"max-video-preview:-1"},"canonical":"https:\/\/www.noshi.pl\/en\/product\/womens-medical-trousers-basic-slim-fit-black\/","og_locale":"en_GB","og_type":"article","og_title":"Spodnie Medyczne Damskie BASIC SLIM FIT - BLACK","og_description":"Spodnie medyczne damskie SLIM FIT z kolekcji Basic maj\u0105 dopasowany, prosty fason, kt\u00f3ry podkre\u015bla sylwetk\u0119 i zapewnia komfort przez ca\u0142y dzie\u0144. Wykonane s\u0105 z wysokiej jako\u015bci materia\u0142u, kt\u00f3ry jest mi\u0119kki, elastyczny i odporny na mechacenie. Posiadaj\u0105 cztery praktyczne kieszenie \u2013 dwie z przodu i dwie z ty\u0142u \u2013 kt\u00f3re pomieszcz\u0105 niezb\u0119dne akcesoria.","og_url":"https:\/\/www.noshi.pl\/en\/product\/womens-medical-trousers-basic-slim-fit-black\/","og_site_name":"Noshi - Odzie\u017c Medyczna","article_publisher":"https:\/\/www.facebook.com\/NoshiPL","article_modified_time":"2026-03-04T21:15:19+00:00","og_image":[{"width":1707,"height":2560,"url":"https:\/\/www.noshi.pl\/wp-content\/uploads\/2025\/04\/spodnie-medyczne-damskie-basic-slim-fit-black-1-scaled.jpg","type":"image\/jpeg"}],"twitter_card":"summary_large_image","twitter_misc":{"Estimated reading time":"1 minute"},"schema":{"@context":"https:\/\/schema.org","@graph":[{"@type":"WebPage","@id":"https:\/\/www.noshi.pl\/produkt\/spodnie-medyczne-damskie-basic-slim-fit-black\/","url":"https:\/\/www.noshi.pl\/produkt\/spodnie-medyczne-damskie-basic-slim-fit-black\/","name":"Medical trousers Women's BASIC SLIM FIT - BLACK | Noshi - Medical clothing","isPartOf":{"@id":"https:\/\/www.noshi.pl\/#website"},"primaryImageOfPage":{"@id":"https:\/\/www.noshi.pl\/produkt\/spodnie-medyczne-damskie-basic-slim-fit-black\/#primaryimage"},"image":{"@id":"https:\/\/www.noshi.pl\/produkt\/spodnie-medyczne-damskie-basic-slim-fit-black\/#primaryimage"},"thumbnailUrl":"https:\/\/www.noshi.pl\/wp-content\/uploads\/2025\/04\/spodnie-medyczne-damskie-basic-slim-fit-black-1-scaled.jpg","datePublished":"2025-04-12T12:54:30+00:00","dateModified":"2026-03-04T21:15:19+00:00","breadcrumb":{"@id":"https:\/\/www.noshi.pl\/produkt\/spodnie-medyczne-damskie-basic-slim-fit-black\/#breadcrumb"},"inLanguage":"en-GB","potentialAction":[{"@type":"ReadAction","target":["https:\/\/www.noshi.pl\/produkt\/spodnie-medyczne-damskie-basic-slim-fit-black\/"]}]},{"@type":"ImageObject","inLanguage":"en-GB","@id":"https:\/\/www.noshi.pl\/produkt\/spodnie-medyczne-damskie-basic-slim-fit-black\/#primaryimage","url":"https:\/\/www.noshi.pl\/wp-content\/uploads\/2025\/04\/spodnie-medyczne-damskie-basic-slim-fit-black-1-scaled.jpg","contentUrl":"https:\/\/www.noshi.pl\/wp-content\/uploads\/2025\/04\/spodnie-medyczne-damskie-basic-slim-fit-black-1-scaled.jpg","width":1707,"height":2560},{"@type":"BreadcrumbList","@id":"https:\/\/www.noshi.pl\/produkt\/spodnie-medyczne-damskie-basic-slim-fit-black\/#breadcrumb","itemListElement":[{"@type":"ListItem","position":1,"name":"Strona g\u0142\u00f3wna","item":"https:\/\/www.noshi.pl\/"},{"@type":"ListItem","position":2,"name":"Sklep","item":"https:\/\/www.noshi.pl\/en\/sklep\/"},{"@type":"ListItem","position":3,"name":"Spodnie Medyczne Damskie BASIC SLIM FIT &#8211; BLACK"}]},{"@type":"WebSite","@id":"https:\/\/www.noshi.pl\/#website","url":"https:\/\/www.noshi.pl\/","name":"Noshi - Medical clothing","description":"","publisher":{"@id":"https:\/\/www.noshi.pl\/#organization"},"potentialAction":[{"@type":"SearchAction","target":{"@type":"EntryPoint","urlTemplate":"https:\/\/www.noshi.pl\/?s={search_term_string}"},"query-input":{"@type":"PropertyValueSpecification","valueRequired":true,"valueName":"search_term_string"}}],"inLanguage":"en-GB"},{"@type":"Organization","@id":"https:\/\/www.noshi.pl\/#organization","name":"NOSHI","url":"https:\/\/www.noshi.pl\/","logo":{"@type":"ImageObject","inLanguage":"en-GB","@id":"https:\/\/www.noshi.pl\/#\/schema\/logo\/image\/","url":"https:\/\/www.noshi.pl\/wp-content\/uploads\/2021\/04\/plus-symbol-in-a-rounded-black-square-1.png","contentUrl":"https:\/\/www.noshi.pl\/wp-content\/uploads\/2021\/04\/plus-symbol-in-a-rounded-black-square-1.png","width":512,"height":512,"caption":"NOSHI"},"image":{"@id":"https:\/\/www.noshi.pl\/#\/schema\/logo\/image\/"},"sameAs":["https:\/\/www.facebook.com\/NoshiPL"]}]}},"_links":{"self":[{"href":"https:\/\/www.noshi.pl\/en\/wp-json\/wp\/v2\/product\/62910","targetHints":{"allow":["GET"]}}],"collection":[{"href":"https:\/\/www.noshi.pl\/en\/wp-json\/wp\/v2\/product"}],"about":[{"href":"https:\/\/www.noshi.pl\/en\/wp-json\/wp\/v2\/types\/product"}],"wp:featuredmedia":[{"embeddable":true,"href":"https:\/\/www.noshi.pl\/en\/wp-json\/wp\/v2\/media\/62062"}],"wp:attachment":[{"href":"https:\/\/www.noshi.pl\/en\/wp-json\/wp\/v2\/media?parent=62910"}],"wp:term":[{"taxonomy":"product_brand","embeddable":true,"href":"https:\/\/www.noshi.pl\/en\/wp-json\/wp\/v2\/product_brand?post=62910"},{"taxonomy":"product_cat","embeddable":true,"href":"https:\/\/www.noshi.pl\/en\/wp-json\/wp\/v2\/product_cat?post=62910"},{"taxonomy":"product_tag","embeddable":true,"href":"https:\/\/www.noshi.pl\/en\/wp-json\/wp\/v2\/product_tag?post=62910"}],"curies":[{"name":"wp","href":"https:\/\/api.w.org\/{rel}","templated":true}]}}