{"id":63658,"date":"2025-04-13T15:59:43","date_gmt":"2025-04-13T13:59:43","guid":{"rendered":"https:\/\/www.noshi.pl\/?post_type=product&#038;p=63658"},"modified":"2026-04-16T21:47:22","modified_gmt":"2026-04-16T19:47:22","slug":"bluza-medyczna-damska-basic-mila-ash-pink","status":"publish","type":"product","link":"https:\/\/www.noshi.pl\/en\/product\/womens-medical-sweatshirt-basic-mila-ash-pink\/","title":{"rendered":"Ladies' BASIC MILA Medical Blouse - ASH PINK"},"content":{"rendered":"<p>Ladies' medical blouse <strong>MILA<\/strong> from the Basic collection in the colour <strong>ash pink<\/strong> is a combination of functionality and feminine style. Made of breathable fabric, it ensures comfort even in the most demanding conditions. The model features roomy patch pockets to hold useful accessories. The straight cut with a v-neck sits beautifully on the silhouette, while the muted pink shade adds subtle charm. The blouse will go well both solo and paired with trousers in the same colour.<\/p>","protected":false},"excerpt":{"rendered":"<p>Ladies' medical blouse <strong>MILA<\/strong> from the Basic collection is a combination of comfort and functionality. Made from a stretchy, breathable fabric, it provides all-day comfort. It has two roomy pockets on the front to hold your essentials.<\/p>","protected":false},"featured_media":62072,"template":"","meta":[],"product_brand":[],"product_cat":[100,17,99,90,87,72,74,73,71,75,76,78,77,86,93,81,82,91,88,95,92,85,96,89,94,84,83,102],"product_tag":[],"class_list":{"0":"post-63658","1":"product","2":"type-product","3":"status-publish","4":"has-post-thumbnail","6":"product_cat-bluzy-medyczne-damskie-basic","7":"product_cat-kobiety","8":"product_cat-kolekcja-basic-kobiety","9":"product_cat-odziez-medyczna-bialystok","10":"product_cat-odziez-medyczna-bydgoszcz","11":"product_cat-odziez-medyczna-dla-fizjoterapeutow","12":"product_cat-odziez-medyczna-dla-kosmetyczek","13":"product_cat-odziez-medyczna-dla-lekarzy","14":"product_cat-odziez-medyczna-dla-pielegniarek","15":"product_cat-odziez-medyczna-dla-poloznych","16":"product_cat-odziez-medyczna-dla-stomatologow","17":"product_cat-odziez-medyczna-dla-studentow","18":"product_cat-odziez-medyczna-dla-weterynarzy","19":"product_cat-odziez-medyczna-gdansk","20":"product_cat-odziez-medyczna-katowice","21":"product_cat-odziez-medyczna-kielce","22":"product_cat-odziez-medyczna-krakow","23":"product_cat-odziez-medyczna-lodz","24":"product_cat-odziez-medyczna-lublin","25":"product_cat-odziez-medyczna-olsztyn","26":"product_cat-odziez-medyczna-opole","27":"product_cat-odziez-medyczna-poznan","28":"product_cat-odziez-medyczna-rzeszow","29":"product_cat-odziez-medyczna-szczecin","30":"product_cat-odziez-medyczna-torun","31":"product_cat-odziez-medyczna-warszawa","32":"product_cat-odziez-medyczna-wroclaw","33":"product_cat-scrubsy-medyczne-damskie-basic","35":"first","36":"instock","37":"taxable","38":"shipping-taxable","39":"purchasable","40":"product-type-variable"},"supplier_id":null,"supplier_sku":"","barcode":null,"atum_controlled":true,"out_stock_date":null,"out_stock_threshold":null,"inheritable":true,"inbound_stock":0,"stock_on_hold":1,"sold_today":0,"sales_last_days":1,"reserved_stock":0,"customer_returns":0,"warehouse_damage":0,"lost_in_post":0,"other_logs":0,"out_stock_days":0,"lost_sales":0,"has_location":false,"update_date":"2026-04-17T10:46:43","atum_locations":[],"atum_stock_status":"instock","restock_status":false,"low_stock_amount":"","sales_update_date":"2026-04-16T00:14:50","calc_backorders":null,"yoast_head":"<!-- This site is optimized with the Yoast SEO Premium plugin v23.1 (Yoast SEO v27.3) - https:\/\/yoast.com\/product\/yoast-seo-premium-wordpress\/ -->\n<title>Bluza Medyczna Damska BASIC MILA - ASH PINK | Noshi - Odzie\u017c Medyczna<\/title>\n<meta name=\"robots\" content=\"index, follow, max-snippet:-1, max-image-preview:large, max-video-preview:-1\" \/>\n<link rel=\"canonical\" href=\"https:\/\/www.noshi.pl\/en\/product\/womens-medical-sweatshirt-basic-mila-ash-pink\/\" \/>\n<meta property=\"og:locale\" content=\"en_GB\" \/>\n<meta property=\"og:type\" content=\"article\" \/>\n<meta property=\"og:title\" content=\"Bluza Medyczna Damska BASIC MILA - ASH PINK\" \/>\n<meta property=\"og:description\" content=\"Bluza medyczna damska MILA z kolekcji Basic to po\u0142\u0105czenie wygody i funkcjonalno\u015bci. Wykonana z elastycznego, oddychaj\u0105cego materia\u0142u, zapewnia komfort przez ca\u0142y dzie\u0144. Posiada z przodu dwie pojemne kieszenie, kt\u00f3re pomieszcz\u0105 niezb\u0119dne akcesoria.\" \/>\n<meta property=\"og:url\" content=\"https:\/\/www.noshi.pl\/en\/product\/womens-medical-sweatshirt-basic-mila-ash-pink\/\" \/>\n<meta property=\"og:site_name\" content=\"Noshi - Odzie\u017c Medyczna\" \/>\n<meta property=\"article:publisher\" content=\"https:\/\/www.facebook.com\/NoshiPL\" \/>\n<meta property=\"article:modified_time\" content=\"2026-04-16T19:47:22+00:00\" \/>\n<meta property=\"og:image\" content=\"https:\/\/www.noshi.pl\/wp-content\/uploads\/2025\/04\/bluza-medycza-damska-basic-mila-ash-pink-1-scaled.jpg\" \/>\n\t<meta property=\"og:image:width\" content=\"1707\" \/>\n\t<meta property=\"og:image:height\" content=\"2560\" \/>\n\t<meta property=\"og:image:type\" content=\"image\/jpeg\" \/>\n<meta name=\"twitter:card\" content=\"summary_large_image\" \/>\n<meta name=\"twitter:label1\" content=\"Estimated reading time\" \/>\n\t<meta name=\"twitter:data1\" content=\"1 minute\" \/>\n<script type=\"application\/ld+json\" class=\"yoast-schema-graph\">{\"@context\":\"https:\\\/\\\/schema.org\",\"@graph\":[{\"@type\":\"WebPage\",\"@id\":\"https:\\\/\\\/www.noshi.pl\\\/produkt\\\/bluza-medyczna-damska-basic-mila-ash-pink\\\/\",\"url\":\"https:\\\/\\\/www.noshi.pl\\\/produkt\\\/bluza-medyczna-damska-basic-mila-ash-pink\\\/\",\"name\":\"Bluza Medyczna Damska BASIC MILA - ASH PINK | Noshi - Odzie\u017c Medyczna\",\"isPartOf\":{\"@id\":\"https:\\\/\\\/www.noshi.pl\\\/#website\"},\"primaryImageOfPage\":{\"@id\":\"https:\\\/\\\/www.noshi.pl\\\/produkt\\\/bluza-medyczna-damska-basic-mila-ash-pink\\\/#primaryimage\"},\"image\":{\"@id\":\"https:\\\/\\\/www.noshi.pl\\\/produkt\\\/bluza-medyczna-damska-basic-mila-ash-pink\\\/#primaryimage\"},\"thumbnailUrl\":\"https:\\\/\\\/www.noshi.pl\\\/wp-content\\\/uploads\\\/2025\\\/04\\\/bluza-medycza-damska-basic-mila-ash-pink-1-scaled.jpg\",\"datePublished\":\"2025-04-13T13:59:43+00:00\",\"dateModified\":\"2026-04-16T19:47:22+00:00\",\"breadcrumb\":{\"@id\":\"https:\\\/\\\/www.noshi.pl\\\/produkt\\\/bluza-medyczna-damska-basic-mila-ash-pink\\\/#breadcrumb\"},\"inLanguage\":\"en-GB\",\"potentialAction\":[{\"@type\":\"ReadAction\",\"target\":[\"https:\\\/\\\/www.noshi.pl\\\/produkt\\\/bluza-medyczna-damska-basic-mila-ash-pink\\\/\"]}]},{\"@type\":\"ImageObject\",\"inLanguage\":\"en-GB\",\"@id\":\"https:\\\/\\\/www.noshi.pl\\\/produkt\\\/bluza-medyczna-damska-basic-mila-ash-pink\\\/#primaryimage\",\"url\":\"https:\\\/\\\/www.noshi.pl\\\/wp-content\\\/uploads\\\/2025\\\/04\\\/bluza-medycza-damska-basic-mila-ash-pink-1-scaled.jpg\",\"contentUrl\":\"https:\\\/\\\/www.noshi.pl\\\/wp-content\\\/uploads\\\/2025\\\/04\\\/bluza-medycza-damska-basic-mila-ash-pink-1-scaled.jpg\",\"width\":1707,\"height\":2560},{\"@type\":\"BreadcrumbList\",\"@id\":\"https:\\\/\\\/www.noshi.pl\\\/produkt\\\/bluza-medyczna-damska-basic-mila-ash-pink\\\/#breadcrumb\",\"itemListElement\":[{\"@type\":\"ListItem\",\"position\":1,\"name\":\"Strona g\u0142\u00f3wna\",\"item\":\"https:\\\/\\\/www.noshi.pl\\\/\"},{\"@type\":\"ListItem\",\"position\":2,\"name\":\"Sklep\",\"item\":\"https:\\\/\\\/www.noshi.pl\\\/en\\\/sklep\\\/\"},{\"@type\":\"ListItem\",\"position\":3,\"name\":\"Bluza Medyczna Damska BASIC MILA &#8211; ASH PINK\"}]},{\"@type\":\"WebSite\",\"@id\":\"https:\\\/\\\/www.noshi.pl\\\/#website\",\"url\":\"https:\\\/\\\/www.noshi.pl\\\/\",\"name\":\"Noshi - Odzie\u017c Medyczna\",\"description\":\"\",\"publisher\":{\"@id\":\"https:\\\/\\\/www.noshi.pl\\\/#organization\"},\"potentialAction\":[{\"@type\":\"SearchAction\",\"target\":{\"@type\":\"EntryPoint\",\"urlTemplate\":\"https:\\\/\\\/www.noshi.pl\\\/?s={search_term_string}\"},\"query-input\":{\"@type\":\"PropertyValueSpecification\",\"valueRequired\":true,\"valueName\":\"search_term_string\"}}],\"inLanguage\":\"en-GB\"},{\"@type\":\"Organization\",\"@id\":\"https:\\\/\\\/www.noshi.pl\\\/#organization\",\"name\":\"NOSHI\",\"url\":\"https:\\\/\\\/www.noshi.pl\\\/\",\"logo\":{\"@type\":\"ImageObject\",\"inLanguage\":\"en-GB\",\"@id\":\"https:\\\/\\\/www.noshi.pl\\\/#\\\/schema\\\/logo\\\/image\\\/\",\"url\":\"https:\\\/\\\/www.noshi.pl\\\/wp-content\\\/uploads\\\/2021\\\/04\\\/plus-symbol-in-a-rounded-black-square-1.png\",\"contentUrl\":\"https:\\\/\\\/www.noshi.pl\\\/wp-content\\\/uploads\\\/2021\\\/04\\\/plus-symbol-in-a-rounded-black-square-1.png\",\"width\":512,\"height\":512,\"caption\":\"NOSHI\"},\"image\":{\"@id\":\"https:\\\/\\\/www.noshi.pl\\\/#\\\/schema\\\/logo\\\/image\\\/\"},\"sameAs\":[\"https:\\\/\\\/www.facebook.com\\\/NoshiPL\"]}]}<\/script>\n<!-- \/ Yoast SEO Premium plugin. -->","yoast_head_json":{"title":"Medical Blouse BASIC MILA - ASH PINK | Noshi - Medical Clothing","robots":{"index":"index","follow":"follow","max-snippet":"max-snippet:-1","max-image-preview":"max-image-preview:large","max-video-preview":"max-video-preview:-1"},"canonical":"https:\/\/www.noshi.pl\/en\/product\/womens-medical-sweatshirt-basic-mila-ash-pink\/","og_locale":"en_GB","og_type":"article","og_title":"Bluza Medyczna Damska BASIC MILA - ASH PINK","og_description":"Bluza medyczna damska MILA z kolekcji Basic to po\u0142\u0105czenie wygody i funkcjonalno\u015bci. Wykonana z elastycznego, oddychaj\u0105cego materia\u0142u, zapewnia komfort przez ca\u0142y dzie\u0144. Posiada z przodu dwie pojemne kieszenie, kt\u00f3re pomieszcz\u0105 niezb\u0119dne akcesoria.","og_url":"https:\/\/www.noshi.pl\/en\/product\/womens-medical-sweatshirt-basic-mila-ash-pink\/","og_site_name":"Noshi - Odzie\u017c Medyczna","article_publisher":"https:\/\/www.facebook.com\/NoshiPL","article_modified_time":"2026-04-16T19:47:22+00:00","og_image":[{"width":1707,"height":2560,"url":"https:\/\/www.noshi.pl\/wp-content\/uploads\/2025\/04\/bluza-medycza-damska-basic-mila-ash-pink-1-scaled.jpg","type":"image\/jpeg"}],"twitter_card":"summary_large_image","twitter_misc":{"Estimated reading time":"1 minute"},"schema":{"@context":"https:\/\/schema.org","@graph":[{"@type":"WebPage","@id":"https:\/\/www.noshi.pl\/produkt\/bluza-medyczna-damska-basic-mila-ash-pink\/","url":"https:\/\/www.noshi.pl\/produkt\/bluza-medyczna-damska-basic-mila-ash-pink\/","name":"Medical Blouse BASIC MILA - ASH PINK | Noshi - Medical Clothing","isPartOf":{"@id":"https:\/\/www.noshi.pl\/#website"},"primaryImageOfPage":{"@id":"https:\/\/www.noshi.pl\/produkt\/bluza-medyczna-damska-basic-mila-ash-pink\/#primaryimage"},"image":{"@id":"https:\/\/www.noshi.pl\/produkt\/bluza-medyczna-damska-basic-mila-ash-pink\/#primaryimage"},"thumbnailUrl":"https:\/\/www.noshi.pl\/wp-content\/uploads\/2025\/04\/bluza-medycza-damska-basic-mila-ash-pink-1-scaled.jpg","datePublished":"2025-04-13T13:59:43+00:00","dateModified":"2026-04-16T19:47:22+00:00","breadcrumb":{"@id":"https:\/\/www.noshi.pl\/produkt\/bluza-medyczna-damska-basic-mila-ash-pink\/#breadcrumb"},"inLanguage":"en-GB","potentialAction":[{"@type":"ReadAction","target":["https:\/\/www.noshi.pl\/produkt\/bluza-medyczna-damska-basic-mila-ash-pink\/"]}]},{"@type":"ImageObject","inLanguage":"en-GB","@id":"https:\/\/www.noshi.pl\/produkt\/bluza-medyczna-damska-basic-mila-ash-pink\/#primaryimage","url":"https:\/\/www.noshi.pl\/wp-content\/uploads\/2025\/04\/bluza-medycza-damska-basic-mila-ash-pink-1-scaled.jpg","contentUrl":"https:\/\/www.noshi.pl\/wp-content\/uploads\/2025\/04\/bluza-medycza-damska-basic-mila-ash-pink-1-scaled.jpg","width":1707,"height":2560},{"@type":"BreadcrumbList","@id":"https:\/\/www.noshi.pl\/produkt\/bluza-medyczna-damska-basic-mila-ash-pink\/#breadcrumb","itemListElement":[{"@type":"ListItem","position":1,"name":"Strona g\u0142\u00f3wna","item":"https:\/\/www.noshi.pl\/"},{"@type":"ListItem","position":2,"name":"Sklep","item":"https:\/\/www.noshi.pl\/en\/sklep\/"},{"@type":"ListItem","position":3,"name":"Bluza Medyczna Damska BASIC MILA &#8211; ASH PINK"}]},{"@type":"WebSite","@id":"https:\/\/www.noshi.pl\/#website","url":"https:\/\/www.noshi.pl\/","name":"Noshi - Medical clothing","description":"","publisher":{"@id":"https:\/\/www.noshi.pl\/#organization"},"potentialAction":[{"@type":"SearchAction","target":{"@type":"EntryPoint","urlTemplate":"https:\/\/www.noshi.pl\/?s={search_term_string}"},"query-input":{"@type":"PropertyValueSpecification","valueRequired":true,"valueName":"search_term_string"}}],"inLanguage":"en-GB"},{"@type":"Organization","@id":"https:\/\/www.noshi.pl\/#organization","name":"NOSHI","url":"https:\/\/www.noshi.pl\/","logo":{"@type":"ImageObject","inLanguage":"en-GB","@id":"https:\/\/www.noshi.pl\/#\/schema\/logo\/image\/","url":"https:\/\/www.noshi.pl\/wp-content\/uploads\/2021\/04\/plus-symbol-in-a-rounded-black-square-1.png","contentUrl":"https:\/\/www.noshi.pl\/wp-content\/uploads\/2021\/04\/plus-symbol-in-a-rounded-black-square-1.png","width":512,"height":512,"caption":"NOSHI"},"image":{"@id":"https:\/\/www.noshi.pl\/#\/schema\/logo\/image\/"},"sameAs":["https:\/\/www.facebook.com\/NoshiPL"]}]}},"_links":{"self":[{"href":"https:\/\/www.noshi.pl\/en\/wp-json\/wp\/v2\/product\/63658","targetHints":{"allow":["GET"]}}],"collection":[{"href":"https:\/\/www.noshi.pl\/en\/wp-json\/wp\/v2\/product"}],"about":[{"href":"https:\/\/www.noshi.pl\/en\/wp-json\/wp\/v2\/types\/product"}],"wp:featuredmedia":[{"embeddable":true,"href":"https:\/\/www.noshi.pl\/en\/wp-json\/wp\/v2\/media\/62072"}],"wp:attachment":[{"href":"https:\/\/www.noshi.pl\/en\/wp-json\/wp\/v2\/media?parent=63658"}],"wp:term":[{"taxonomy":"product_brand","embeddable":true,"href":"https:\/\/www.noshi.pl\/en\/wp-json\/wp\/v2\/product_brand?post=63658"},{"taxonomy":"product_cat","embeddable":true,"href":"https:\/\/www.noshi.pl\/en\/wp-json\/wp\/v2\/product_cat?post=63658"},{"taxonomy":"product_tag","embeddable":true,"href":"https:\/\/www.noshi.pl\/en\/wp-json\/wp\/v2\/product_tag?post=63658"}],"curies":[{"name":"wp","href":"https:\/\/api.w.org\/{rel}","templated":true}]}}