{"id":63811,"date":"2025-04-13T21:36:10","date_gmt":"2025-04-13T19:36:10","guid":{"rendered":"https:\/\/www.noshi.pl\/?post_type=product&#038;p=63811"},"modified":"2025-08-13T11:44:04","modified_gmt":"2025-08-13T09:44:04","slug":"bluza-medyczna-damska-basic-mila-salmon-pink","status":"publish","type":"product","link":"https:\/\/www.noshi.pl\/en\/product\/womens-medical-sweatshirt-basic-mila-salmon-pink\/","title":{"rendered":"Medical Blouse BASIC MILA - SALMON PINK"},"content":{"rendered":"<p>Medical blouse <strong>MILA<\/strong> from the Basic collection in the shade <strong>salmon pink<\/strong> is a combination of classic elegance and maximum functionality, ideal for professional women who value comfort and aesthetics. Its looser cut ensures full freedom of movement, while the V neckline optically slims the neck, adding a subtle feminine touch to the overall look. Made of durable, breathable fabric, the sweatshirt is resistant to repeated washing and does not lose the intensity of its salmon colour, which adds to the fresh and energetic look. This model is distinguished by practical pockets at hip level. The side slits at the bottom further enhance the wearing comfort. Sweatshirt <strong>MILA<\/strong> is the perfect choice for women who are looking for stylish yet functional medical attire. Its versatility means that it pairs perfectly with both classic trousers and modern cuts of medical clothing to create a professional yet fashionable set.<\/p>","protected":false},"excerpt":{"rendered":"<p>Ladies' medical blouse <strong>MILA<\/strong> from the Basic collection is a combination of comfort and functionality. Made from a stretchy, breathable fabric, it provides all-day comfort. It has two roomy pockets on the front to hold your essentials.<\/p>","protected":false},"featured_media":64850,"template":"","meta":[],"product_brand":[],"product_cat":[100,17,99,90,87,72,74,73,71,75,76,78,77,86,93,81,82,91,88,95,92,85,96,89,94,84,83,102],"product_tag":[],"class_list":{"0":"post-63811","1":"product","2":"type-product","3":"status-publish","4":"has-post-thumbnail","6":"product_cat-bluzy-medyczne-damskie-basic","7":"product_cat-kobiety","8":"product_cat-kolekcja-basic-kobiety","9":"product_cat-odziez-medyczna-bialystok","10":"product_cat-odziez-medyczna-bydgoszcz","11":"product_cat-odziez-medyczna-dla-fizjoterapeutow","12":"product_cat-odziez-medyczna-dla-kosmetyczek","13":"product_cat-odziez-medyczna-dla-lekarzy","14":"product_cat-odziez-medyczna-dla-pielegniarek","15":"product_cat-odziez-medyczna-dla-poloznych","16":"product_cat-odziez-medyczna-dla-stomatologow","17":"product_cat-odziez-medyczna-dla-studentow","18":"product_cat-odziez-medyczna-dla-weterynarzy","19":"product_cat-odziez-medyczna-gdansk","20":"product_cat-odziez-medyczna-katowice","21":"product_cat-odziez-medyczna-kielce","22":"product_cat-odziez-medyczna-krakow","23":"product_cat-odziez-medyczna-lodz","24":"product_cat-odziez-medyczna-lublin","25":"product_cat-odziez-medyczna-olsztyn","26":"product_cat-odziez-medyczna-opole","27":"product_cat-odziez-medyczna-poznan","28":"product_cat-odziez-medyczna-rzeszow","29":"product_cat-odziez-medyczna-szczecin","30":"product_cat-odziez-medyczna-torun","31":"product_cat-odziez-medyczna-warszawa","32":"product_cat-odziez-medyczna-wroclaw","33":"product_cat-scrubsy-medyczne-damskie-basic","35":"first","36":"instock","37":"taxable","38":"shipping-taxable","39":"purchasable","40":"product-type-variable"},"supplier_id":null,"supplier_sku":"","barcode":null,"atum_controlled":true,"out_stock_date":null,"out_stock_threshold":null,"inheritable":true,"inbound_stock":0,"stock_on_hold":0,"sold_today":0,"sales_last_days":0,"reserved_stock":0,"customer_returns":0,"warehouse_damage":0,"lost_in_post":0,"other_logs":0,"out_stock_days":0,"lost_sales":0,"has_location":false,"update_date":"2026-04-17T00:10:44","atum_locations":[],"atum_stock_status":"instock","restock_status":false,"low_stock_amount":"","sales_update_date":"2026-04-17T00:10:44","calc_backorders":null,"yoast_head":"<!-- This site is optimized with the Yoast SEO Premium plugin v23.1 (Yoast SEO v27.3) - https:\/\/yoast.com\/product\/yoast-seo-premium-wordpress\/ -->\n<title>Bluza Medyczna Damska BASIC MILA - SALMON PINK | Noshi - Odzie\u017c Medyczna<\/title>\n<meta name=\"robots\" content=\"index, follow, max-snippet:-1, max-image-preview:large, max-video-preview:-1\" \/>\n<link rel=\"canonical\" href=\"https:\/\/www.noshi.pl\/en\/product\/womens-medical-sweatshirt-basic-mila-salmon-pink\/\" \/>\n<meta property=\"og:locale\" content=\"en_GB\" \/>\n<meta property=\"og:type\" content=\"article\" \/>\n<meta property=\"og:title\" content=\"Bluza Medyczna Damska BASIC MILA - SALMON PINK\" \/>\n<meta property=\"og:description\" content=\"Bluza medyczna damska MILA z kolekcji Basic to po\u0142\u0105czenie wygody i funkcjonalno\u015bci. Wykonana z elastycznego, oddychaj\u0105cego materia\u0142u, zapewnia komfort przez ca\u0142y dzie\u0144. Posiada z przodu dwie pojemne kieszenie, kt\u00f3re pomieszcz\u0105 niezb\u0119dne akcesoria.\" \/>\n<meta property=\"og:url\" content=\"https:\/\/www.noshi.pl\/en\/product\/womens-medical-sweatshirt-basic-mila-salmon-pink\/\" \/>\n<meta property=\"og:site_name\" content=\"Noshi - Odzie\u017c Medyczna\" \/>\n<meta property=\"article:publisher\" content=\"https:\/\/www.facebook.com\/NoshiPL\" \/>\n<meta property=\"article:modified_time\" content=\"2025-08-13T09:44:04+00:00\" \/>\n<meta property=\"og:image\" content=\"https:\/\/www.noshi.pl\/wp-content\/uploads\/2025\/05\/bluza-medycza-damska-basic-mila-salmon-pink-1-scaled.jpg\" \/>\n\t<meta property=\"og:image:width\" content=\"1707\" \/>\n\t<meta property=\"og:image:height\" content=\"2560\" \/>\n\t<meta property=\"og:image:type\" content=\"image\/jpeg\" \/>\n<meta name=\"twitter:card\" content=\"summary_large_image\" \/>\n<meta name=\"twitter:label1\" content=\"Estimated reading time\" \/>\n\t<meta name=\"twitter:data1\" content=\"1 minute\" \/>\n<script type=\"application\/ld+json\" class=\"yoast-schema-graph\">{\"@context\":\"https:\\\/\\\/schema.org\",\"@graph\":[{\"@type\":\"WebPage\",\"@id\":\"https:\\\/\\\/www.noshi.pl\\\/produkt\\\/bluza-medyczna-damska-basic-mila-salmon-pink\\\/\",\"url\":\"https:\\\/\\\/www.noshi.pl\\\/produkt\\\/bluza-medyczna-damska-basic-mila-salmon-pink\\\/\",\"name\":\"Bluza Medyczna Damska BASIC MILA - SALMON PINK | Noshi - Odzie\u017c Medyczna\",\"isPartOf\":{\"@id\":\"https:\\\/\\\/www.noshi.pl\\\/#website\"},\"primaryImageOfPage\":{\"@id\":\"https:\\\/\\\/www.noshi.pl\\\/produkt\\\/bluza-medyczna-damska-basic-mila-salmon-pink\\\/#primaryimage\"},\"image\":{\"@id\":\"https:\\\/\\\/www.noshi.pl\\\/produkt\\\/bluza-medyczna-damska-basic-mila-salmon-pink\\\/#primaryimage\"},\"thumbnailUrl\":\"https:\\\/\\\/www.noshi.pl\\\/wp-content\\\/uploads\\\/2025\\\/05\\\/bluza-medycza-damska-basic-mila-salmon-pink-1-scaled.jpg\",\"datePublished\":\"2025-04-13T19:36:10+00:00\",\"dateModified\":\"2025-08-13T09:44:04+00:00\",\"breadcrumb\":{\"@id\":\"https:\\\/\\\/www.noshi.pl\\\/produkt\\\/bluza-medyczna-damska-basic-mila-salmon-pink\\\/#breadcrumb\"},\"inLanguage\":\"en-GB\",\"potentialAction\":[{\"@type\":\"ReadAction\",\"target\":[\"https:\\\/\\\/www.noshi.pl\\\/produkt\\\/bluza-medyczna-damska-basic-mila-salmon-pink\\\/\"]}]},{\"@type\":\"ImageObject\",\"inLanguage\":\"en-GB\",\"@id\":\"https:\\\/\\\/www.noshi.pl\\\/produkt\\\/bluza-medyczna-damska-basic-mila-salmon-pink\\\/#primaryimage\",\"url\":\"https:\\\/\\\/www.noshi.pl\\\/wp-content\\\/uploads\\\/2025\\\/05\\\/bluza-medycza-damska-basic-mila-salmon-pink-1-scaled.jpg\",\"contentUrl\":\"https:\\\/\\\/www.noshi.pl\\\/wp-content\\\/uploads\\\/2025\\\/05\\\/bluza-medycza-damska-basic-mila-salmon-pink-1-scaled.jpg\",\"width\":1707,\"height\":2560},{\"@type\":\"BreadcrumbList\",\"@id\":\"https:\\\/\\\/www.noshi.pl\\\/produkt\\\/bluza-medyczna-damska-basic-mila-salmon-pink\\\/#breadcrumb\",\"itemListElement\":[{\"@type\":\"ListItem\",\"position\":1,\"name\":\"Strona g\u0142\u00f3wna\",\"item\":\"https:\\\/\\\/www.noshi.pl\\\/\"},{\"@type\":\"ListItem\",\"position\":2,\"name\":\"Sklep\",\"item\":\"https:\\\/\\\/www.noshi.pl\\\/en\\\/sklep\\\/\"},{\"@type\":\"ListItem\",\"position\":3,\"name\":\"Bluza Medyczna Damska BASIC MILA &#8211; SALMON PINK\"}]},{\"@type\":\"WebSite\",\"@id\":\"https:\\\/\\\/www.noshi.pl\\\/#website\",\"url\":\"https:\\\/\\\/www.noshi.pl\\\/\",\"name\":\"Noshi - Odzie\u017c Medyczna\",\"description\":\"\",\"publisher\":{\"@id\":\"https:\\\/\\\/www.noshi.pl\\\/#organization\"},\"potentialAction\":[{\"@type\":\"SearchAction\",\"target\":{\"@type\":\"EntryPoint\",\"urlTemplate\":\"https:\\\/\\\/www.noshi.pl\\\/?s={search_term_string}\"},\"query-input\":{\"@type\":\"PropertyValueSpecification\",\"valueRequired\":true,\"valueName\":\"search_term_string\"}}],\"inLanguage\":\"en-GB\"},{\"@type\":\"Organization\",\"@id\":\"https:\\\/\\\/www.noshi.pl\\\/#organization\",\"name\":\"NOSHI\",\"url\":\"https:\\\/\\\/www.noshi.pl\\\/\",\"logo\":{\"@type\":\"ImageObject\",\"inLanguage\":\"en-GB\",\"@id\":\"https:\\\/\\\/www.noshi.pl\\\/#\\\/schema\\\/logo\\\/image\\\/\",\"url\":\"https:\\\/\\\/www.noshi.pl\\\/wp-content\\\/uploads\\\/2021\\\/04\\\/plus-symbol-in-a-rounded-black-square-1.png\",\"contentUrl\":\"https:\\\/\\\/www.noshi.pl\\\/wp-content\\\/uploads\\\/2021\\\/04\\\/plus-symbol-in-a-rounded-black-square-1.png\",\"width\":512,\"height\":512,\"caption\":\"NOSHI\"},\"image\":{\"@id\":\"https:\\\/\\\/www.noshi.pl\\\/#\\\/schema\\\/logo\\\/image\\\/\"},\"sameAs\":[\"https:\\\/\\\/www.facebook.com\\\/NoshiPL\"]}]}<\/script>\n<!-- \/ Yoast SEO Premium plugin. -->","yoast_head_json":{"title":"Medical Blouse BASIC MILA - SALMON PINK | Noshi - Medical Clothing","robots":{"index":"index","follow":"follow","max-snippet":"max-snippet:-1","max-image-preview":"max-image-preview:large","max-video-preview":"max-video-preview:-1"},"canonical":"https:\/\/www.noshi.pl\/en\/product\/womens-medical-sweatshirt-basic-mila-salmon-pink\/","og_locale":"en_GB","og_type":"article","og_title":"Bluza Medyczna Damska BASIC MILA - SALMON PINK","og_description":"Bluza medyczna damska MILA z kolekcji Basic to po\u0142\u0105czenie wygody i funkcjonalno\u015bci. Wykonana z elastycznego, oddychaj\u0105cego materia\u0142u, zapewnia komfort przez ca\u0142y dzie\u0144. Posiada z przodu dwie pojemne kieszenie, kt\u00f3re pomieszcz\u0105 niezb\u0119dne akcesoria.","og_url":"https:\/\/www.noshi.pl\/en\/product\/womens-medical-sweatshirt-basic-mila-salmon-pink\/","og_site_name":"Noshi - Odzie\u017c Medyczna","article_publisher":"https:\/\/www.facebook.com\/NoshiPL","article_modified_time":"2025-08-13T09:44:04+00:00","og_image":[{"width":1707,"height":2560,"url":"https:\/\/www.noshi.pl\/wp-content\/uploads\/2025\/05\/bluza-medycza-damska-basic-mila-salmon-pink-1-scaled.jpg","type":"image\/jpeg"}],"twitter_card":"summary_large_image","twitter_misc":{"Estimated reading time":"1 minute"},"schema":{"@context":"https:\/\/schema.org","@graph":[{"@type":"WebPage","@id":"https:\/\/www.noshi.pl\/produkt\/bluza-medyczna-damska-basic-mila-salmon-pink\/","url":"https:\/\/www.noshi.pl\/produkt\/bluza-medyczna-damska-basic-mila-salmon-pink\/","name":"Medical Blouse BASIC MILA - SALMON PINK | Noshi - Medical Clothing","isPartOf":{"@id":"https:\/\/www.noshi.pl\/#website"},"primaryImageOfPage":{"@id":"https:\/\/www.noshi.pl\/produkt\/bluza-medyczna-damska-basic-mila-salmon-pink\/#primaryimage"},"image":{"@id":"https:\/\/www.noshi.pl\/produkt\/bluza-medyczna-damska-basic-mila-salmon-pink\/#primaryimage"},"thumbnailUrl":"https:\/\/www.noshi.pl\/wp-content\/uploads\/2025\/05\/bluza-medycza-damska-basic-mila-salmon-pink-1-scaled.jpg","datePublished":"2025-04-13T19:36:10+00:00","dateModified":"2025-08-13T09:44:04+00:00","breadcrumb":{"@id":"https:\/\/www.noshi.pl\/produkt\/bluza-medyczna-damska-basic-mila-salmon-pink\/#breadcrumb"},"inLanguage":"en-GB","potentialAction":[{"@type":"ReadAction","target":["https:\/\/www.noshi.pl\/produkt\/bluza-medyczna-damska-basic-mila-salmon-pink\/"]}]},{"@type":"ImageObject","inLanguage":"en-GB","@id":"https:\/\/www.noshi.pl\/produkt\/bluza-medyczna-damska-basic-mila-salmon-pink\/#primaryimage","url":"https:\/\/www.noshi.pl\/wp-content\/uploads\/2025\/05\/bluza-medycza-damska-basic-mila-salmon-pink-1-scaled.jpg","contentUrl":"https:\/\/www.noshi.pl\/wp-content\/uploads\/2025\/05\/bluza-medycza-damska-basic-mila-salmon-pink-1-scaled.jpg","width":1707,"height":2560},{"@type":"BreadcrumbList","@id":"https:\/\/www.noshi.pl\/produkt\/bluza-medyczna-damska-basic-mila-salmon-pink\/#breadcrumb","itemListElement":[{"@type":"ListItem","position":1,"name":"Strona g\u0142\u00f3wna","item":"https:\/\/www.noshi.pl\/"},{"@type":"ListItem","position":2,"name":"Sklep","item":"https:\/\/www.noshi.pl\/en\/sklep\/"},{"@type":"ListItem","position":3,"name":"Bluza Medyczna Damska BASIC MILA &#8211; SALMON PINK"}]},{"@type":"WebSite","@id":"https:\/\/www.noshi.pl\/#website","url":"https:\/\/www.noshi.pl\/","name":"Noshi - Medical clothing","description":"","publisher":{"@id":"https:\/\/www.noshi.pl\/#organization"},"potentialAction":[{"@type":"SearchAction","target":{"@type":"EntryPoint","urlTemplate":"https:\/\/www.noshi.pl\/?s={search_term_string}"},"query-input":{"@type":"PropertyValueSpecification","valueRequired":true,"valueName":"search_term_string"}}],"inLanguage":"en-GB"},{"@type":"Organization","@id":"https:\/\/www.noshi.pl\/#organization","name":"NOSHI","url":"https:\/\/www.noshi.pl\/","logo":{"@type":"ImageObject","inLanguage":"en-GB","@id":"https:\/\/www.noshi.pl\/#\/schema\/logo\/image\/","url":"https:\/\/www.noshi.pl\/wp-content\/uploads\/2021\/04\/plus-symbol-in-a-rounded-black-square-1.png","contentUrl":"https:\/\/www.noshi.pl\/wp-content\/uploads\/2021\/04\/plus-symbol-in-a-rounded-black-square-1.png","width":512,"height":512,"caption":"NOSHI"},"image":{"@id":"https:\/\/www.noshi.pl\/#\/schema\/logo\/image\/"},"sameAs":["https:\/\/www.facebook.com\/NoshiPL"]}]}},"_links":{"self":[{"href":"https:\/\/www.noshi.pl\/en\/wp-json\/wp\/v2\/product\/63811","targetHints":{"allow":["GET"]}}],"collection":[{"href":"https:\/\/www.noshi.pl\/en\/wp-json\/wp\/v2\/product"}],"about":[{"href":"https:\/\/www.noshi.pl\/en\/wp-json\/wp\/v2\/types\/product"}],"wp:featuredmedia":[{"embeddable":true,"href":"https:\/\/www.noshi.pl\/en\/wp-json\/wp\/v2\/media\/64850"}],"wp:attachment":[{"href":"https:\/\/www.noshi.pl\/en\/wp-json\/wp\/v2\/media?parent=63811"}],"wp:term":[{"taxonomy":"product_brand","embeddable":true,"href":"https:\/\/www.noshi.pl\/en\/wp-json\/wp\/v2\/product_brand?post=63811"},{"taxonomy":"product_cat","embeddable":true,"href":"https:\/\/www.noshi.pl\/en\/wp-json\/wp\/v2\/product_cat?post=63811"},{"taxonomy":"product_tag","embeddable":true,"href":"https:\/\/www.noshi.pl\/en\/wp-json\/wp\/v2\/product_tag?post=63811"}],"curies":[{"name":"wp","href":"https:\/\/api.w.org\/{rel}","templated":true}]}}