{"id":64198,"date":"2025-04-01T12:25:17","date_gmt":"2025-04-01T10:25:17","guid":{"rendered":"https:\/\/www.noshi.pl\/?post_type=product&#038;p=64198"},"modified":"2026-03-19T23:22:26","modified_gmt":"2026-03-19T22:22:26","slug":"spodnie-medyczne-meskie-basic-joggery-rosewood","status":"publish","type":"product","link":"https:\/\/www.noshi.pl\/en\/product\/medical-trousers-mens-basic-joggers-rosewood\/","title":{"rendered":"Men's medical trousers BASIC JOGGERS - ROSEWOOD"},"content":{"rendered":"<p class=\"\" data-start=\"139\" data-end=\"592\">Medical trousers <strong data-start=\"156\" data-end=\"167\">JOGGERS<\/strong> from the Basic collection in the colour <strong data-start=\"195\" data-end=\"207\">rosewood<\/strong> are a combination of comfort, functionality and style. They will work well in any professional situation. The warm pink shade adds character and stands out against the classic colours of medical clothing. At the same time, it maintains a professional look. Tapered legs finished with an elasticated drawstring and a waistband with a drawstring ensure a perfect fit and comfort during a busy working day. The trousers are made from a lightweight, breathable fabric. It guarantees freedom of movement and durability even with frequent use. Model <strong data-start=\"723\" data-end=\"734\">JOGGERS<\/strong> It has up to five practical pockets: two on the side, two on the back and a roomy cargo pocket on the leg. You can fit everything from your phone to your medical equipment in these pockets. The trousers go perfectly with the medical blouse <strong data-start=\"969\" data-end=\"979\">COLLIN<\/strong> or <strong data-start=\"984\" data-end=\"992\">AXEL<\/strong> in the same colour. Together they create a modern and cohesive uniform. It is the ideal choice for doctors, nurses, paramedics and students who value comfort, functionality and aesthetics.<\/p>","protected":false},"excerpt":{"rendered":"<p>Men's medical trousers <strong data-start=\"258\" data-end=\"269\">JOGGERS<\/strong> from the Basic collection is a combination of sporty style and functionality, ideal for everyday work. The elasticated waistband with drawstring waistband and ribbed leg openings ensure a comfortable and snug fit. The model is equipped with practical pockets, including a zipped cargo pocket on the side for all your essentials. The high-quality, breathable and crease-resistant fabric ensures comfort and freedom of movement throughout the day. The trousers go well with any Basic Collection sweatshirt.<\/p>","protected":false},"featured_media":62510,"template":"","meta":[],"product_brand":[],"product_cat":[103,18,90,87,72,73,76,78,77,86,93,81,82,91,88,95,92,85,96,89,94,84,83,106,105],"product_tag":[],"class_list":{"0":"post-64198","1":"product","2":"type-product","3":"status-publish","4":"has-post-thumbnail","6":"product_cat-kolekcja-basic-mezczyzni","7":"product_cat-mezczyzni","8":"product_cat-odziez-medyczna-bialystok","9":"product_cat-odziez-medyczna-bydgoszcz","10":"product_cat-odziez-medyczna-dla-fizjoterapeutow","11":"product_cat-odziez-medyczna-dla-lekarzy","12":"product_cat-odziez-medyczna-dla-stomatologow","13":"product_cat-odziez-medyczna-dla-studentow","14":"product_cat-odziez-medyczna-dla-weterynarzy","15":"product_cat-odziez-medyczna-gdansk","16":"product_cat-odziez-medyczna-katowice","17":"product_cat-odziez-medyczna-kielce","18":"product_cat-odziez-medyczna-krakow","19":"product_cat-odziez-medyczna-lodz","20":"product_cat-odziez-medyczna-lublin","21":"product_cat-odziez-medyczna-olsztyn","22":"product_cat-odziez-medyczna-opole","23":"product_cat-odziez-medyczna-poznan","24":"product_cat-odziez-medyczna-rzeszow","25":"product_cat-odziez-medyczna-szczecin","26":"product_cat-odziez-medyczna-torun","27":"product_cat-odziez-medyczna-warszawa","28":"product_cat-odziez-medyczna-wroclaw","29":"product_cat-scrubsy-medyczne-meskie-basic","30":"product_cat-spodnie-medyczne-meskie-basic","32":"first","33":"instock","34":"taxable","35":"shipping-taxable","36":"purchasable","37":"product-type-variable"},"supplier_id":null,"supplier_sku":"","barcode":null,"atum_controlled":true,"out_stock_date":null,"out_stock_threshold":null,"inheritable":true,"inbound_stock":0,"stock_on_hold":0,"sold_today":0,"sales_last_days":0,"reserved_stock":0,"customer_returns":0,"warehouse_damage":0,"lost_in_post":0,"other_logs":0,"out_stock_days":0,"lost_sales":0,"has_location":false,"update_date":"2026-04-17T00:20:15","atum_locations":[],"atum_stock_status":"instock","restock_status":false,"low_stock_amount":"","sales_update_date":"2026-04-17T00:20:15","calc_backorders":null,"yoast_head":"<!-- This site is optimized with the Yoast SEO Premium plugin v23.1 (Yoast SEO v27.3) - https:\/\/yoast.com\/product\/yoast-seo-premium-wordpress\/ -->\n<title>Spodnie Medyczne M\u0119skie BASIC JOGGERY - ROSEWOOD | Noshi - Odzie\u017c Medyczna<\/title>\n<meta name=\"robots\" content=\"index, follow, max-snippet:-1, max-image-preview:large, max-video-preview:-1\" \/>\n<link rel=\"canonical\" href=\"https:\/\/www.noshi.pl\/en\/product\/medical-trousers-mens-basic-joggers-rosewood\/\" \/>\n<meta property=\"og:locale\" content=\"en_GB\" \/>\n<meta property=\"og:type\" content=\"article\" \/>\n<meta property=\"og:title\" content=\"Spodnie Medyczne M\u0119skie BASIC JOGGERY - ROSEWOOD\" \/>\n<meta property=\"og:description\" content=\"Spodnie medyczne m\u0119skie JOGGERY z kolekcji Basic to po\u0142\u0105czenie sportowego stylu i funkcjonalno\u015bci, idealne do codziennej pracy. Elastyczny pas ze \u015bci\u0105gaczem oraz \u015bci\u0105gacze przy nogawkach zapewniaj\u0105 wygod\u0119 i dobre dopasowanie. Model wyposa\u017cono w praktyczne kieszenie, w tym boczn\u0105 typu cargo zamykan\u0105 na zamek, kt\u00f3re pomieszcz\u0105 wszystkie niezb\u0119dne akcesoria. Wysokiej jako\u015bci, oddychaj\u0105cy materia\u0142 odporny na zagniecenia gwarantuje komfort i swobod\u0119 ruch\u00f3w przez ca\u0142y dzie\u0144. Spodnie \u015bwietnie komponuj\u0105 si\u0119 z ka\u017cd\u0105 bluz\u0105 z kolekcji Basic.\" \/>\n<meta property=\"og:url\" content=\"https:\/\/www.noshi.pl\/en\/product\/medical-trousers-mens-basic-joggers-rosewood\/\" \/>\n<meta property=\"og:site_name\" content=\"Noshi - Odzie\u017c Medyczna\" \/>\n<meta property=\"article:publisher\" content=\"https:\/\/www.facebook.com\/NoshiPL\" \/>\n<meta property=\"article:modified_time\" content=\"2026-03-19T22:22:26+00:00\" \/>\n<meta property=\"og:image\" content=\"https:\/\/www.noshi.pl\/wp-content\/uploads\/2025\/04\/spodnie-medyczne-meskie-basic-joggery-rosewood-1-scaled.jpg\" \/>\n\t<meta property=\"og:image:width\" content=\"1706\" \/>\n\t<meta property=\"og:image:height\" content=\"2560\" \/>\n\t<meta property=\"og:image:type\" content=\"image\/jpeg\" \/>\n<meta name=\"twitter:card\" content=\"summary_large_image\" \/>\n<meta name=\"twitter:label1\" content=\"Estimated reading time\" \/>\n\t<meta name=\"twitter:data1\" content=\"2 minutes\" \/>\n<script type=\"application\/ld+json\" class=\"yoast-schema-graph\">{\"@context\":\"https:\\\/\\\/schema.org\",\"@graph\":[{\"@type\":\"WebPage\",\"@id\":\"https:\\\/\\\/www.noshi.pl\\\/produkt\\\/spodnie-medyczne-meskie-basic-joggery-rosewood\\\/\",\"url\":\"https:\\\/\\\/www.noshi.pl\\\/produkt\\\/spodnie-medyczne-meskie-basic-joggery-rosewood\\\/\",\"name\":\"Spodnie Medyczne M\u0119skie BASIC JOGGERY - ROSEWOOD | Noshi - Odzie\u017c Medyczna\",\"isPartOf\":{\"@id\":\"https:\\\/\\\/www.noshi.pl\\\/#website\"},\"primaryImageOfPage\":{\"@id\":\"https:\\\/\\\/www.noshi.pl\\\/produkt\\\/spodnie-medyczne-meskie-basic-joggery-rosewood\\\/#primaryimage\"},\"image\":{\"@id\":\"https:\\\/\\\/www.noshi.pl\\\/produkt\\\/spodnie-medyczne-meskie-basic-joggery-rosewood\\\/#primaryimage\"},\"thumbnailUrl\":\"https:\\\/\\\/www.noshi.pl\\\/wp-content\\\/uploads\\\/2025\\\/04\\\/spodnie-medyczne-meskie-basic-joggery-rosewood-1-scaled.jpg\",\"datePublished\":\"2025-04-01T10:25:17+00:00\",\"dateModified\":\"2026-03-19T22:22:26+00:00\",\"breadcrumb\":{\"@id\":\"https:\\\/\\\/www.noshi.pl\\\/produkt\\\/spodnie-medyczne-meskie-basic-joggery-rosewood\\\/#breadcrumb\"},\"inLanguage\":\"en-GB\",\"potentialAction\":[{\"@type\":\"ReadAction\",\"target\":[\"https:\\\/\\\/www.noshi.pl\\\/produkt\\\/spodnie-medyczne-meskie-basic-joggery-rosewood\\\/\"]}]},{\"@type\":\"ImageObject\",\"inLanguage\":\"en-GB\",\"@id\":\"https:\\\/\\\/www.noshi.pl\\\/produkt\\\/spodnie-medyczne-meskie-basic-joggery-rosewood\\\/#primaryimage\",\"url\":\"https:\\\/\\\/www.noshi.pl\\\/wp-content\\\/uploads\\\/2025\\\/04\\\/spodnie-medyczne-meskie-basic-joggery-rosewood-1-scaled.jpg\",\"contentUrl\":\"https:\\\/\\\/www.noshi.pl\\\/wp-content\\\/uploads\\\/2025\\\/04\\\/spodnie-medyczne-meskie-basic-joggery-rosewood-1-scaled.jpg\",\"width\":1706,\"height\":2560},{\"@type\":\"BreadcrumbList\",\"@id\":\"https:\\\/\\\/www.noshi.pl\\\/produkt\\\/spodnie-medyczne-meskie-basic-joggery-rosewood\\\/#breadcrumb\",\"itemListElement\":[{\"@type\":\"ListItem\",\"position\":1,\"name\":\"Strona g\u0142\u00f3wna\",\"item\":\"https:\\\/\\\/www.noshi.pl\\\/\"},{\"@type\":\"ListItem\",\"position\":2,\"name\":\"Sklep\",\"item\":\"https:\\\/\\\/www.noshi.pl\\\/en\\\/sklep\\\/\"},{\"@type\":\"ListItem\",\"position\":3,\"name\":\"Spodnie Medyczne M\u0119skie BASIC JOGGERY &#8211; ROSEWOOD\"}]},{\"@type\":\"WebSite\",\"@id\":\"https:\\\/\\\/www.noshi.pl\\\/#website\",\"url\":\"https:\\\/\\\/www.noshi.pl\\\/\",\"name\":\"Noshi - Odzie\u017c Medyczna\",\"description\":\"\",\"publisher\":{\"@id\":\"https:\\\/\\\/www.noshi.pl\\\/#organization\"},\"potentialAction\":[{\"@type\":\"SearchAction\",\"target\":{\"@type\":\"EntryPoint\",\"urlTemplate\":\"https:\\\/\\\/www.noshi.pl\\\/?s={search_term_string}\"},\"query-input\":{\"@type\":\"PropertyValueSpecification\",\"valueRequired\":true,\"valueName\":\"search_term_string\"}}],\"inLanguage\":\"en-GB\"},{\"@type\":\"Organization\",\"@id\":\"https:\\\/\\\/www.noshi.pl\\\/#organization\",\"name\":\"NOSHI\",\"url\":\"https:\\\/\\\/www.noshi.pl\\\/\",\"logo\":{\"@type\":\"ImageObject\",\"inLanguage\":\"en-GB\",\"@id\":\"https:\\\/\\\/www.noshi.pl\\\/#\\\/schema\\\/logo\\\/image\\\/\",\"url\":\"https:\\\/\\\/www.noshi.pl\\\/wp-content\\\/uploads\\\/2021\\\/04\\\/plus-symbol-in-a-rounded-black-square-1.png\",\"contentUrl\":\"https:\\\/\\\/www.noshi.pl\\\/wp-content\\\/uploads\\\/2021\\\/04\\\/plus-symbol-in-a-rounded-black-square-1.png\",\"width\":512,\"height\":512,\"caption\":\"NOSHI\"},\"image\":{\"@id\":\"https:\\\/\\\/www.noshi.pl\\\/#\\\/schema\\\/logo\\\/image\\\/\"},\"sameAs\":[\"https:\\\/\\\/www.facebook.com\\\/NoshiPL\"]}]}<\/script>\n<!-- \/ Yoast SEO Premium plugin. -->","yoast_head_json":{"title":"Men's medical trousers BASIC JOGGERY - ROSEWOOD | Noshi - Medical Clothing","robots":{"index":"index","follow":"follow","max-snippet":"max-snippet:-1","max-image-preview":"max-image-preview:large","max-video-preview":"max-video-preview:-1"},"canonical":"https:\/\/www.noshi.pl\/en\/product\/medical-trousers-mens-basic-joggers-rosewood\/","og_locale":"en_GB","og_type":"article","og_title":"Spodnie Medyczne M\u0119skie BASIC JOGGERY - ROSEWOOD","og_description":"Spodnie medyczne m\u0119skie JOGGERY z kolekcji Basic to po\u0142\u0105czenie sportowego stylu i funkcjonalno\u015bci, idealne do codziennej pracy. Elastyczny pas ze \u015bci\u0105gaczem oraz \u015bci\u0105gacze przy nogawkach zapewniaj\u0105 wygod\u0119 i dobre dopasowanie. Model wyposa\u017cono w praktyczne kieszenie, w tym boczn\u0105 typu cargo zamykan\u0105 na zamek, kt\u00f3re pomieszcz\u0105 wszystkie niezb\u0119dne akcesoria. Wysokiej jako\u015bci, oddychaj\u0105cy materia\u0142 odporny na zagniecenia gwarantuje komfort i swobod\u0119 ruch\u00f3w przez ca\u0142y dzie\u0144. Spodnie \u015bwietnie komponuj\u0105 si\u0119 z ka\u017cd\u0105 bluz\u0105 z kolekcji Basic.","og_url":"https:\/\/www.noshi.pl\/en\/product\/medical-trousers-mens-basic-joggers-rosewood\/","og_site_name":"Noshi - Odzie\u017c Medyczna","article_publisher":"https:\/\/www.facebook.com\/NoshiPL","article_modified_time":"2026-03-19T22:22:26+00:00","og_image":[{"width":1706,"height":2560,"url":"https:\/\/www.noshi.pl\/wp-content\/uploads\/2025\/04\/spodnie-medyczne-meskie-basic-joggery-rosewood-1-scaled.jpg","type":"image\/jpeg"}],"twitter_card":"summary_large_image","twitter_misc":{"Estimated reading time":"2 minutes"},"schema":{"@context":"https:\/\/schema.org","@graph":[{"@type":"WebPage","@id":"https:\/\/www.noshi.pl\/produkt\/spodnie-medyczne-meskie-basic-joggery-rosewood\/","url":"https:\/\/www.noshi.pl\/produkt\/spodnie-medyczne-meskie-basic-joggery-rosewood\/","name":"Men's medical trousers BASIC JOGGERY - ROSEWOOD | Noshi - Medical Clothing","isPartOf":{"@id":"https:\/\/www.noshi.pl\/#website"},"primaryImageOfPage":{"@id":"https:\/\/www.noshi.pl\/produkt\/spodnie-medyczne-meskie-basic-joggery-rosewood\/#primaryimage"},"image":{"@id":"https:\/\/www.noshi.pl\/produkt\/spodnie-medyczne-meskie-basic-joggery-rosewood\/#primaryimage"},"thumbnailUrl":"https:\/\/www.noshi.pl\/wp-content\/uploads\/2025\/04\/spodnie-medyczne-meskie-basic-joggery-rosewood-1-scaled.jpg","datePublished":"2025-04-01T10:25:17+00:00","dateModified":"2026-03-19T22:22:26+00:00","breadcrumb":{"@id":"https:\/\/www.noshi.pl\/produkt\/spodnie-medyczne-meskie-basic-joggery-rosewood\/#breadcrumb"},"inLanguage":"en-GB","potentialAction":[{"@type":"ReadAction","target":["https:\/\/www.noshi.pl\/produkt\/spodnie-medyczne-meskie-basic-joggery-rosewood\/"]}]},{"@type":"ImageObject","inLanguage":"en-GB","@id":"https:\/\/www.noshi.pl\/produkt\/spodnie-medyczne-meskie-basic-joggery-rosewood\/#primaryimage","url":"https:\/\/www.noshi.pl\/wp-content\/uploads\/2025\/04\/spodnie-medyczne-meskie-basic-joggery-rosewood-1-scaled.jpg","contentUrl":"https:\/\/www.noshi.pl\/wp-content\/uploads\/2025\/04\/spodnie-medyczne-meskie-basic-joggery-rosewood-1-scaled.jpg","width":1706,"height":2560},{"@type":"BreadcrumbList","@id":"https:\/\/www.noshi.pl\/produkt\/spodnie-medyczne-meskie-basic-joggery-rosewood\/#breadcrumb","itemListElement":[{"@type":"ListItem","position":1,"name":"Strona g\u0142\u00f3wna","item":"https:\/\/www.noshi.pl\/"},{"@type":"ListItem","position":2,"name":"Sklep","item":"https:\/\/www.noshi.pl\/en\/sklep\/"},{"@type":"ListItem","position":3,"name":"Spodnie Medyczne M\u0119skie BASIC JOGGERY &#8211; ROSEWOOD"}]},{"@type":"WebSite","@id":"https:\/\/www.noshi.pl\/#website","url":"https:\/\/www.noshi.pl\/","name":"Noshi - Medical clothing","description":"","publisher":{"@id":"https:\/\/www.noshi.pl\/#organization"},"potentialAction":[{"@type":"SearchAction","target":{"@type":"EntryPoint","urlTemplate":"https:\/\/www.noshi.pl\/?s={search_term_string}"},"query-input":{"@type":"PropertyValueSpecification","valueRequired":true,"valueName":"search_term_string"}}],"inLanguage":"en-GB"},{"@type":"Organization","@id":"https:\/\/www.noshi.pl\/#organization","name":"NOSHI","url":"https:\/\/www.noshi.pl\/","logo":{"@type":"ImageObject","inLanguage":"en-GB","@id":"https:\/\/www.noshi.pl\/#\/schema\/logo\/image\/","url":"https:\/\/www.noshi.pl\/wp-content\/uploads\/2021\/04\/plus-symbol-in-a-rounded-black-square-1.png","contentUrl":"https:\/\/www.noshi.pl\/wp-content\/uploads\/2021\/04\/plus-symbol-in-a-rounded-black-square-1.png","width":512,"height":512,"caption":"NOSHI"},"image":{"@id":"https:\/\/www.noshi.pl\/#\/schema\/logo\/image\/"},"sameAs":["https:\/\/www.facebook.com\/NoshiPL"]}]}},"_links":{"self":[{"href":"https:\/\/www.noshi.pl\/en\/wp-json\/wp\/v2\/product\/64198","targetHints":{"allow":["GET"]}}],"collection":[{"href":"https:\/\/www.noshi.pl\/en\/wp-json\/wp\/v2\/product"}],"about":[{"href":"https:\/\/www.noshi.pl\/en\/wp-json\/wp\/v2\/types\/product"}],"wp:featuredmedia":[{"embeddable":true,"href":"https:\/\/www.noshi.pl\/en\/wp-json\/wp\/v2\/media\/62510"}],"wp:attachment":[{"href":"https:\/\/www.noshi.pl\/en\/wp-json\/wp\/v2\/media?parent=64198"}],"wp:term":[{"taxonomy":"product_brand","embeddable":true,"href":"https:\/\/www.noshi.pl\/en\/wp-json\/wp\/v2\/product_brand?post=64198"},{"taxonomy":"product_cat","embeddable":true,"href":"https:\/\/www.noshi.pl\/en\/wp-json\/wp\/v2\/product_cat?post=64198"},{"taxonomy":"product_tag","embeddable":true,"href":"https:\/\/www.noshi.pl\/en\/wp-json\/wp\/v2\/product_tag?post=64198"}],"curies":[{"name":"wp","href":"https:\/\/api.w.org\/{rel}","templated":true}]}}