{"id":64296,"date":"2025-04-01T13:20:25","date_gmt":"2025-04-01T11:20:25","guid":{"rendered":"https:\/\/www.noshi.pl\/?post_type=product&#038;p=64296"},"modified":"2026-04-08T00:29:22","modified_gmt":"2026-04-07T22:29:22","slug":"bluza-medyczna-meska-basic-collin-rosewood","status":"publish","type":"product","link":"https:\/\/www.noshi.pl\/en\/product\/medical-sweatshirt-basic-collin-rosewood\/","title":{"rendered":"Men's BASIC COLLIN Medical Sweatshirt - ROSEWOOD"},"content":{"rendered":"<p class=\"\" data-start=\"190\" data-end=\"407\">Men's medical sweatshirt<strong data-start=\"190\" data-end=\"221\"> COLLIN<\/strong> from the Basic collection in the colour <strong>rosewood<\/strong> combines comfort, functionality and modern style. The pink wood shade attracts attention and adds elegance, perfectly complementing medical uniforms. The lightweight, stretchy and breathable fabric provides comfort and full freedom of movement for on-call and everyday work. The close-fitting cut with a V neckline sits well on the figure and emphasises the professional look. Two roomy front pockets make it easy to organise small accessories. One of them includes an additional internal pocket - ideal for a notepad, pen or ID badge. The finishing with attention to detail and the subtle NOSHI label underline the quality of workmanship. The sweatshirt will work well for doctors, nurses, paramedics and students who value style, comfort and durability.<\/p>","protected":false},"excerpt":{"rendered":"<p>Medical blouse <strong>COLLIN<\/strong> from the Basic collection is a proposition for men who appreciate classics in a modern edition. The model is distinguished by functionality - it has three pockets, including one with a practical inside pocket, providing additional space for small accessories. The high-quality material ensures comfort, and the timeless cut goes perfectly with all trousers from the Basic collection, creating a coherent and professional set.<\/p>","protected":false},"featured_media":62508,"template":"","meta":[],"product_brand":[],"product_cat":[104,103,18,90,87,72,73,76,78,77,86,93,81,82,91,88,95,92,85,96,89,94,84,83,106],"product_tag":[],"class_list":{"0":"post-64296","1":"product","2":"type-product","3":"status-publish","4":"has-post-thumbnail","6":"product_cat-bluzy-medyczne-meskie-basic","7":"product_cat-kolekcja-basic-mezczyzni","8":"product_cat-mezczyzni","9":"product_cat-odziez-medyczna-bialystok","10":"product_cat-odziez-medyczna-bydgoszcz","11":"product_cat-odziez-medyczna-dla-fizjoterapeutow","12":"product_cat-odziez-medyczna-dla-lekarzy","13":"product_cat-odziez-medyczna-dla-stomatologow","14":"product_cat-odziez-medyczna-dla-studentow","15":"product_cat-odziez-medyczna-dla-weterynarzy","16":"product_cat-odziez-medyczna-gdansk","17":"product_cat-odziez-medyczna-katowice","18":"product_cat-odziez-medyczna-kielce","19":"product_cat-odziez-medyczna-krakow","20":"product_cat-odziez-medyczna-lodz","21":"product_cat-odziez-medyczna-lublin","22":"product_cat-odziez-medyczna-olsztyn","23":"product_cat-odziez-medyczna-opole","24":"product_cat-odziez-medyczna-poznan","25":"product_cat-odziez-medyczna-rzeszow","26":"product_cat-odziez-medyczna-szczecin","27":"product_cat-odziez-medyczna-torun","28":"product_cat-odziez-medyczna-warszawa","29":"product_cat-odziez-medyczna-wroclaw","30":"product_cat-scrubsy-medyczne-meskie-basic","32":"first","33":"instock","34":"taxable","35":"shipping-taxable","36":"purchasable","37":"product-type-variable"},"supplier_id":null,"supplier_sku":"","barcode":null,"atum_controlled":true,"out_stock_date":null,"out_stock_threshold":null,"inheritable":true,"inbound_stock":0,"stock_on_hold":0,"sold_today":0,"sales_last_days":0,"reserved_stock":0,"customer_returns":0,"warehouse_damage":0,"lost_in_post":0,"other_logs":0,"out_stock_days":0,"lost_sales":0,"has_location":false,"update_date":"2026-04-19T00:06:54","atum_locations":[],"atum_stock_status":"instock","restock_status":false,"low_stock_amount":"","sales_update_date":"2026-04-19T00:06:54","calc_backorders":null,"yoast_head":"<!-- This site is optimized with the Yoast SEO Premium plugin v23.1 (Yoast SEO v27.3) - https:\/\/yoast.com\/product\/yoast-seo-premium-wordpress\/ -->\n<title>Bluza Medyczna M\u0119ska BASIC COLLIN - ROSEWOOD | Noshi - Odzie\u017c Medyczna<\/title>\n<meta name=\"robots\" content=\"index, follow, max-snippet:-1, max-image-preview:large, max-video-preview:-1\" \/>\n<link rel=\"canonical\" href=\"https:\/\/www.noshi.pl\/en\/product\/medical-sweatshirt-basic-collin-rosewood\/\" \/>\n<meta property=\"og:locale\" content=\"en_GB\" \/>\n<meta property=\"og:type\" content=\"article\" \/>\n<meta property=\"og:title\" content=\"Bluza Medyczna M\u0119ska BASIC COLLIN - ROSEWOOD\" \/>\n<meta property=\"og:description\" content=\"Bluza medyczna COLLIN z kolekcji Basic to propozycja dla m\u0119\u017cczyzn ceni\u0105cych klasyk\u0119 w nowoczesnym wydaniu. Model wyr\u00f3\u017cnia si\u0119 funkcjonalno\u015bci\u0105 \u2013 posiada trzy kieszenie, w tym jedn\u0105 z praktyczn\u0105 kieszeni\u0105 wewn\u0119trzn\u0105, zapewniaj\u0105c\u0105 dodatkowe miejsce na drobne akcesoria. Wysokiej jako\u015bci materia\u0142 zapewnia komfort noszenia, a ponadczasowy kr\u00f3j doskonale komponuje si\u0119 ze wszystkimi spodniami z kolekcji Basic, tworz\u0105c sp\u00f3jny i profesjonalny zestaw.\" \/>\n<meta property=\"og:url\" content=\"https:\/\/www.noshi.pl\/en\/product\/medical-sweatshirt-basic-collin-rosewood\/\" \/>\n<meta property=\"og:site_name\" content=\"Noshi - Odzie\u017c Medyczna\" \/>\n<meta property=\"article:publisher\" content=\"https:\/\/www.facebook.com\/NoshiPL\" \/>\n<meta property=\"article:modified_time\" content=\"2026-04-07T22:29:22+00:00\" \/>\n<meta property=\"og:image\" content=\"https:\/\/www.noshi.pl\/wp-content\/uploads\/2025\/04\/bluza-medyczna-meska-basic-collin-rosewood-1-scaled.jpg\" \/>\n\t<meta property=\"og:image:width\" content=\"1707\" \/>\n\t<meta property=\"og:image:height\" content=\"2560\" \/>\n\t<meta property=\"og:image:type\" content=\"image\/jpeg\" \/>\n<meta name=\"twitter:card\" content=\"summary_large_image\" \/>\n<meta name=\"twitter:label1\" content=\"Estimated reading time\" \/>\n\t<meta name=\"twitter:data1\" content=\"1 minute\" \/>\n<script type=\"application\/ld+json\" class=\"yoast-schema-graph\">{\"@context\":\"https:\\\/\\\/schema.org\",\"@graph\":[{\"@type\":\"WebPage\",\"@id\":\"https:\\\/\\\/www.noshi.pl\\\/produkt\\\/bluza-medyczna-meska-basic-collin-rosewood\\\/\",\"url\":\"https:\\\/\\\/www.noshi.pl\\\/produkt\\\/bluza-medyczna-meska-basic-collin-rosewood\\\/\",\"name\":\"Bluza Medyczna M\u0119ska BASIC COLLIN - ROSEWOOD | Noshi - Odzie\u017c Medyczna\",\"isPartOf\":{\"@id\":\"https:\\\/\\\/www.noshi.pl\\\/#website\"},\"primaryImageOfPage\":{\"@id\":\"https:\\\/\\\/www.noshi.pl\\\/produkt\\\/bluza-medyczna-meska-basic-collin-rosewood\\\/#primaryimage\"},\"image\":{\"@id\":\"https:\\\/\\\/www.noshi.pl\\\/produkt\\\/bluza-medyczna-meska-basic-collin-rosewood\\\/#primaryimage\"},\"thumbnailUrl\":\"https:\\\/\\\/www.noshi.pl\\\/wp-content\\\/uploads\\\/2025\\\/04\\\/bluza-medyczna-meska-basic-collin-rosewood-1-scaled.jpg\",\"datePublished\":\"2025-04-01T11:20:25+00:00\",\"dateModified\":\"2026-04-07T22:29:22+00:00\",\"breadcrumb\":{\"@id\":\"https:\\\/\\\/www.noshi.pl\\\/produkt\\\/bluza-medyczna-meska-basic-collin-rosewood\\\/#breadcrumb\"},\"inLanguage\":\"en-GB\",\"potentialAction\":[{\"@type\":\"ReadAction\",\"target\":[\"https:\\\/\\\/www.noshi.pl\\\/produkt\\\/bluza-medyczna-meska-basic-collin-rosewood\\\/\"]}]},{\"@type\":\"ImageObject\",\"inLanguage\":\"en-GB\",\"@id\":\"https:\\\/\\\/www.noshi.pl\\\/produkt\\\/bluza-medyczna-meska-basic-collin-rosewood\\\/#primaryimage\",\"url\":\"https:\\\/\\\/www.noshi.pl\\\/wp-content\\\/uploads\\\/2025\\\/04\\\/bluza-medyczna-meska-basic-collin-rosewood-1-scaled.jpg\",\"contentUrl\":\"https:\\\/\\\/www.noshi.pl\\\/wp-content\\\/uploads\\\/2025\\\/04\\\/bluza-medyczna-meska-basic-collin-rosewood-1-scaled.jpg\",\"width\":1707,\"height\":2560},{\"@type\":\"BreadcrumbList\",\"@id\":\"https:\\\/\\\/www.noshi.pl\\\/produkt\\\/bluza-medyczna-meska-basic-collin-rosewood\\\/#breadcrumb\",\"itemListElement\":[{\"@type\":\"ListItem\",\"position\":1,\"name\":\"Strona g\u0142\u00f3wna\",\"item\":\"https:\\\/\\\/www.noshi.pl\\\/\"},{\"@type\":\"ListItem\",\"position\":2,\"name\":\"Sklep\",\"item\":\"https:\\\/\\\/www.noshi.pl\\\/en\\\/sklep\\\/\"},{\"@type\":\"ListItem\",\"position\":3,\"name\":\"Bluza Medyczna M\u0119ska BASIC COLLIN &#8211; ROSEWOOD\"}]},{\"@type\":\"WebSite\",\"@id\":\"https:\\\/\\\/www.noshi.pl\\\/#website\",\"url\":\"https:\\\/\\\/www.noshi.pl\\\/\",\"name\":\"Noshi - Odzie\u017c Medyczna\",\"description\":\"\",\"publisher\":{\"@id\":\"https:\\\/\\\/www.noshi.pl\\\/#organization\"},\"potentialAction\":[{\"@type\":\"SearchAction\",\"target\":{\"@type\":\"EntryPoint\",\"urlTemplate\":\"https:\\\/\\\/www.noshi.pl\\\/?s={search_term_string}\"},\"query-input\":{\"@type\":\"PropertyValueSpecification\",\"valueRequired\":true,\"valueName\":\"search_term_string\"}}],\"inLanguage\":\"en-GB\"},{\"@type\":\"Organization\",\"@id\":\"https:\\\/\\\/www.noshi.pl\\\/#organization\",\"name\":\"NOSHI\",\"url\":\"https:\\\/\\\/www.noshi.pl\\\/\",\"logo\":{\"@type\":\"ImageObject\",\"inLanguage\":\"en-GB\",\"@id\":\"https:\\\/\\\/www.noshi.pl\\\/#\\\/schema\\\/logo\\\/image\\\/\",\"url\":\"https:\\\/\\\/www.noshi.pl\\\/wp-content\\\/uploads\\\/2021\\\/04\\\/plus-symbol-in-a-rounded-black-square-1.png\",\"contentUrl\":\"https:\\\/\\\/www.noshi.pl\\\/wp-content\\\/uploads\\\/2021\\\/04\\\/plus-symbol-in-a-rounded-black-square-1.png\",\"width\":512,\"height\":512,\"caption\":\"NOSHI\"},\"image\":{\"@id\":\"https:\\\/\\\/www.noshi.pl\\\/#\\\/schema\\\/logo\\\/image\\\/\"},\"sameAs\":[\"https:\\\/\\\/www.facebook.com\\\/NoshiPL\"]}]}<\/script>\n<!-- \/ Yoast SEO Premium plugin. -->","yoast_head_json":{"title":"Men's BASIC COLLIN Medical Blouse - ROSEWOOD | Noshi - Medical Clothing","robots":{"index":"index","follow":"follow","max-snippet":"max-snippet:-1","max-image-preview":"max-image-preview:large","max-video-preview":"max-video-preview:-1"},"canonical":"https:\/\/www.noshi.pl\/en\/product\/medical-sweatshirt-basic-collin-rosewood\/","og_locale":"en_GB","og_type":"article","og_title":"Bluza Medyczna M\u0119ska BASIC COLLIN - ROSEWOOD","og_description":"Bluza medyczna COLLIN z kolekcji Basic to propozycja dla m\u0119\u017cczyzn ceni\u0105cych klasyk\u0119 w nowoczesnym wydaniu. Model wyr\u00f3\u017cnia si\u0119 funkcjonalno\u015bci\u0105 \u2013 posiada trzy kieszenie, w tym jedn\u0105 z praktyczn\u0105 kieszeni\u0105 wewn\u0119trzn\u0105, zapewniaj\u0105c\u0105 dodatkowe miejsce na drobne akcesoria. Wysokiej jako\u015bci materia\u0142 zapewnia komfort noszenia, a ponadczasowy kr\u00f3j doskonale komponuje si\u0119 ze wszystkimi spodniami z kolekcji Basic, tworz\u0105c sp\u00f3jny i profesjonalny zestaw.","og_url":"https:\/\/www.noshi.pl\/en\/product\/medical-sweatshirt-basic-collin-rosewood\/","og_site_name":"Noshi - Odzie\u017c Medyczna","article_publisher":"https:\/\/www.facebook.com\/NoshiPL","article_modified_time":"2026-04-07T22:29:22+00:00","og_image":[{"width":1707,"height":2560,"url":"https:\/\/www.noshi.pl\/wp-content\/uploads\/2025\/04\/bluza-medyczna-meska-basic-collin-rosewood-1-scaled.jpg","type":"image\/jpeg"}],"twitter_card":"summary_large_image","twitter_misc":{"Estimated reading time":"1 minute"},"schema":{"@context":"https:\/\/schema.org","@graph":[{"@type":"WebPage","@id":"https:\/\/www.noshi.pl\/produkt\/bluza-medyczna-meska-basic-collin-rosewood\/","url":"https:\/\/www.noshi.pl\/produkt\/bluza-medyczna-meska-basic-collin-rosewood\/","name":"Men's BASIC COLLIN Medical Blouse - ROSEWOOD | Noshi - Medical Clothing","isPartOf":{"@id":"https:\/\/www.noshi.pl\/#website"},"primaryImageOfPage":{"@id":"https:\/\/www.noshi.pl\/produkt\/bluza-medyczna-meska-basic-collin-rosewood\/#primaryimage"},"image":{"@id":"https:\/\/www.noshi.pl\/produkt\/bluza-medyczna-meska-basic-collin-rosewood\/#primaryimage"},"thumbnailUrl":"https:\/\/www.noshi.pl\/wp-content\/uploads\/2025\/04\/bluza-medyczna-meska-basic-collin-rosewood-1-scaled.jpg","datePublished":"2025-04-01T11:20:25+00:00","dateModified":"2026-04-07T22:29:22+00:00","breadcrumb":{"@id":"https:\/\/www.noshi.pl\/produkt\/bluza-medyczna-meska-basic-collin-rosewood\/#breadcrumb"},"inLanguage":"en-GB","potentialAction":[{"@type":"ReadAction","target":["https:\/\/www.noshi.pl\/produkt\/bluza-medyczna-meska-basic-collin-rosewood\/"]}]},{"@type":"ImageObject","inLanguage":"en-GB","@id":"https:\/\/www.noshi.pl\/produkt\/bluza-medyczna-meska-basic-collin-rosewood\/#primaryimage","url":"https:\/\/www.noshi.pl\/wp-content\/uploads\/2025\/04\/bluza-medyczna-meska-basic-collin-rosewood-1-scaled.jpg","contentUrl":"https:\/\/www.noshi.pl\/wp-content\/uploads\/2025\/04\/bluza-medyczna-meska-basic-collin-rosewood-1-scaled.jpg","width":1707,"height":2560},{"@type":"BreadcrumbList","@id":"https:\/\/www.noshi.pl\/produkt\/bluza-medyczna-meska-basic-collin-rosewood\/#breadcrumb","itemListElement":[{"@type":"ListItem","position":1,"name":"Strona g\u0142\u00f3wna","item":"https:\/\/www.noshi.pl\/"},{"@type":"ListItem","position":2,"name":"Sklep","item":"https:\/\/www.noshi.pl\/en\/sklep\/"},{"@type":"ListItem","position":3,"name":"Bluza Medyczna M\u0119ska BASIC COLLIN &#8211; ROSEWOOD"}]},{"@type":"WebSite","@id":"https:\/\/www.noshi.pl\/#website","url":"https:\/\/www.noshi.pl\/","name":"Noshi - Medical clothing","description":"","publisher":{"@id":"https:\/\/www.noshi.pl\/#organization"},"potentialAction":[{"@type":"SearchAction","target":{"@type":"EntryPoint","urlTemplate":"https:\/\/www.noshi.pl\/?s={search_term_string}"},"query-input":{"@type":"PropertyValueSpecification","valueRequired":true,"valueName":"search_term_string"}}],"inLanguage":"en-GB"},{"@type":"Organization","@id":"https:\/\/www.noshi.pl\/#organization","name":"NOSHI","url":"https:\/\/www.noshi.pl\/","logo":{"@type":"ImageObject","inLanguage":"en-GB","@id":"https:\/\/www.noshi.pl\/#\/schema\/logo\/image\/","url":"https:\/\/www.noshi.pl\/wp-content\/uploads\/2021\/04\/plus-symbol-in-a-rounded-black-square-1.png","contentUrl":"https:\/\/www.noshi.pl\/wp-content\/uploads\/2021\/04\/plus-symbol-in-a-rounded-black-square-1.png","width":512,"height":512,"caption":"NOSHI"},"image":{"@id":"https:\/\/www.noshi.pl\/#\/schema\/logo\/image\/"},"sameAs":["https:\/\/www.facebook.com\/NoshiPL"]}]}},"_links":{"self":[{"href":"https:\/\/www.noshi.pl\/en\/wp-json\/wp\/v2\/product\/64296","targetHints":{"allow":["GET"]}}],"collection":[{"href":"https:\/\/www.noshi.pl\/en\/wp-json\/wp\/v2\/product"}],"about":[{"href":"https:\/\/www.noshi.pl\/en\/wp-json\/wp\/v2\/types\/product"}],"wp:featuredmedia":[{"embeddable":true,"href":"https:\/\/www.noshi.pl\/en\/wp-json\/wp\/v2\/media\/62508"}],"wp:attachment":[{"href":"https:\/\/www.noshi.pl\/en\/wp-json\/wp\/v2\/media?parent=64296"}],"wp:term":[{"taxonomy":"product_brand","embeddable":true,"href":"https:\/\/www.noshi.pl\/en\/wp-json\/wp\/v2\/product_brand?post=64296"},{"taxonomy":"product_cat","embeddable":true,"href":"https:\/\/www.noshi.pl\/en\/wp-json\/wp\/v2\/product_cat?post=64296"},{"taxonomy":"product_tag","embeddable":true,"href":"https:\/\/www.noshi.pl\/en\/wp-json\/wp\/v2\/product_tag?post=64296"}],"curies":[{"name":"wp","href":"https:\/\/api.w.org\/{rel}","templated":true}]}}