{"id":64315,"date":"2025-04-01T13:29:42","date_gmt":"2025-04-01T11:29:42","guid":{"rendered":"https:\/\/www.noshi.pl\/?post_type=product&#038;p=64315"},"modified":"2026-05-03T20:14:24","modified_gmt":"2026-05-03T18:14:24","slug":"fartuch-medyczny-damski-basic-praya-krotki-rekaw","status":"publish","type":"product","link":"https:\/\/www.noshi.pl\/en\/product\/ladies-medical-gown-basic-praya-short-sleeve\/","title":{"rendered":"Ladies' Medical Apron BASIC PRAYA - Short Sleeve"},"content":{"rendered":"<p class=\"\" data-start=\"282\" data-end=\"522\">Ladies' medical gown<strong data-start=\"282\" data-end=\"315\"> PRAYA<\/strong> from the BASIC collection is a must-have for women working in the medical and cosmetic professions. The short-sleeved model in classic white combines a professional look with maximum comfort. Great for doctors, nurses, dentists, cosmetologists, physiotherapists and medical and beauty students. Made of high quality fabric, resistant to frequent washing. Retains its freshness and aesthetic appearance for a long time. The fitted feminine cut ensures freedom of movement and an elegant look all day long. The button fastening and classic collar add a professional touch. Three functional pockets - one on the chest and two on the bottom - allow you to store your most necessary accessories, such as a pen, phone or stethoscope. The short sleeve increases comfort, especially in warmer conditions. It is the ideal choice for any woman looking for a practical and stylish apron that will work well in both healthcare facilities and cosmetology practices.<\/p>","protected":false},"excerpt":{"rendered":"<p class=\"Textbody\"><span class=\"StrongEmphasis\"><span style=\"font-weight: normal;\">Ladies' medical gown <strong>PRAYA<\/strong> The short-sleeved BASIC collection is the perfect combination of comfort and feminine cut. Made from durable, breathable fabric, it ensures comfort throughout the working day. The classic cut with collar, button fastening and three pockets will be perfect for the doctor's office, cosmetology or clinical classes.<\/span><\/span><b><\/b><\/p>","protected":false},"featured_media":62370,"template":"","meta":[],"product_brand":[],"product_cat":[40,17,90,87,72,74,73,71,75,76,78,77,86,93,81,82,91,88,95,92,85,96,89,94,84,83],"product_tag":[],"class_list":{"0":"post-64315","1":"product","2":"type-product","3":"status-publish","4":"has-post-thumbnail","6":"product_cat-fartuchy-medyczne-kobiety","7":"product_cat-kobiety","8":"product_cat-odziez-medyczna-bialystok","9":"product_cat-odziez-medyczna-bydgoszcz","10":"product_cat-odziez-medyczna-dla-fizjoterapeutow","11":"product_cat-odziez-medyczna-dla-kosmetyczek","12":"product_cat-odziez-medyczna-dla-lekarzy","13":"product_cat-odziez-medyczna-dla-pielegniarek","14":"product_cat-odziez-medyczna-dla-poloznych","15":"product_cat-odziez-medyczna-dla-stomatologow","16":"product_cat-odziez-medyczna-dla-studentow","17":"product_cat-odziez-medyczna-dla-weterynarzy","18":"product_cat-odziez-medyczna-gdansk","19":"product_cat-odziez-medyczna-katowice","20":"product_cat-odziez-medyczna-kielce","21":"product_cat-odziez-medyczna-krakow","22":"product_cat-odziez-medyczna-lodz","23":"product_cat-odziez-medyczna-lublin","24":"product_cat-odziez-medyczna-olsztyn","25":"product_cat-odziez-medyczna-opole","26":"product_cat-odziez-medyczna-poznan","27":"product_cat-odziez-medyczna-rzeszow","28":"product_cat-odziez-medyczna-szczecin","29":"product_cat-odziez-medyczna-torun","30":"product_cat-odziez-medyczna-warszawa","31":"product_cat-odziez-medyczna-wroclaw","33":"first","34":"instock","35":"taxable","36":"shipping-taxable","37":"purchasable","38":"product-type-variable"},"supplier_id":null,"supplier_sku":"","barcode":null,"atum_controlled":true,"out_stock_date":null,"out_stock_threshold":null,"inheritable":true,"inbound_stock":0,"stock_on_hold":2,"sold_today":0,"sales_last_days":2,"reserved_stock":0,"customer_returns":0,"warehouse_damage":0,"lost_in_post":0,"other_logs":0,"out_stock_days":0,"lost_sales":0,"has_location":false,"update_date":"2026-05-04T00:32:16","atum_locations":[],"atum_stock_status":"instock","restock_status":false,"low_stock_amount":"","sales_update_date":"2026-05-04T00:32:15","calc_backorders":null,"yoast_head":"<!-- This site is optimized with the Yoast SEO Premium plugin v23.1 (Yoast SEO v27.5) - https:\/\/yoast.com\/product\/yoast-seo-premium-wordpress\/ -->\n<title>Fartuch Medyczny Damski BASIC PRAYA - Kr\u00f3tki R\u0119kaw | Noshi - Odzie\u017c Medyczna<\/title>\n<meta name=\"robots\" content=\"index, follow, max-snippet:-1, max-image-preview:large, max-video-preview:-1\" \/>\n<link rel=\"canonical\" href=\"https:\/\/www.noshi.pl\/en\/product\/ladies-medical-gown-basic-praya-short-sleeve\/\" \/>\n<meta property=\"og:locale\" content=\"en_GB\" \/>\n<meta property=\"og:type\" content=\"article\" \/>\n<meta property=\"og:title\" content=\"Fartuch Medyczny Damski BASIC PRAYA - Kr\u00f3tki R\u0119kaw\" \/>\n<meta property=\"og:description\" content=\"Fartuch medyczny damski PRAYA z kr\u00f3tkim r\u0119kawem z kolekcji BASIC to idealne po\u0142\u0105czenie wygody i kobiecego kroju. Uszyty z trwa\u0142ej, przewiewnej tkaniny, zapewnia komfort przez ca\u0142y dzie\u0144 pracy. Klasyczny fason z ko\u0142nierzem, zapi\u0119ciem na guziki i trzema kieszeniami sprawdzi si\u0119 doskonale w gabinecie lekarskim, kosmetologicznym czy podczas zaj\u0119\u0107 klinicznych.\" \/>\n<meta property=\"og:url\" content=\"https:\/\/www.noshi.pl\/en\/product\/ladies-medical-gown-basic-praya-short-sleeve\/\" \/>\n<meta property=\"og:site_name\" content=\"Noshi - Odzie\u017c Medyczna\" \/>\n<meta property=\"article:publisher\" content=\"https:\/\/www.facebook.com\/NoshiPL\" \/>\n<meta property=\"article:modified_time\" content=\"2026-05-03T18:14:24+00:00\" \/>\n<meta property=\"og:image\" content=\"https:\/\/www.noshi.pl\/wp-content\/uploads\/2025\/04\/fartuch-medyczny-damski-basic-praya-krotki-rekaw-1-scaled.jpg\" \/>\n\t<meta property=\"og:image:width\" content=\"1707\" \/>\n\t<meta property=\"og:image:height\" content=\"2560\" \/>\n\t<meta property=\"og:image:type\" content=\"image\/jpeg\" \/>\n<meta name=\"twitter:card\" content=\"summary_large_image\" \/>\n<meta name=\"twitter:label1\" content=\"Estimated reading time\" \/>\n\t<meta name=\"twitter:data1\" content=\"2 minutes\" \/>\n<script type=\"application\/ld+json\" class=\"yoast-schema-graph\">{\"@context\":\"https:\\\/\\\/schema.org\",\"@graph\":[{\"@type\":\"WebPage\",\"@id\":\"https:\\\/\\\/www.noshi.pl\\\/produkt\\\/fartuch-medyczny-damski-basic-praya-krotki-rekaw\\\/\",\"url\":\"https:\\\/\\\/www.noshi.pl\\\/produkt\\\/fartuch-medyczny-damski-basic-praya-krotki-rekaw\\\/\",\"name\":\"Fartuch Medyczny Damski BASIC PRAYA - Kr\u00f3tki R\u0119kaw | Noshi - Odzie\u017c Medyczna\",\"isPartOf\":{\"@id\":\"https:\\\/\\\/www.noshi.pl\\\/#website\"},\"primaryImageOfPage\":{\"@id\":\"https:\\\/\\\/www.noshi.pl\\\/produkt\\\/fartuch-medyczny-damski-basic-praya-krotki-rekaw\\\/#primaryimage\"},\"image\":{\"@id\":\"https:\\\/\\\/www.noshi.pl\\\/produkt\\\/fartuch-medyczny-damski-basic-praya-krotki-rekaw\\\/#primaryimage\"},\"thumbnailUrl\":\"https:\\\/\\\/www.noshi.pl\\\/wp-content\\\/uploads\\\/2025\\\/04\\\/fartuch-medyczny-damski-basic-praya-krotki-rekaw-1-scaled.jpg\",\"datePublished\":\"2025-04-01T11:29:42+00:00\",\"dateModified\":\"2026-05-03T18:14:24+00:00\",\"breadcrumb\":{\"@id\":\"https:\\\/\\\/www.noshi.pl\\\/produkt\\\/fartuch-medyczny-damski-basic-praya-krotki-rekaw\\\/#breadcrumb\"},\"inLanguage\":\"en-GB\",\"potentialAction\":[{\"@type\":\"ReadAction\",\"target\":[\"https:\\\/\\\/www.noshi.pl\\\/produkt\\\/fartuch-medyczny-damski-basic-praya-krotki-rekaw\\\/\"]}]},{\"@type\":\"ImageObject\",\"inLanguage\":\"en-GB\",\"@id\":\"https:\\\/\\\/www.noshi.pl\\\/produkt\\\/fartuch-medyczny-damski-basic-praya-krotki-rekaw\\\/#primaryimage\",\"url\":\"https:\\\/\\\/www.noshi.pl\\\/wp-content\\\/uploads\\\/2025\\\/04\\\/fartuch-medyczny-damski-basic-praya-krotki-rekaw-1-scaled.jpg\",\"contentUrl\":\"https:\\\/\\\/www.noshi.pl\\\/wp-content\\\/uploads\\\/2025\\\/04\\\/fartuch-medyczny-damski-basic-praya-krotki-rekaw-1-scaled.jpg\",\"width\":1707,\"height\":2560},{\"@type\":\"BreadcrumbList\",\"@id\":\"https:\\\/\\\/www.noshi.pl\\\/produkt\\\/fartuch-medyczny-damski-basic-praya-krotki-rekaw\\\/#breadcrumb\",\"itemListElement\":[{\"@type\":\"ListItem\",\"position\":1,\"name\":\"Strona g\u0142\u00f3wna\",\"item\":\"https:\\\/\\\/www.noshi.pl\\\/\"},{\"@type\":\"ListItem\",\"position\":2,\"name\":\"Sklep\",\"item\":\"https:\\\/\\\/www.noshi.pl\\\/en\\\/sklep\\\/\"},{\"@type\":\"ListItem\",\"position\":3,\"name\":\"Fartuch Medyczny Damski BASIC PRAYA &#8211; Kr\u00f3tki R\u0119kaw\"}]},{\"@type\":\"WebSite\",\"@id\":\"https:\\\/\\\/www.noshi.pl\\\/#website\",\"url\":\"https:\\\/\\\/www.noshi.pl\\\/\",\"name\":\"Noshi - Odzie\u017c Medyczna\",\"description\":\"\",\"publisher\":{\"@id\":\"https:\\\/\\\/www.noshi.pl\\\/#organization\"},\"potentialAction\":[{\"@type\":\"SearchAction\",\"target\":{\"@type\":\"EntryPoint\",\"urlTemplate\":\"https:\\\/\\\/www.noshi.pl\\\/?s={search_term_string}\"},\"query-input\":{\"@type\":\"PropertyValueSpecification\",\"valueRequired\":true,\"valueName\":\"search_term_string\"}}],\"inLanguage\":\"en-GB\"},{\"@type\":\"Organization\",\"@id\":\"https:\\\/\\\/www.noshi.pl\\\/#organization\",\"name\":\"NOSHI\",\"url\":\"https:\\\/\\\/www.noshi.pl\\\/\",\"logo\":{\"@type\":\"ImageObject\",\"inLanguage\":\"en-GB\",\"@id\":\"https:\\\/\\\/www.noshi.pl\\\/#\\\/schema\\\/logo\\\/image\\\/\",\"url\":\"https:\\\/\\\/www.noshi.pl\\\/wp-content\\\/uploads\\\/2021\\\/04\\\/plus-symbol-in-a-rounded-black-square-1.png\",\"contentUrl\":\"https:\\\/\\\/www.noshi.pl\\\/wp-content\\\/uploads\\\/2021\\\/04\\\/plus-symbol-in-a-rounded-black-square-1.png\",\"width\":512,\"height\":512,\"caption\":\"NOSHI\"},\"image\":{\"@id\":\"https:\\\/\\\/www.noshi.pl\\\/#\\\/schema\\\/logo\\\/image\\\/\"},\"sameAs\":[\"https:\\\/\\\/www.facebook.com\\\/NoshiPL\"]}]}<\/script>\n<!-- \/ Yoast SEO Premium plugin. -->","yoast_head_json":{"title":"BASIC PRAYA Ladies' Medical Apron - Short Sleeve | Noshi - Medical Clothing","robots":{"index":"index","follow":"follow","max-snippet":"max-snippet:-1","max-image-preview":"max-image-preview:large","max-video-preview":"max-video-preview:-1"},"canonical":"https:\/\/www.noshi.pl\/en\/product\/ladies-medical-gown-basic-praya-short-sleeve\/","og_locale":"en_GB","og_type":"article","og_title":"Fartuch Medyczny Damski BASIC PRAYA - Kr\u00f3tki R\u0119kaw","og_description":"Fartuch medyczny damski PRAYA z kr\u00f3tkim r\u0119kawem z kolekcji BASIC to idealne po\u0142\u0105czenie wygody i kobiecego kroju. Uszyty z trwa\u0142ej, przewiewnej tkaniny, zapewnia komfort przez ca\u0142y dzie\u0144 pracy. Klasyczny fason z ko\u0142nierzem, zapi\u0119ciem na guziki i trzema kieszeniami sprawdzi si\u0119 doskonale w gabinecie lekarskim, kosmetologicznym czy podczas zaj\u0119\u0107 klinicznych.","og_url":"https:\/\/www.noshi.pl\/en\/product\/ladies-medical-gown-basic-praya-short-sleeve\/","og_site_name":"Noshi - Odzie\u017c Medyczna","article_publisher":"https:\/\/www.facebook.com\/NoshiPL","article_modified_time":"2026-05-03T18:14:24+00:00","og_image":[{"width":1707,"height":2560,"url":"https:\/\/www.noshi.pl\/wp-content\/uploads\/2025\/04\/fartuch-medyczny-damski-basic-praya-krotki-rekaw-1-scaled.jpg","type":"image\/jpeg"}],"twitter_card":"summary_large_image","twitter_misc":{"Estimated reading time":"2 minutes"},"schema":{"@context":"https:\/\/schema.org","@graph":[{"@type":"WebPage","@id":"https:\/\/www.noshi.pl\/produkt\/fartuch-medyczny-damski-basic-praya-krotki-rekaw\/","url":"https:\/\/www.noshi.pl\/produkt\/fartuch-medyczny-damski-basic-praya-krotki-rekaw\/","name":"BASIC PRAYA Ladies' Medical Apron - Short Sleeve | Noshi - Medical Clothing","isPartOf":{"@id":"https:\/\/www.noshi.pl\/#website"},"primaryImageOfPage":{"@id":"https:\/\/www.noshi.pl\/produkt\/fartuch-medyczny-damski-basic-praya-krotki-rekaw\/#primaryimage"},"image":{"@id":"https:\/\/www.noshi.pl\/produkt\/fartuch-medyczny-damski-basic-praya-krotki-rekaw\/#primaryimage"},"thumbnailUrl":"https:\/\/www.noshi.pl\/wp-content\/uploads\/2025\/04\/fartuch-medyczny-damski-basic-praya-krotki-rekaw-1-scaled.jpg","datePublished":"2025-04-01T11:29:42+00:00","dateModified":"2026-05-03T18:14:24+00:00","breadcrumb":{"@id":"https:\/\/www.noshi.pl\/produkt\/fartuch-medyczny-damski-basic-praya-krotki-rekaw\/#breadcrumb"},"inLanguage":"en-GB","potentialAction":[{"@type":"ReadAction","target":["https:\/\/www.noshi.pl\/produkt\/fartuch-medyczny-damski-basic-praya-krotki-rekaw\/"]}]},{"@type":"ImageObject","inLanguage":"en-GB","@id":"https:\/\/www.noshi.pl\/produkt\/fartuch-medyczny-damski-basic-praya-krotki-rekaw\/#primaryimage","url":"https:\/\/www.noshi.pl\/wp-content\/uploads\/2025\/04\/fartuch-medyczny-damski-basic-praya-krotki-rekaw-1-scaled.jpg","contentUrl":"https:\/\/www.noshi.pl\/wp-content\/uploads\/2025\/04\/fartuch-medyczny-damski-basic-praya-krotki-rekaw-1-scaled.jpg","width":1707,"height":2560},{"@type":"BreadcrumbList","@id":"https:\/\/www.noshi.pl\/produkt\/fartuch-medyczny-damski-basic-praya-krotki-rekaw\/#breadcrumb","itemListElement":[{"@type":"ListItem","position":1,"name":"Strona g\u0142\u00f3wna","item":"https:\/\/www.noshi.pl\/"},{"@type":"ListItem","position":2,"name":"Sklep","item":"https:\/\/www.noshi.pl\/en\/sklep\/"},{"@type":"ListItem","position":3,"name":"Fartuch Medyczny Damski BASIC PRAYA &#8211; Kr\u00f3tki R\u0119kaw"}]},{"@type":"WebSite","@id":"https:\/\/www.noshi.pl\/#website","url":"https:\/\/www.noshi.pl\/","name":"Noshi - Medical clothing","description":"","publisher":{"@id":"https:\/\/www.noshi.pl\/#organization"},"potentialAction":[{"@type":"SearchAction","target":{"@type":"EntryPoint","urlTemplate":"https:\/\/www.noshi.pl\/?s={search_term_string}"},"query-input":{"@type":"PropertyValueSpecification","valueRequired":true,"valueName":"search_term_string"}}],"inLanguage":"en-GB"},{"@type":"Organization","@id":"https:\/\/www.noshi.pl\/#organization","name":"NOSHI","url":"https:\/\/www.noshi.pl\/","logo":{"@type":"ImageObject","inLanguage":"en-GB","@id":"https:\/\/www.noshi.pl\/#\/schema\/logo\/image\/","url":"https:\/\/www.noshi.pl\/wp-content\/uploads\/2021\/04\/plus-symbol-in-a-rounded-black-square-1.png","contentUrl":"https:\/\/www.noshi.pl\/wp-content\/uploads\/2021\/04\/plus-symbol-in-a-rounded-black-square-1.png","width":512,"height":512,"caption":"NOSHI"},"image":{"@id":"https:\/\/www.noshi.pl\/#\/schema\/logo\/image\/"},"sameAs":["https:\/\/www.facebook.com\/NoshiPL"]}]}},"_links":{"self":[{"href":"https:\/\/www.noshi.pl\/en\/wp-json\/wp\/v2\/product\/64315","targetHints":{"allow":["GET"]}}],"collection":[{"href":"https:\/\/www.noshi.pl\/en\/wp-json\/wp\/v2\/product"}],"about":[{"href":"https:\/\/www.noshi.pl\/en\/wp-json\/wp\/v2\/types\/product"}],"wp:featuredmedia":[{"embeddable":true,"href":"https:\/\/www.noshi.pl\/en\/wp-json\/wp\/v2\/media\/62370"}],"wp:attachment":[{"href":"https:\/\/www.noshi.pl\/en\/wp-json\/wp\/v2\/media?parent=64315"}],"wp:term":[{"taxonomy":"product_brand","embeddable":true,"href":"https:\/\/www.noshi.pl\/en\/wp-json\/wp\/v2\/product_brand?post=64315"},{"taxonomy":"product_cat","embeddable":true,"href":"https:\/\/www.noshi.pl\/en\/wp-json\/wp\/v2\/product_cat?post=64315"},{"taxonomy":"product_tag","embeddable":true,"href":"https:\/\/www.noshi.pl\/en\/wp-json\/wp\/v2\/product_tag?post=64315"}],"curies":[{"name":"wp","href":"https:\/\/api.w.org\/{rel}","templated":true}]}}