{"id":64711,"date":"2025-05-07T09:55:48","date_gmt":"2025-05-07T07:55:48","guid":{"rendered":"https:\/\/www.noshi.pl\/?post_type=product&#038;p=64711"},"modified":"2025-12-11T11:32:31","modified_gmt":"2025-12-11T10:32:31","slug":"spodnie-medyczne-meskie-basic-slim-fit-sand-beige","status":"publish","type":"product","link":"https:\/\/www.noshi.pl\/en\/product\/mens-medical-trousers-basic-slim-fit-sand-beige-2\/","title":{"rendered":"Men's medical trousers BASIC SLIM FIT - SAND BEIGE"},"content":{"rendered":"<p class=\"\" data-start=\"367\" data-end=\"772\">Men's medical trousers<strong data-start=\"367\" data-end=\"403\"> SLIM FIT<\/strong> from the Basic collection in the colour <strong data-start=\"431\" data-end=\"445\">sand beige<\/strong> combine modern style with functionality. They are perfect for the daily work of medical staff. The slim fit fits well and emphasises the elegant look. At the same time, it allows freedom of movement. The elasticated waistband with a drawstring allows for a customised fit and increases the comfort of all-day wear. The trousers have side and back pockets for convenient storage of accessories. They are made of high-quality material that is pleasant to the touch, breathable and crease-resistant. This makes it easy to keep them in perfect condition. The sand beige colour adds a muted, professional touch to the overall look. It is the ideal choice for working in any medical facility.<\/p>","protected":false},"excerpt":{"rendered":"<p>Men's medical trousers <strong>SLIM FIT<\/strong> from the Basic collection is a combination of refined cut and superior functionality. The tapered leg and adjustable elasticated waistband guarantee a modern look and wearing comfort, while four practical pockets - two at the front and two at the back - provide space for all your essentials. Made from high-quality, breathable fabric with enhanced crease and fade resistance, they are perfect for everyday work and long hours of use.<\/p>","protected":false},"featured_media":62408,"template":"","meta":[],"product_brand":[],"product_cat":[103,18,90,87,72,73,76,78,77,86,93,81,82,91,88,95,92,85,96,89,94,84,83,106,105],"product_tag":[],"class_list":{"0":"post-64711","1":"product","2":"type-product","3":"status-publish","4":"has-post-thumbnail","6":"product_cat-kolekcja-basic-mezczyzni","7":"product_cat-mezczyzni","8":"product_cat-odziez-medyczna-bialystok","9":"product_cat-odziez-medyczna-bydgoszcz","10":"product_cat-odziez-medyczna-dla-fizjoterapeutow","11":"product_cat-odziez-medyczna-dla-lekarzy","12":"product_cat-odziez-medyczna-dla-stomatologow","13":"product_cat-odziez-medyczna-dla-studentow","14":"product_cat-odziez-medyczna-dla-weterynarzy","15":"product_cat-odziez-medyczna-gdansk","16":"product_cat-odziez-medyczna-katowice","17":"product_cat-odziez-medyczna-kielce","18":"product_cat-odziez-medyczna-krakow","19":"product_cat-odziez-medyczna-lodz","20":"product_cat-odziez-medyczna-lublin","21":"product_cat-odziez-medyczna-olsztyn","22":"product_cat-odziez-medyczna-opole","23":"product_cat-odziez-medyczna-poznan","24":"product_cat-odziez-medyczna-rzeszow","25":"product_cat-odziez-medyczna-szczecin","26":"product_cat-odziez-medyczna-torun","27":"product_cat-odziez-medyczna-warszawa","28":"product_cat-odziez-medyczna-wroclaw","29":"product_cat-scrubsy-medyczne-meskie-basic","30":"product_cat-spodnie-medyczne-meskie-basic","32":"first","33":"instock","34":"taxable","35":"shipping-taxable","36":"purchasable","37":"product-type-variable"},"supplier_id":null,"supplier_sku":"","barcode":null,"atum_controlled":true,"out_stock_date":null,"out_stock_threshold":null,"inheritable":true,"inbound_stock":0,"stock_on_hold":0,"sold_today":0,"sales_last_days":0,"reserved_stock":0,"customer_returns":0,"warehouse_damage":0,"lost_in_post":0,"other_logs":0,"out_stock_days":0,"lost_sales":0,"has_location":false,"update_date":"2026-04-17T00:10:38","atum_locations":[],"atum_stock_status":"instock","restock_status":false,"low_stock_amount":"","sales_update_date":"2026-04-17T00:10:38","calc_backorders":null,"yoast_head":"<!-- This site is optimized with the Yoast SEO Premium plugin v23.1 (Yoast SEO v27.3) - https:\/\/yoast.com\/product\/yoast-seo-premium-wordpress\/ -->\n<title>Spodnie Medyczne M\u0119skie BASIC SLIM FIT - SAND BEIGE | Noshi - Odzie\u017c Medyczna<\/title>\n<meta name=\"robots\" content=\"index, follow, max-snippet:-1, max-image-preview:large, max-video-preview:-1\" \/>\n<link rel=\"canonical\" href=\"https:\/\/www.noshi.pl\/en\/product\/mens-medical-trousers-basic-slim-fit-sand-beige-2\/\" \/>\n<meta property=\"og:locale\" content=\"en_GB\" \/>\n<meta property=\"og:type\" content=\"article\" \/>\n<meta property=\"og:title\" content=\"Spodnie Medyczne M\u0119skie BASIC SLIM FIT - SAND BEIGE\" \/>\n<meta property=\"og:description\" content=\"M\u0119skie spodnie medyczne SLIM FIT z kolekcji Basic to po\u0142\u0105czenie dopracowanego fasonu i najwy\u017cszej funkcjonalno\u015bci. Zw\u0119\u017cana nogawka i elastyczny pas z regulacj\u0105 gwarantuj\u0105 nowoczesny wygl\u0105d i komfort noszenia, a cztery praktyczne kieszenie \u2013 dwie z przodu i dwie z ty\u0142u \u2013 zapewniaj\u0105 miejsce na wszystkie niezb\u0119dne akcesoria. Wykonane z wysokiej jako\u015bci, oddychaj\u0105cego materia\u0142u o zwi\u0119kszonej odporno\u015bci na zagniecenia i mechacenie, doskonale sprawdz\u0105 si\u0119 w codziennej pracy i wielogodzinnym u\u017cytkowaniu.\" \/>\n<meta property=\"og:url\" content=\"https:\/\/www.noshi.pl\/en\/product\/mens-medical-trousers-basic-slim-fit-sand-beige-2\/\" \/>\n<meta property=\"og:site_name\" content=\"Noshi - Odzie\u017c Medyczna\" \/>\n<meta property=\"article:publisher\" content=\"https:\/\/www.facebook.com\/NoshiPL\" \/>\n<meta property=\"article:modified_time\" content=\"2025-12-11T10:32:31+00:00\" \/>\n<meta property=\"og:image\" content=\"https:\/\/www.noshi.pl\/wp-content\/uploads\/2025\/04\/spodnie-medyczne-meskie-basic-slim-fit-sand-beige-1-scaled.jpg\" \/>\n\t<meta property=\"og:image:width\" content=\"1706\" \/>\n\t<meta property=\"og:image:height\" content=\"2560\" \/>\n\t<meta property=\"og:image:type\" content=\"image\/jpeg\" \/>\n<meta name=\"twitter:card\" content=\"summary_large_image\" \/>\n<meta name=\"twitter:label1\" content=\"Estimated reading time\" \/>\n\t<meta name=\"twitter:data1\" content=\"1 minute\" \/>\n<script type=\"application\/ld+json\" class=\"yoast-schema-graph\">{\"@context\":\"https:\\\/\\\/schema.org\",\"@graph\":[{\"@type\":\"WebPage\",\"@id\":\"https:\\\/\\\/www.noshi.pl\\\/produkt\\\/spodnie-medyczne-meskie-basic-slim-fit-sand-beige\\\/\",\"url\":\"https:\\\/\\\/www.noshi.pl\\\/produkt\\\/spodnie-medyczne-meskie-basic-slim-fit-sand-beige\\\/\",\"name\":\"Spodnie Medyczne M\u0119skie BASIC SLIM FIT - SAND BEIGE | Noshi - Odzie\u017c Medyczna\",\"isPartOf\":{\"@id\":\"https:\\\/\\\/www.noshi.pl\\\/#website\"},\"primaryImageOfPage\":{\"@id\":\"https:\\\/\\\/www.noshi.pl\\\/produkt\\\/spodnie-medyczne-meskie-basic-slim-fit-sand-beige\\\/#primaryimage\"},\"image\":{\"@id\":\"https:\\\/\\\/www.noshi.pl\\\/produkt\\\/spodnie-medyczne-meskie-basic-slim-fit-sand-beige\\\/#primaryimage\"},\"thumbnailUrl\":\"https:\\\/\\\/www.noshi.pl\\\/wp-content\\\/uploads\\\/2025\\\/04\\\/spodnie-medyczne-meskie-basic-slim-fit-sand-beige-1-scaled.jpg\",\"datePublished\":\"2025-05-07T07:55:48+00:00\",\"dateModified\":\"2025-12-11T10:32:31+00:00\",\"breadcrumb\":{\"@id\":\"https:\\\/\\\/www.noshi.pl\\\/produkt\\\/spodnie-medyczne-meskie-basic-slim-fit-sand-beige\\\/#breadcrumb\"},\"inLanguage\":\"en-GB\",\"potentialAction\":[{\"@type\":\"ReadAction\",\"target\":[\"https:\\\/\\\/www.noshi.pl\\\/produkt\\\/spodnie-medyczne-meskie-basic-slim-fit-sand-beige\\\/\"]}]},{\"@type\":\"ImageObject\",\"inLanguage\":\"en-GB\",\"@id\":\"https:\\\/\\\/www.noshi.pl\\\/produkt\\\/spodnie-medyczne-meskie-basic-slim-fit-sand-beige\\\/#primaryimage\",\"url\":\"https:\\\/\\\/www.noshi.pl\\\/wp-content\\\/uploads\\\/2025\\\/04\\\/spodnie-medyczne-meskie-basic-slim-fit-sand-beige-1-scaled.jpg\",\"contentUrl\":\"https:\\\/\\\/www.noshi.pl\\\/wp-content\\\/uploads\\\/2025\\\/04\\\/spodnie-medyczne-meskie-basic-slim-fit-sand-beige-1-scaled.jpg\",\"width\":1706,\"height\":2560},{\"@type\":\"BreadcrumbList\",\"@id\":\"https:\\\/\\\/www.noshi.pl\\\/produkt\\\/spodnie-medyczne-meskie-basic-slim-fit-sand-beige\\\/#breadcrumb\",\"itemListElement\":[{\"@type\":\"ListItem\",\"position\":1,\"name\":\"Strona g\u0142\u00f3wna\",\"item\":\"https:\\\/\\\/www.noshi.pl\\\/\"},{\"@type\":\"ListItem\",\"position\":2,\"name\":\"Sklep\",\"item\":\"https:\\\/\\\/www.noshi.pl\\\/en\\\/sklep\\\/\"},{\"@type\":\"ListItem\",\"position\":3,\"name\":\"Spodnie Medyczne M\u0119skie BASIC SLIM FIT &#8211; SAND BEIGE\"}]},{\"@type\":\"WebSite\",\"@id\":\"https:\\\/\\\/www.noshi.pl\\\/#website\",\"url\":\"https:\\\/\\\/www.noshi.pl\\\/\",\"name\":\"Noshi - Odzie\u017c Medyczna\",\"description\":\"\",\"publisher\":{\"@id\":\"https:\\\/\\\/www.noshi.pl\\\/#organization\"},\"potentialAction\":[{\"@type\":\"SearchAction\",\"target\":{\"@type\":\"EntryPoint\",\"urlTemplate\":\"https:\\\/\\\/www.noshi.pl\\\/?s={search_term_string}\"},\"query-input\":{\"@type\":\"PropertyValueSpecification\",\"valueRequired\":true,\"valueName\":\"search_term_string\"}}],\"inLanguage\":\"en-GB\"},{\"@type\":\"Organization\",\"@id\":\"https:\\\/\\\/www.noshi.pl\\\/#organization\",\"name\":\"NOSHI\",\"url\":\"https:\\\/\\\/www.noshi.pl\\\/\",\"logo\":{\"@type\":\"ImageObject\",\"inLanguage\":\"en-GB\",\"@id\":\"https:\\\/\\\/www.noshi.pl\\\/#\\\/schema\\\/logo\\\/image\\\/\",\"url\":\"https:\\\/\\\/www.noshi.pl\\\/wp-content\\\/uploads\\\/2021\\\/04\\\/plus-symbol-in-a-rounded-black-square-1.png\",\"contentUrl\":\"https:\\\/\\\/www.noshi.pl\\\/wp-content\\\/uploads\\\/2021\\\/04\\\/plus-symbol-in-a-rounded-black-square-1.png\",\"width\":512,\"height\":512,\"caption\":\"NOSHI\"},\"image\":{\"@id\":\"https:\\\/\\\/www.noshi.pl\\\/#\\\/schema\\\/logo\\\/image\\\/\"},\"sameAs\":[\"https:\\\/\\\/www.facebook.com\\\/NoshiPL\"]}]}<\/script>\n<!-- \/ Yoast SEO Premium plugin. -->","yoast_head_json":{"title":"Men's medical trousers BASIC SLIM FIT - SAND BEIGE | Noshi - Medical clothing","robots":{"index":"index","follow":"follow","max-snippet":"max-snippet:-1","max-image-preview":"max-image-preview:large","max-video-preview":"max-video-preview:-1"},"canonical":"https:\/\/www.noshi.pl\/en\/product\/mens-medical-trousers-basic-slim-fit-sand-beige-2\/","og_locale":"en_GB","og_type":"article","og_title":"Spodnie Medyczne M\u0119skie BASIC SLIM FIT - SAND BEIGE","og_description":"M\u0119skie spodnie medyczne SLIM FIT z kolekcji Basic to po\u0142\u0105czenie dopracowanego fasonu i najwy\u017cszej funkcjonalno\u015bci. Zw\u0119\u017cana nogawka i elastyczny pas z regulacj\u0105 gwarantuj\u0105 nowoczesny wygl\u0105d i komfort noszenia, a cztery praktyczne kieszenie \u2013 dwie z przodu i dwie z ty\u0142u \u2013 zapewniaj\u0105 miejsce na wszystkie niezb\u0119dne akcesoria. Wykonane z wysokiej jako\u015bci, oddychaj\u0105cego materia\u0142u o zwi\u0119kszonej odporno\u015bci na zagniecenia i mechacenie, doskonale sprawdz\u0105 si\u0119 w codziennej pracy i wielogodzinnym u\u017cytkowaniu.","og_url":"https:\/\/www.noshi.pl\/en\/product\/mens-medical-trousers-basic-slim-fit-sand-beige-2\/","og_site_name":"Noshi - Odzie\u017c Medyczna","article_publisher":"https:\/\/www.facebook.com\/NoshiPL","article_modified_time":"2025-12-11T10:32:31+00:00","og_image":[{"width":1706,"height":2560,"url":"https:\/\/www.noshi.pl\/wp-content\/uploads\/2025\/04\/spodnie-medyczne-meskie-basic-slim-fit-sand-beige-1-scaled.jpg","type":"image\/jpeg"}],"twitter_card":"summary_large_image","twitter_misc":{"Estimated reading time":"1 minute"},"schema":{"@context":"https:\/\/schema.org","@graph":[{"@type":"WebPage","@id":"https:\/\/www.noshi.pl\/produkt\/spodnie-medyczne-meskie-basic-slim-fit-sand-beige\/","url":"https:\/\/www.noshi.pl\/produkt\/spodnie-medyczne-meskie-basic-slim-fit-sand-beige\/","name":"Men's medical trousers BASIC SLIM FIT - SAND BEIGE | Noshi - Medical clothing","isPartOf":{"@id":"https:\/\/www.noshi.pl\/#website"},"primaryImageOfPage":{"@id":"https:\/\/www.noshi.pl\/produkt\/spodnie-medyczne-meskie-basic-slim-fit-sand-beige\/#primaryimage"},"image":{"@id":"https:\/\/www.noshi.pl\/produkt\/spodnie-medyczne-meskie-basic-slim-fit-sand-beige\/#primaryimage"},"thumbnailUrl":"https:\/\/www.noshi.pl\/wp-content\/uploads\/2025\/04\/spodnie-medyczne-meskie-basic-slim-fit-sand-beige-1-scaled.jpg","datePublished":"2025-05-07T07:55:48+00:00","dateModified":"2025-12-11T10:32:31+00:00","breadcrumb":{"@id":"https:\/\/www.noshi.pl\/produkt\/spodnie-medyczne-meskie-basic-slim-fit-sand-beige\/#breadcrumb"},"inLanguage":"en-GB","potentialAction":[{"@type":"ReadAction","target":["https:\/\/www.noshi.pl\/produkt\/spodnie-medyczne-meskie-basic-slim-fit-sand-beige\/"]}]},{"@type":"ImageObject","inLanguage":"en-GB","@id":"https:\/\/www.noshi.pl\/produkt\/spodnie-medyczne-meskie-basic-slim-fit-sand-beige\/#primaryimage","url":"https:\/\/www.noshi.pl\/wp-content\/uploads\/2025\/04\/spodnie-medyczne-meskie-basic-slim-fit-sand-beige-1-scaled.jpg","contentUrl":"https:\/\/www.noshi.pl\/wp-content\/uploads\/2025\/04\/spodnie-medyczne-meskie-basic-slim-fit-sand-beige-1-scaled.jpg","width":1706,"height":2560},{"@type":"BreadcrumbList","@id":"https:\/\/www.noshi.pl\/produkt\/spodnie-medyczne-meskie-basic-slim-fit-sand-beige\/#breadcrumb","itemListElement":[{"@type":"ListItem","position":1,"name":"Strona g\u0142\u00f3wna","item":"https:\/\/www.noshi.pl\/"},{"@type":"ListItem","position":2,"name":"Sklep","item":"https:\/\/www.noshi.pl\/en\/sklep\/"},{"@type":"ListItem","position":3,"name":"Spodnie Medyczne M\u0119skie BASIC SLIM FIT &#8211; SAND BEIGE"}]},{"@type":"WebSite","@id":"https:\/\/www.noshi.pl\/#website","url":"https:\/\/www.noshi.pl\/","name":"Noshi - Medical clothing","description":"","publisher":{"@id":"https:\/\/www.noshi.pl\/#organization"},"potentialAction":[{"@type":"SearchAction","target":{"@type":"EntryPoint","urlTemplate":"https:\/\/www.noshi.pl\/?s={search_term_string}"},"query-input":{"@type":"PropertyValueSpecification","valueRequired":true,"valueName":"search_term_string"}}],"inLanguage":"en-GB"},{"@type":"Organization","@id":"https:\/\/www.noshi.pl\/#organization","name":"NOSHI","url":"https:\/\/www.noshi.pl\/","logo":{"@type":"ImageObject","inLanguage":"en-GB","@id":"https:\/\/www.noshi.pl\/#\/schema\/logo\/image\/","url":"https:\/\/www.noshi.pl\/wp-content\/uploads\/2021\/04\/plus-symbol-in-a-rounded-black-square-1.png","contentUrl":"https:\/\/www.noshi.pl\/wp-content\/uploads\/2021\/04\/plus-symbol-in-a-rounded-black-square-1.png","width":512,"height":512,"caption":"NOSHI"},"image":{"@id":"https:\/\/www.noshi.pl\/#\/schema\/logo\/image\/"},"sameAs":["https:\/\/www.facebook.com\/NoshiPL"]}]}},"_links":{"self":[{"href":"https:\/\/www.noshi.pl\/en\/wp-json\/wp\/v2\/product\/64711","targetHints":{"allow":["GET"]}}],"collection":[{"href":"https:\/\/www.noshi.pl\/en\/wp-json\/wp\/v2\/product"}],"about":[{"href":"https:\/\/www.noshi.pl\/en\/wp-json\/wp\/v2\/types\/product"}],"wp:featuredmedia":[{"embeddable":true,"href":"https:\/\/www.noshi.pl\/en\/wp-json\/wp\/v2\/media\/62408"}],"wp:attachment":[{"href":"https:\/\/www.noshi.pl\/en\/wp-json\/wp\/v2\/media?parent=64711"}],"wp:term":[{"taxonomy":"product_brand","embeddable":true,"href":"https:\/\/www.noshi.pl\/en\/wp-json\/wp\/v2\/product_brand?post=64711"},{"taxonomy":"product_cat","embeddable":true,"href":"https:\/\/www.noshi.pl\/en\/wp-json\/wp\/v2\/product_cat?post=64711"},{"taxonomy":"product_tag","embeddable":true,"href":"https:\/\/www.noshi.pl\/en\/wp-json\/wp\/v2\/product_tag?post=64711"}],"curies":[{"name":"wp","href":"https:\/\/api.w.org\/{rel}","templated":true}]}}